{"id":183887,"date":"2022-10-20T04:13:52","date_gmt":"2022-10-20T02:13:52","guid":{"rendered":"http:\/\/dev.claret.cat\/producte\/el-caso-malaussene-vol-1-me-mintieron\/"},"modified":"2023-01-28T21:36:46","modified_gmt":"2023-01-28T20:36:46","slug":"el-caso-malaussene-vol-1-me-mintieron-9788439734130","status":"publish","type":"product","link":"https:\/\/www.claret.cat\/es\/libro\/el-caso-malaussene-vol-1-me-mintieron-9788439734130\/","title":{"rendered":"EL CASO MALAUSS\u00c8NE (VOL. 1: ME MINTIERON)"},"content":{"rendered":"<p>Despu\u00e9s de casi dos d\u00e9cadas, regresa Benjamin Malauss\u00e8ne, el carism\u00e1tico h\u00e9roe de Daniel Pennac. A pesar de haber envejecido, este esc\u00e9ptico y bonach\u00f3n alter ego del autor se encuentra en plenitud de facultades y vuelve bien arropado por los c\u00e9lebres miembros de su estramb\u00f3tica \u00abtribu\u00bb, as\u00ed como por un nuevo coro de personajes que se incorporan a la legendaria saga. La noticia del secuestro de un empresario llamado George Lapiet\u00e1 incendia las redes sociales y deja desconsolada a su explosiva viuda. Este suceso es el punto de partida de una rocambolesca investigaci\u00f3n policial que sirve de excusa para una alocada s\u00e1tira social y pol\u00edtica. Pennac evidencia los males y las paradojas de un mundo en el que la polic\u00eda y la justicia, que deber\u00edan ir de la mano, se obstaculizan constantemente, o en el que una sabia editora ha de proteger a un pol\u00e9mico escritor que defiende a ultranza \u00abla verdad verdadera\u00bb, en un tiempo regido por la corrupci\u00f3n, la mentira y el doble juego. El caso Malauss\u00e8ne es, como bien dice L&#8217;Obs, \u00abuna arma de destrucci\u00f3n c\u00f3mica contra la estupidez y el individualismo\u00bb, que llega para desafiar, deleitar y hacer re\u00edr a una nueva generaci\u00f3n de lectores y a los ya incondicionales admiradores del que es sin duda uno de los m\u00e1s grandes escritores contempor\u00e1neos de las letras francesas y europeas.<\/p>\n","protected":false},"excerpt":{"rendered":"<p>PENNAC, DANIEL<\/p>\n","protected":false},"featured_media":183888,"template":"","meta":{"_acf_changed":false,"om_disable_all_campaigns":false,"rs_blank_template":"","rs_page_bg_color":"","slide_template_v7":"","inline_featured_image":false,"_monsterinsights_skip_tracking":false,"_monsterinsights_sitenote_active":false,"_monsterinsights_sitenote_note":"","_monsterinsights_sitenote_category":0},"product_brand":[],"product_cat":[87],"product_tag":[],"class_list":{"0":"post-183887","1":"product","2":"type-product","3":"status-publish","4":"has-post-thumbnail","6":"product_cat-literatura","8":"first","9":"instock","10":"taxable","11":"shipping-taxable","12":"purchasable","13":"product-type-simple"},"acf":{"autor":"PENNAC, DANIEL","codart":"843973413","libros-coleccion":"Literatura Random House","ediciones":"1","encuadernacion":"R\u00fastica","fecha_de_publicacion":"01\/05\/2018","novedad":"1","paginas":"272","subtitulo":"","orden":"0","portada":"0","idioma":"spa","editorial":[{"ID":6290,"post_author":"3","post_date":"2022-07-28 17:49:01","post_date_gmt":"2022-07-28 15:49:01","post_content":"","post_title":"LITERATURA RANDOM HOUSE","post_excerpt":"","post_status":"publish","comment_status":"closed","ping_status":"closed","post_password":"","post_name":"literatura-random-house","to_ping":"","pinged":"","post_modified":"2022-07-28 17:49:01","post_modified_gmt":"2022-07-28 15:49:01","post_content_filtered":"","post_parent":0,"guid":"http:\/\/dev.claret.cat\/editorial\/literatura-random-house\/","menu_order":0,"post_type":"editorial","post_mime_type":"","comment_count":"0","filter":"raw"}],"autores-libros":[{"ID":153626,"post_author":"3","post_date":"2022-10-14 14:58:14","post_date_gmt":"2022-10-14 12:58:14","post_content":"","post_title":"DANIEL PENNAC","post_excerpt":"","post_status":"publish","comment_status":"closed","ping_status":"closed","post_password":"","post_name":"daniel-pennac","to_ping":"","pinged":"","post_modified":"2022-10-14 14:58:14","post_modified_gmt":"2022-10-14 12:58:14","post_content_filtered":"","post_parent":0,"guid":"http:\/\/dev.claret.cat\/autor\/daniel-pennac\/","menu_order":0,"post_type":"autor","post_mime_type":"","comment_count":"0","filter":"raw"}]},"aioseo_notices":[],"_links":{"self":[{"href":"https:\/\/www.claret.cat\/es\/wp-json\/wp\/v2\/product\/183887","targetHints":{"allow":["GET"]}}],"collection":[{"href":"https:\/\/www.claret.cat\/es\/wp-json\/wp\/v2\/product"}],"about":[{"href":"https:\/\/www.claret.cat\/es\/wp-json\/wp\/v2\/types\/product"}],"wp:featuredmedia":[{"embeddable":true,"href":"https:\/\/www.claret.cat\/es\/wp-json\/wp\/v2\/media\/183888"}],"wp:attachment":[{"href":"https:\/\/www.claret.cat\/es\/wp-json\/wp\/v2\/media?parent=183887"}],"wp:term":[{"taxonomy":"product_brand","embeddable":true,"href":"https:\/\/www.claret.cat\/es\/wp-json\/wp\/v2\/product_brand?post=183887"},{"taxonomy":"product_cat","embeddable":true,"href":"https:\/\/www.claret.cat\/es\/wp-json\/wp\/v2\/product_cat?post=183887"},{"taxonomy":"product_tag","embeddable":true,"href":"https:\/\/www.claret.cat\/es\/wp-json\/wp\/v2\/product_tag?post=183887"}],"curies":[{"name":"wp","href":"https:\/\/api.w.org\/{rel}","templated":true}]}}