{"id":184021,"date":"2022-10-20T04:16:13","date_gmt":"2022-10-20T02:16:13","guid":{"rendered":"http:\/\/dev.claret.cat\/producte\/mi-cuaderno-montessori-4\/"},"modified":"2025-07-09T13:50:49","modified_gmt":"2025-07-09T11:50:49","slug":"mi-cuaderno-montessori-4-9788408155003","status":"publish","type":"product","link":"https:\/\/www.claret.cat\/es\/libro\/mi-cuaderno-montessori-4-9788408155003\/","title":{"rendered":"MI CUADERNO MONTESSORI +4"},"content":{"rendered":"<p>Actividades t\u00e1ctiles, visuales y sonoras basadas en la pedagog\u00eda Montessori que invitan a los ni\u00f1os a descubrir las letras, los n\u00fameros y el mundo que les rodea. Encontrar\u00e9is recomendaciones para ayudar a respetar el ritmo y la capacidad de concentraci\u00f3n de cada ni\u00f1o, favoreciendo su aprendizaje.<\/p>\n","protected":false},"excerpt":{"rendered":"<p>KIRCHNER, MARIE \/ MAUBERT, NICOLE<\/p>\n","protected":false},"featured_media":1021129,"template":"","meta":{"_acf_changed":false,"om_disable_all_campaigns":false,"rs_blank_template":"","rs_page_bg_color":"","slide_template_v7":"","inline_featured_image":false,"_monsterinsights_skip_tracking":false,"_monsterinsights_sitenote_active":false,"_monsterinsights_sitenote_note":"","_monsterinsights_sitenote_category":0},"product_brand":[],"product_cat":[333,122],"product_tag":[],"class_list":{"0":"post-184021","1":"product","2":"type-product","3":"status-publish","4":"has-post-thumbnail","6":"product_cat-cuadernos-de-vacaciones","7":"product_cat-quaderns-de-vacances","9":"first","10":"instock","11":"taxable","12":"shipping-taxable","13":"purchasable","14":"product-type-simple"},"acf":{"autor":"KIRCHNER, MARIE \/ MAUBERT, NICOLE","codart":"840815500","libros-coleccion":"Montessori","ediciones":"1","encuadernacion":"R\u00fastica","fecha_de_publicacion":"01\/05\/2018","novedad":"1","paginas":"47","subtitulo":"","orden":"0","portada":"0","idioma":"spa","editorial":[{"ID":6377,"post_author":"3","post_date":"2022-07-28 17:50:53","post_date_gmt":"2022-07-28 15:50:53","post_content":"","post_title":"Timun Mas CAT","post_excerpt":"","post_status":"publish","comment_status":"closed","ping_status":"closed","post_password":"","post_name":"timun-mas-cat","to_ping":"","pinged":"","post_modified":"2022-07-28 17:50:53","post_modified_gmt":"2022-07-28 15:50:53","post_content_filtered":"","post_parent":0,"guid":"http:\/\/dev.claret.cat\/editorial\/timun-mas-cat\/","menu_order":0,"post_type":"editorial","post_mime_type":"","comment_count":"0","filter":"raw"}],"booktrailer":"","resenas":"","autores-libros":[{"ID":426230,"post_author":"3","post_date":"2023-05-16 08:40:19","post_date_gmt":"2023-05-16 06:40:19","post_content":"","post_title":"MARIE KIRCHNER","post_excerpt":"","post_status":"publish","comment_status":"closed","ping_status":"closed","post_password":"","post_name":"marie-kirchner","to_ping":"","pinged":"","post_modified":"2023-05-16 08:40:19","post_modified_gmt":"2023-05-16 06:40:19","post_content_filtered":"","post_parent":0,"guid":"https:\/\/www.claret.cat\/autor\/marie-kirchner\/","menu_order":0,"post_type":"autor","post_mime_type":"","comment_count":"0","filter":"raw"},{"ID":285700,"post_author":"3","post_date":"2022-12-10 03:25:07","post_date_gmt":"2022-12-10 02:25:07","post_content":"","post_title":"NICOLE MAUBERT","post_excerpt":"","post_status":"publish","comment_status":"closed","ping_status":"closed","post_password":"","post_name":"nicole-maubert","to_ping":"","pinged":"","post_modified":"2022-12-10 03:25:07","post_modified_gmt":"2022-12-10 02:25:07","post_content_filtered":"","post_parent":0,"guid":"http:\/\/dev.claret.cat\/autor\/nicole-maubert\/","menu_order":0,"post_type":"autor","post_mime_type":"","comment_count":"0","filter":"raw"}]},"aioseo_notices":[],"_links":{"self":[{"href":"https:\/\/www.claret.cat\/es\/wp-json\/wp\/v2\/product\/184021","targetHints":{"allow":["GET"]}}],"collection":[{"href":"https:\/\/www.claret.cat\/es\/wp-json\/wp\/v2\/product"}],"about":[{"href":"https:\/\/www.claret.cat\/es\/wp-json\/wp\/v2\/types\/product"}],"wp:featuredmedia":[{"embeddable":true,"href":"https:\/\/www.claret.cat\/es\/wp-json\/wp\/v2\/media\/1021129"}],"wp:attachment":[{"href":"https:\/\/www.claret.cat\/es\/wp-json\/wp\/v2\/media?parent=184021"}],"wp:term":[{"taxonomy":"product_brand","embeddable":true,"href":"https:\/\/www.claret.cat\/es\/wp-json\/wp\/v2\/product_brand?post=184021"},{"taxonomy":"product_cat","embeddable":true,"href":"https:\/\/www.claret.cat\/es\/wp-json\/wp\/v2\/product_cat?post=184021"},{"taxonomy":"product_tag","embeddable":true,"href":"https:\/\/www.claret.cat\/es\/wp-json\/wp\/v2\/product_tag?post=184021"}],"curies":[{"name":"wp","href":"https:\/\/api.w.org\/{rel}","templated":true}]}}