{"id":184045,"date":"2022-10-20T04:16:42","date_gmt":"2022-10-20T02:16:42","guid":{"rendered":"http:\/\/dev.claret.cat\/producte\/el-cas-malaussene-1-em-van-mentir\/"},"modified":"2024-02-05T14:31:15","modified_gmt":"2024-02-05T13:31:15","slug":"el-cas-malaussene-1-em-van-mentir-9788417016487","status":"publish","type":"product","link":"https:\/\/www.claret.cat\/es\/libro\/el-cas-malaussene-1-em-van-mentir-9788417016487\/","title":{"rendered":"EL CAS MALAUSS\u00c8NE. 1. EM VAN MENTIR"},"content":{"rendered":"<p>Benjamin Malauss\u00e8ne, convertit en guarda de seguretat d&#8217;una editorial, est\u00e0 passant una temporada allunyat de Par\u00eds per ajudar a protegir Alceste, l&#8217;autor d&#8217;un best-seller amena\u00e7at de mort pels seus propis familiars.<br \/>Mentrestant, els joves de la tribu Malauss\u00e8ne passen l&#8217;estiu dispersats pel m\u00f3n ajudant diferents ONG.<br \/>A Par\u00eds, un important empresari corrupte ha estat segrestat, i la jutgessa Talvern, germana petita de Benjamin, \u00e9s l&#8217;encarregada de la instrucci\u00f3 del cas, que es complicar\u00e0 de mala manera a mesura que avancin els esdeveniments.<br \/>Pennac torna amb una com\u00e8dia coral a l&#8217;estil de Moli\u00e8re per\u00f2 amb trets i ritme de thriller, farcida de fets estramb\u00f2tics que flueixen en cascada i amb els girs tan ben posats que el lector no pot parar de llegir.<\/p>\n","protected":false},"excerpt":{"rendered":"<p>PENNAC, DANIEL<\/p>\n","protected":false},"featured_media":184046,"template":"","meta":{"_acf_changed":false,"om_disable_all_campaigns":false,"rs_blank_template":"","rs_page_bg_color":"","slide_template_v7":"","inline_featured_image":false,"_monsterinsights_skip_tracking":false,"_monsterinsights_sitenote_active":false,"_monsterinsights_sitenote_note":"","_monsterinsights_sitenote_category":0},"product_brand":[],"product_cat":[87,353],"product_tag":[],"class_list":{"0":"post-184045","1":"product","2":"type-product","3":"status-publish","4":"has-post-thumbnail","6":"product_cat-literatura","7":"product_cat-literatura-2_humanidades","9":"first","10":"instock","11":"taxable","12":"shipping-taxable","13":"purchasable","14":"product-type-simple"},"acf":{"autor":"PENNAC, DANIEL","codart":"841701648","libros-coleccion":"EMP\u00daRIES NARRATIVA","ediciones":"1","encuadernacion":"R\u00fastica","fecha_de_publicacion":"01\/05\/2018","novedad":"1","paginas":"317","subtitulo":"","orden":"0","portada":"0","idioma":"cat","editorial":[{"ID":6223,"post_author":"3","post_date":"2022-07-28 17:47:32","post_date_gmt":"2022-07-28 15:47:32","post_content":"","post_title":"EDITORIAL EMP\u00daRIES","post_excerpt":"","post_status":"publish","comment_status":"closed","ping_status":"closed","post_password":"","post_name":"editorial-empuries","to_ping":"","pinged":"","post_modified":"2022-07-28 17:47:32","post_modified_gmt":"2022-07-28 15:47:32","post_content_filtered":"","post_parent":0,"guid":"http:\/\/dev.claret.cat\/editorial\/editorial-empuries\/","menu_order":0,"post_type":"editorial","post_mime_type":"","comment_count":"0","filter":"raw"}],"autores-libros":[{"ID":153626,"post_author":"3","post_date":"2022-10-14 14:58:14","post_date_gmt":"2022-10-14 12:58:14","post_content":"","post_title":"DANIEL PENNAC","post_excerpt":"","post_status":"publish","comment_status":"closed","ping_status":"closed","post_password":"","post_name":"daniel-pennac","to_ping":"","pinged":"","post_modified":"2022-10-14 14:58:14","post_modified_gmt":"2022-10-14 12:58:14","post_content_filtered":"","post_parent":0,"guid":"http:\/\/dev.claret.cat\/autor\/daniel-pennac\/","menu_order":0,"post_type":"autor","post_mime_type":"","comment_count":"0","filter":"raw"}]},"aioseo_notices":[],"_links":{"self":[{"href":"https:\/\/www.claret.cat\/es\/wp-json\/wp\/v2\/product\/184045","targetHints":{"allow":["GET"]}}],"collection":[{"href":"https:\/\/www.claret.cat\/es\/wp-json\/wp\/v2\/product"}],"about":[{"href":"https:\/\/www.claret.cat\/es\/wp-json\/wp\/v2\/types\/product"}],"wp:featuredmedia":[{"embeddable":true,"href":"https:\/\/www.claret.cat\/es\/wp-json\/wp\/v2\/media\/184046"}],"wp:attachment":[{"href":"https:\/\/www.claret.cat\/es\/wp-json\/wp\/v2\/media?parent=184045"}],"wp:term":[{"taxonomy":"product_brand","embeddable":true,"href":"https:\/\/www.claret.cat\/es\/wp-json\/wp\/v2\/product_brand?post=184045"},{"taxonomy":"product_cat","embeddable":true,"href":"https:\/\/www.claret.cat\/es\/wp-json\/wp\/v2\/product_cat?post=184045"},{"taxonomy":"product_tag","embeddable":true,"href":"https:\/\/www.claret.cat\/es\/wp-json\/wp\/v2\/product_tag?post=184045"}],"curies":[{"name":"wp","href":"https:\/\/api.w.org\/{rel}","templated":true}]}}