{"id":184108,"date":"2022-10-20T04:17:49","date_gmt":"2022-10-20T02:17:49","guid":{"rendered":"http:\/\/dev.claret.cat\/producte\/gran-libro-de-cocina\/"},"modified":"2024-05-24T00:02:53","modified_gmt":"2024-05-23T22:02:53","slug":"gran-libro-de-cocina-9788446023302","status":"publish","type":"product","link":"https:\/\/www.claret.cat\/es\/libro\/gran-libro-de-cocina-9788446023302\/","title":{"rendered":"GRAN LIBRO DE COCINA"},"content":{"rendered":"<p>&#8211; 500 recetas de cocina de todas las tradiciones culturales, sencillamente explicadas.<br \/>&#8211; Cuidadas fotograf\u00edas de los platos.<br \/>&#8211; Los secretos de las recetas de 40 reputados chefs de la escuela de Alain Ducasse<br \/>Esta obra es una invitaci\u00f3n a dar la vuelta al mundo a trav\u00e9s de las recetas creadas en los restaurantes de Alain Ducasse: del establecimiento de alta cocina al bistrot, pasando por el mestizaje de productos de los restaurantes Spoon, las recetas de las posadas del sur de Francia, sin olvidar las de su panader\u00eda-tienda de comestibles\u2026<br \/>Alain Ducasse, como si fuera un explorador, se interesa por todas las cocinas, por todos los amantes del buen comer, desde las nuevas generaciones a los gastr\u00f3nomos m\u00e1s experimentados.<br \/>M\u00e1s de 40 chefs han intervenido en la elaboraci\u00f3n de este repertorio culinario contempor\u00e1neo. Todos ellos reivindican su pertenencia a la \u00abGeneraci\u00f3n Ducasse\u00bb: un formidable entramado de cocineros de todo el mundo (M\u00f3naco, Par\u00eds, Tokio, Hong Kong, Las Vegas, Londres, Nueva York\u2026) que saben bien que \u00abla cocina es un 60 por 100 el producto y un 40 por 100 la t\u00e9cnica\u00bb.<br \/>Sencillas o m\u00e1s elaboradas, las 500 recetas de este libro se agrupan en seis temas principales: Pescados, Carnes, Huevos, Vegetales, Cereales y farin\u00e1ceas y Postres. D\u00e9jese sorprender, dentro de cada uno de estos apartados, por las variaciones culturales que se pueden dar en torno a un mismo producto.<br \/>La delicada est\u00e9tica de las fotograf\u00edas de Thomas Duval sublima las recetas, incitando al lector a un viaje sensorial a lo m\u00e1s profundo de los sabores, de los colores y de los olores.<br \/>Gran Libro de Cocina. La vuelta al mundo, nueva entrega de la colecci\u00f3n \u00abGran Libro de Cocina de Alain Ducasse\u00bb, constituye un trabajo de memoria colectiva y una fuente de inspiraci\u00f3n inapreciable, tanto para los profesionales como para los aut\u00e9nticos amantes de la gastronom\u00eda.<\/p>\n","protected":false},"excerpt":{"rendered":"<p>DUCASSE, ALAIN<\/p>\n","protected":false},"featured_media":347714,"template":"","meta":{"_acf_changed":false,"om_disable_all_campaigns":false,"rs_blank_template":"","rs_page_bg_color":"","slide_template_v7":"","inline_featured_image":false,"_monsterinsights_skip_tracking":false,"_monsterinsights_sitenote_active":false,"_monsterinsights_sitenote_note":"","_monsterinsights_sitenote_category":0},"product_brand":[],"product_cat":[553,103,105,555],"product_tag":[],"class_list":{"0":"post-184108","1":"product","2":"type-product","3":"status-publish","4":"has-post-thumbnail","6":"product_cat-cocina","7":"product_cat-cuina","8":"product_cat-regal","9":"product_cat-regalo","11":"first","12":"instock","13":"taxable","14":"shipping-taxable","15":"purchasable","16":"product-type-simple"},"acf":{"autor":"DUCASSE, ALAIN","codart":"844602330","libros-coleccion":"","ediciones":"1","encuadernacion":"Carton\u00e9","fecha_de_publicacion":"20\/04\/2018","novedad":"1","paginas":"1500","subtitulo":"BISTR\u00d3S, BRASSERIES Y RESTAURANTES TRADICIONALES","orden":"0","portada":"0","idioma":"spa","editorial":[{"ID":6115,"post_author":"3","post_date":"2022-07-28 17:45:13","post_date_gmt":"2022-07-28 15:45:13","post_content":"","post_title":"AKAL, EDICIONES S.A.","post_excerpt":"","post_status":"publish","comment_status":"closed","ping_status":"closed","post_password":"","post_name":"akal-ediciones-s-a","to_ping":"","pinged":"","post_modified":"2022-07-28 17:45:13","post_modified_gmt":"2022-07-28 15:45:13","post_content_filtered":"","post_parent":0,"guid":"http:\/\/dev.claret.cat\/editorial\/akal-ediciones-s-a\/","menu_order":0,"post_type":"editorial","post_mime_type":"","comment_count":"0","filter":"raw"}],"autores-libros":[{"ID":149340,"post_author":"3","post_date":"2022-10-14 14:24:04","post_date_gmt":"2022-10-14 12:24:04","post_content":"","post_title":"ALAIN DUCASSE","post_excerpt":"","post_status":"publish","comment_status":"closed","ping_status":"closed","post_password":"","post_name":"alain-ducasse","to_ping":"","pinged":"","post_modified":"2022-10-14 14:24:04","post_modified_gmt":"2022-10-14 12:24:04","post_content_filtered":"","post_parent":0,"guid":"http:\/\/dev.claret.cat\/autor\/alain-ducasse\/","menu_order":0,"post_type":"autor","post_mime_type":"","comment_count":"0","filter":"raw"}]},"aioseo_notices":[],"_links":{"self":[{"href":"https:\/\/www.claret.cat\/es\/wp-json\/wp\/v2\/product\/184108","targetHints":{"allow":["GET"]}}],"collection":[{"href":"https:\/\/www.claret.cat\/es\/wp-json\/wp\/v2\/product"}],"about":[{"href":"https:\/\/www.claret.cat\/es\/wp-json\/wp\/v2\/types\/product"}],"wp:featuredmedia":[{"embeddable":true,"href":"https:\/\/www.claret.cat\/es\/wp-json\/wp\/v2\/media\/347714"}],"wp:attachment":[{"href":"https:\/\/www.claret.cat\/es\/wp-json\/wp\/v2\/media?parent=184108"}],"wp:term":[{"taxonomy":"product_brand","embeddable":true,"href":"https:\/\/www.claret.cat\/es\/wp-json\/wp\/v2\/product_brand?post=184108"},{"taxonomy":"product_cat","embeddable":true,"href":"https:\/\/www.claret.cat\/es\/wp-json\/wp\/v2\/product_cat?post=184108"},{"taxonomy":"product_tag","embeddable":true,"href":"https:\/\/www.claret.cat\/es\/wp-json\/wp\/v2\/product_tag?post=184108"}],"curies":[{"name":"wp","href":"https:\/\/api.w.org\/{rel}","templated":true}]}}