{"id":184173,"date":"2022-10-20T04:18:57","date_gmt":"2022-10-20T02:18:57","guid":{"rendered":"http:\/\/dev.claret.cat\/producte\/el-planeta-se-calienta\/"},"modified":"2024-05-23T22:52:14","modified_gmt":"2024-05-23T20:52:14","slug":"el-planeta-se-calienta-9788446046073","status":"publish","type":"product","link":"https:\/\/www.claret.cat\/es\/libro\/el-planeta-se-calienta-9788446046073\/","title":{"rendered":"\u00a1EL PLANETA SE CALIENTA!"},"content":{"rendered":"<p>&#8216;Vivimos por encima de los medios de nuestra Tierra. Este ya no es el momento de hacer preguntas. Es el hora de actuar. &#8216;<br \/>Mientras que los Estados Unidos han decidido retirarse de el Acuerdo Clim\u00e1tico de Par\u00eds, y en un momento en que los recursos anuales del planeta se agotan en menos de ocho meses, esta selecci\u00f3n de vi\u00f1etas. seleccionadas por Cartooning for Peace reflejan la alarma ecol\u00f3gica<br \/>y nos recuerdan los riesgos de la contaminaci\u00f3n, la necesidad de  energ\u00edas renovables o las consecuencias del calentamiento global.<\/p>\n","protected":false},"excerpt":{"rendered":"<p>CARTOONING FOR PEACE<\/p>\n","protected":false},"featured_media":348497,"template":"","meta":{"_acf_changed":false,"om_disable_all_campaigns":false,"rs_blank_template":"","rs_page_bg_color":"","slide_template_v7":"","inline_featured_image":false,"_monsterinsights_skip_tracking":false,"_monsterinsights_sitenote_active":false,"_monsterinsights_sitenote_note":"","_monsterinsights_sitenote_category":0},"product_brand":[],"product_cat":[114,563],"product_tag":[],"class_list":{"0":"post-184173","1":"product","2":"type-product","3":"status-publish","4":"has-post-thumbnail","6":"product_cat-humor-grafic","7":"product_cat-humor-grafico","9":"first","10":"instock","11":"taxable","12":"shipping-taxable","13":"purchasable","14":"product-type-simple"},"acf":{"autor":"CARTOONING FOR PEACE","codart":"844604607","libros-coleccion":"","ediciones":"1","encuadernacion":"R\u00fastica","fecha_de_publicacion":"16\/04\/2018","novedad":"1","paginas":"120","subtitulo":"60 VI\u00d1ETAS DE PRENSA ","orden":"0","portada":"0","idioma":"spa","editorial":[{"ID":6115,"post_author":"3","post_date":"2022-07-28 17:45:13","post_date_gmt":"2022-07-28 15:45:13","post_content":"","post_title":"AKAL, EDICIONES S.A.","post_excerpt":"","post_status":"publish","comment_status":"closed","ping_status":"closed","post_password":"","post_name":"akal-ediciones-s-a","to_ping":"","pinged":"","post_modified":"2022-07-28 17:45:13","post_modified_gmt":"2022-07-28 15:45:13","post_content_filtered":"","post_parent":0,"guid":"http:\/\/dev.claret.cat\/editorial\/akal-ediciones-s-a\/","menu_order":0,"post_type":"editorial","post_mime_type":"","comment_count":"0","filter":"raw"}],"autores-libros":[{"ID":348442,"post_author":"3","post_date":"2023-01-14 04:17:02","post_date_gmt":"2023-01-14 03:17:02","post_content":"","post_title":"CARTOONING FOR PEACE","post_excerpt":"","post_status":"publish","comment_status":"closed","ping_status":"closed","post_password":"","post_name":"cartooning-for-peace","to_ping":"","pinged":"","post_modified":"2023-01-14 04:17:02","post_modified_gmt":"2023-01-14 03:17:02","post_content_filtered":"","post_parent":0,"guid":"https:\/\/www.claret.cat\/autor\/cartooning-for-peace\/","menu_order":0,"post_type":"autor","post_mime_type":"","comment_count":"0","filter":"raw"}]},"aioseo_notices":[],"_links":{"self":[{"href":"https:\/\/www.claret.cat\/es\/wp-json\/wp\/v2\/product\/184173","targetHints":{"allow":["GET"]}}],"collection":[{"href":"https:\/\/www.claret.cat\/es\/wp-json\/wp\/v2\/product"}],"about":[{"href":"https:\/\/www.claret.cat\/es\/wp-json\/wp\/v2\/types\/product"}],"wp:featuredmedia":[{"embeddable":true,"href":"https:\/\/www.claret.cat\/es\/wp-json\/wp\/v2\/media\/348497"}],"wp:attachment":[{"href":"https:\/\/www.claret.cat\/es\/wp-json\/wp\/v2\/media?parent=184173"}],"wp:term":[{"taxonomy":"product_brand","embeddable":true,"href":"https:\/\/www.claret.cat\/es\/wp-json\/wp\/v2\/product_brand?post=184173"},{"taxonomy":"product_cat","embeddable":true,"href":"https:\/\/www.claret.cat\/es\/wp-json\/wp\/v2\/product_cat?post=184173"},{"taxonomy":"product_tag","embeddable":true,"href":"https:\/\/www.claret.cat\/es\/wp-json\/wp\/v2\/product_tag?post=184173"}],"curies":[{"name":"wp","href":"https:\/\/api.w.org\/{rel}","templated":true}]}}