{"id":184176,"date":"2022-10-20T04:18:59","date_gmt":"2022-10-20T02:18:59","guid":{"rendered":"http:\/\/dev.claret.cat\/producte\/putin-superzar\/"},"modified":"2024-05-23T22:52:27","modified_gmt":"2024-05-23T20:52:27","slug":"putin-superzar-9788446046080","status":"publish","type":"product","link":"https:\/\/www.claret.cat\/es\/libro\/putin-superzar-9788446046080\/","title":{"rendered":"PUTIN, SUPERZAR"},"content":{"rendered":"<p>\u00abSe pueden decir muchas cosas de Vladimir Putin, pero lo que no se le puede negar es su habilidad pol\u00edtica .\u00bb<br \/>Con motivo de las elecciones presidenciales en Rusia, \u00c9ric Chol repasa los a\u00f1os de Putin en el poder. Figura central de la vida pol\u00edtica rusa, el se\u00f1or del Kremlin est\u00e1 al frente del pa\u00eds desde 2000. \u00bfCu\u00e1l es su balance?<br \/>Seleccionados por Cartooning for Peace, 60 vi\u00f1etas de prensa aportan luz internacional sobre la muy controvertida actuaci\u00f3n del estadista, ahora que las relaciones diplom\u00e1ticas de Rusia con el resto del mundo se endurecen cada vez m\u00e1s.<\/p>\n","protected":false},"excerpt":{"rendered":"<p>CARTOONING FOR PEACE<\/p>\n","protected":false},"featured_media":348499,"template":"","meta":{"_acf_changed":false,"om_disable_all_campaigns":false,"rs_blank_template":"","rs_page_bg_color":"","slide_template_v7":"","inline_featured_image":false,"_monsterinsights_skip_tracking":false,"_monsterinsights_sitenote_active":false,"_monsterinsights_sitenote_note":"","_monsterinsights_sitenote_category":0},"product_brand":[],"product_cat":[114,563],"product_tag":[],"class_list":{"0":"post-184176","1":"product","2":"type-product","3":"status-publish","4":"has-post-thumbnail","6":"product_cat-humor-grafic","7":"product_cat-humor-grafico","9":"first","10":"instock","11":"taxable","12":"shipping-taxable","13":"purchasable","14":"product-type-simple"},"acf":{"autor":"CARTOONING FOR PEACE","codart":"844604608","libros-coleccion":"Cartooning for Peace","ediciones":"1","encuadernacion":"R\u00fastica","fecha_de_publicacion":"16\/04\/2018","novedad":"1","paginas":"120","subtitulo":"60 VI\u00d1ETAS DE PRENSA","orden":"0","portada":"0","idioma":"spa","editorial":[{"ID":6115,"post_author":"3","post_date":"2022-07-28 17:45:13","post_date_gmt":"2022-07-28 15:45:13","post_content":"","post_title":"AKAL, EDICIONES S.A.","post_excerpt":"","post_status":"publish","comment_status":"closed","ping_status":"closed","post_password":"","post_name":"akal-ediciones-s-a","to_ping":"","pinged":"","post_modified":"2022-07-28 17:45:13","post_modified_gmt":"2022-07-28 15:45:13","post_content_filtered":"","post_parent":0,"guid":"http:\/\/dev.claret.cat\/editorial\/akal-ediciones-s-a\/","menu_order":0,"post_type":"editorial","post_mime_type":"","comment_count":"0","filter":"raw"}],"autores-libros":[{"ID":348442,"post_author":"3","post_date":"2023-01-14 04:17:02","post_date_gmt":"2023-01-14 03:17:02","post_content":"","post_title":"CARTOONING FOR PEACE","post_excerpt":"","post_status":"publish","comment_status":"closed","ping_status":"closed","post_password":"","post_name":"cartooning-for-peace","to_ping":"","pinged":"","post_modified":"2023-01-14 04:17:02","post_modified_gmt":"2023-01-14 03:17:02","post_content_filtered":"","post_parent":0,"guid":"https:\/\/www.claret.cat\/autor\/cartooning-for-peace\/","menu_order":0,"post_type":"autor","post_mime_type":"","comment_count":"0","filter":"raw"}]},"aioseo_notices":[],"_links":{"self":[{"href":"https:\/\/www.claret.cat\/es\/wp-json\/wp\/v2\/product\/184176","targetHints":{"allow":["GET"]}}],"collection":[{"href":"https:\/\/www.claret.cat\/es\/wp-json\/wp\/v2\/product"}],"about":[{"href":"https:\/\/www.claret.cat\/es\/wp-json\/wp\/v2\/types\/product"}],"wp:featuredmedia":[{"embeddable":true,"href":"https:\/\/www.claret.cat\/es\/wp-json\/wp\/v2\/media\/348499"}],"wp:attachment":[{"href":"https:\/\/www.claret.cat\/es\/wp-json\/wp\/v2\/media?parent=184176"}],"wp:term":[{"taxonomy":"product_brand","embeddable":true,"href":"https:\/\/www.claret.cat\/es\/wp-json\/wp\/v2\/product_brand?post=184176"},{"taxonomy":"product_cat","embeddable":true,"href":"https:\/\/www.claret.cat\/es\/wp-json\/wp\/v2\/product_cat?post=184176"},{"taxonomy":"product_tag","embeddable":true,"href":"https:\/\/www.claret.cat\/es\/wp-json\/wp\/v2\/product_tag?post=184176"}],"curies":[{"name":"wp","href":"https:\/\/api.w.org\/{rel}","templated":true}]}}