{"id":184179,"date":"2022-10-20T04:19:03","date_gmt":"2022-10-20T02:19:03","guid":{"rendered":"http:\/\/dev.claret.cat\/producte\/totem-y-tabu-2\/"},"modified":"2024-05-23T22:50:58","modified_gmt":"2024-05-23T20:50:58","slug":"totem-y-tabu-9788446045809","status":"publish","type":"product","link":"https:\/\/www.claret.cat\/es\/libro\/totem-y-tabu-9788446045809\/","title":{"rendered":"T\u00d3TEM Y TAB\u00da"},"content":{"rendered":"<p>En T\u00f3tem y tab\u00fa (1913), Freud trata de aplicar el m\u00e9todo del psicoan\u00e1lisis a un estudio antropol\u00f3gico en el que pone en conexi\u00f3n el origen del totemismo y la exogamia en las sociedades primitivas, ya que observa un desarrollo psicol\u00f3gico similar en las primeras sociedades humanas, las sociedades salvajes contempor\u00e1neas y los pacientes neur\u00f3ticos. As\u00ed, las dos primeras tienen formas equivalentes de organizaci\u00f3n social y religiosa, esto es: el totemismo. El t\u00f3tem establece los l\u00edmites sociales de cada tribu y genera un v\u00ednculo no consangu\u00edneo entre sus miembros que determina la prohibici\u00f3n de las relaciones sexuales entre individuos que comparten el t\u00f3tem, imponiendo la exogamia. El deseo se enfrenta de este modo a la prohibici\u00f3n de unas relaciones que se consideran incestuosas, convirti\u00e9ndose el incesto en un tema tab\u00fa. El paralelismo con el paciente neur\u00f3tico se establece de manera clara al observar que los primeros deseos sexuales del hombre son siempre de naturaleza incestuosa y que su represi\u00f3n es vital en el desencadenamiento de las neurosis.<\/p>\n","protected":false},"excerpt":{"rendered":"<p>FREUD, SIGMUND<\/p>\n","protected":false},"featured_media":348483,"template":"","meta":{"_acf_changed":false,"om_disable_all_campaigns":false,"rs_blank_template":"","rs_page_bg_color":"","slide_template_v7":"","inline_featured_image":false,"_monsterinsights_skip_tracking":false,"_monsterinsights_sitenote_active":false,"_monsterinsights_sitenote_note":"","_monsterinsights_sitenote_category":0},"product_brand":[],"product_cat":[81,347],"product_tag":[],"class_list":{"0":"post-184179","1":"product","2":"type-product","3":"status-publish","4":"has-post-thumbnail","6":"product_cat-psicologia","7":"product_cat-psicologia-2_humanidades","9":"first","10":"instock","11":"taxable","12":"shipping-taxable","13":"purchasable","14":"product-type-simple"},"acf":{"autor":"FREUD, SIGMUND","codart":"844604580","libros-coleccion":"","ediciones":"1","encuadernacion":"R\u00fastica","fecha_de_publicacion":"16\/04\/2018","novedad":"1","paginas":"192","subtitulo":"","orden":"0","portada":"0","idioma":"spa","editorial":[{"ID":6115,"post_author":"3","post_date":"2022-07-28 17:45:13","post_date_gmt":"2022-07-28 15:45:13","post_content":"","post_title":"AKAL, EDICIONES S.A.","post_excerpt":"","post_status":"publish","comment_status":"closed","ping_status":"closed","post_password":"","post_name":"akal-ediciones-s-a","to_ping":"","pinged":"","post_modified":"2022-07-28 17:45:13","post_modified_gmt":"2022-07-28 15:45:13","post_content_filtered":"","post_parent":0,"guid":"http:\/\/dev.claret.cat\/editorial\/akal-ediciones-s-a\/","menu_order":0,"post_type":"editorial","post_mime_type":"","comment_count":"0","filter":"raw"}],"autores-libros":[{"ID":169458,"post_author":"3","post_date":"2022-10-14 22:27:23","post_date_gmt":"2022-10-14 20:27:23","post_content":"","post_title":"SIGMUND FREUD","post_excerpt":"","post_status":"publish","comment_status":"closed","ping_status":"closed","post_password":"","post_name":"sigmund-freud","to_ping":"","pinged":"","post_modified":"2022-10-14 22:27:23","post_modified_gmt":"2022-10-14 20:27:23","post_content_filtered":"","post_parent":0,"guid":"http:\/\/dev.claret.cat\/autor\/sigmund-freud\/","menu_order":0,"post_type":"autor","post_mime_type":"","comment_count":"0","filter":"raw"}]},"aioseo_notices":[],"_links":{"self":[{"href":"https:\/\/www.claret.cat\/es\/wp-json\/wp\/v2\/product\/184179","targetHints":{"allow":["GET"]}}],"collection":[{"href":"https:\/\/www.claret.cat\/es\/wp-json\/wp\/v2\/product"}],"about":[{"href":"https:\/\/www.claret.cat\/es\/wp-json\/wp\/v2\/types\/product"}],"wp:featuredmedia":[{"embeddable":true,"href":"https:\/\/www.claret.cat\/es\/wp-json\/wp\/v2\/media\/348483"}],"wp:attachment":[{"href":"https:\/\/www.claret.cat\/es\/wp-json\/wp\/v2\/media?parent=184179"}],"wp:term":[{"taxonomy":"product_brand","embeddable":true,"href":"https:\/\/www.claret.cat\/es\/wp-json\/wp\/v2\/product_brand?post=184179"},{"taxonomy":"product_cat","embeddable":true,"href":"https:\/\/www.claret.cat\/es\/wp-json\/wp\/v2\/product_cat?post=184179"},{"taxonomy":"product_tag","embeddable":true,"href":"https:\/\/www.claret.cat\/es\/wp-json\/wp\/v2\/product_tag?post=184179"}],"curies":[{"name":"wp","href":"https:\/\/api.w.org\/{rel}","templated":true}]}}