{"id":184187,"date":"2022-10-20T04:19:14","date_gmt":"2022-10-20T02:19:14","guid":{"rendered":"http:\/\/dev.claret.cat\/producte\/benditos-milagros-de-jesus-propuestas-para-orar-y-trabajar\/"},"modified":"2024-05-23T06:20:34","modified_gmt":"2024-05-23T04:20:34","slug":"benditos-milagros-de-jesus-propuestas-para-orar-y-trabajar-9788490234990","status":"publish","type":"product","link":"https:\/\/www.claret.cat\/es\/libro\/benditos-milagros-de-jesus-propuestas-para-orar-y-trabajar-9788490234990\/","title":{"rendered":"BENDITOS MILAGROS DE JES\u00daS. PROPUESTAS PARA ORAR Y TRABAJAR"},"content":{"rendered":"<p>Dice el autor en la introducci\u00f3n: \u00abRecuerdo que fue una oraci\u00f3n de la ma\u00f1ana. Eran apenas diez minutos y les le\u00ed el texto evang\u00e9lico de un milagro y, a continuaci\u00f3n, unas palabras explicativas. Saqu\u00e9 la impresi\u00f3n de haberme dirigido a los chicos en otro idioma. Sal\u00ed con el firme compromiso de acercar los milagros de Jes\u00fas a la vida de los chicos. El resultado, despu\u00e9s de varios a\u00f1os, son estas p\u00e1ginas que tienes entre tus manos\u00bb. Los milagros muestran la gran humanidad de Jesucristo: su amor, su piedad, su misericordia ante las necesidades del ser humano de la actualidad. Estos materiales tienen diversas opciones de realizaci\u00f3n pastoral que permiten usarlo en diferentes situaciones e instantes. Un \u00abmaterial pastoral\u00bb siempre precisa de la intervenci\u00f3n personal de quien lo trabaja. El \u00edndice b\u00edblico te ser\u00e1 de ayuda para acudir a la Biblia y poder utilizar otras versiones del mismo texto. El \u00edndice tem\u00e1tico abre la puerta para escoger aquello que se necesita en un momento concreto. Este trabajo puede colaborar a que los adolescentes y j\u00f3venes se familiaricen un poco m\u00e1s con Jesucristo, a trav\u00e9s de sus milagros. Que sean capaces de actualizar sus ense\u00f1anzas y pasar los prodigios por el coraz\u00f3n, a trav\u00e9s de la oraci\u00f3n. Y que extraigan, finalmente, un compromiso que les haga mejores personas y mejores cristianos.<\/p>\n","protected":false},"excerpt":{"rendered":"<p>ESCUDERO, JOS\u00c9 MARIA<\/p>\n","protected":false},"featured_media":359423,"template":"","meta":{"_acf_changed":false,"om_disable_all_campaigns":false,"rs_blank_template":"","rs_page_bg_color":"","slide_template_v7":"","inline_featured_image":false,"_monsterinsights_skip_tracking":false,"_monsterinsights_sitenote_active":false,"_monsterinsights_sitenote_note":"","_monsterinsights_sitenote_category":0},"product_brand":[],"product_cat":[341,75,345,79,566,117,344,78],"product_tag":[],"class_list":{"0":"post-184187","1":"product","2":"type-product","3":"status-publish","4":"has-post-thumbnail","6":"product_cat-biblia-es","7":"product_cat-biblia","8":"product_cat-espiritualidad","9":"product_cat-espiritualitat","10":"product_cat-juvenil-3_infantil-juvenil-spa-spa","11":"product_cat-juvenil","12":"product_cat-pastoral-1_espiritualidad","13":"product_cat-pastoral","15":"first","16":"instock","17":"taxable","18":"shipping-taxable","19":"purchasable","20":"product-type-simple"},"acf":{"autor":"ESCUDERO, JOS\u00c9 MARIA","codart":"849023499","libros-coleccion":"Recursos de Pastoral","ediciones":"1","encuadernacion":"R\u00fastica","fecha_de_publicacion":"13\/04\/2018","novedad":"1","paginas":"120","subtitulo":"PROPUESTAS PARA ORAR Y TRABAJAR","orden":"0","portada":"0","idioma":"spa","editorial":[{"ID":6155,"post_author":"3","post_date":"2022-07-28 17:46:04","post_date_gmt":"2022-07-28 15:46:04","post_content":"","post_title":"Central Catequ\u00edstica Salesiana","post_excerpt":"","post_status":"publish","comment_status":"closed","ping_status":"closed","post_password":"","post_name":"central-catequistica-salesiana","to_ping":"","pinged":"","post_modified":"2022-07-28 17:46:04","post_modified_gmt":"2022-07-28 15:46:04","post_content_filtered":"","post_parent":0,"guid":"http:\/\/dev.claret.cat\/editorial\/central-catequistica-salesiana\/","menu_order":0,"post_type":"editorial","post_mime_type":"","comment_count":"0","filter":"raw"}],"autores-libros":[{"ID":8363,"post_author":"3","post_date":"2022-09-30 09:48:01","post_date_gmt":"2022-09-30 07:48:01","post_content":"","post_title":"JOS\u00c9 MARIA ESCUDERO","post_excerpt":"","post_status":"publish","comment_status":"closed","ping_status":"closed","post_password":"","post_name":"jose-maria-escudero","to_ping":"","pinged":"","post_modified":"2022-09-30 09:48:01","post_modified_gmt":"2022-09-30 07:48:01","post_content_filtered":"","post_parent":0,"guid":"http:\/\/dev.claret.cat\/autor\/jose-maria-escudero\/","menu_order":0,"post_type":"autor","post_mime_type":"","comment_count":"0","filter":"raw"}]},"aioseo_notices":[],"_links":{"self":[{"href":"https:\/\/www.claret.cat\/es\/wp-json\/wp\/v2\/product\/184187","targetHints":{"allow":["GET"]}}],"collection":[{"href":"https:\/\/www.claret.cat\/es\/wp-json\/wp\/v2\/product"}],"about":[{"href":"https:\/\/www.claret.cat\/es\/wp-json\/wp\/v2\/types\/product"}],"wp:featuredmedia":[{"embeddable":true,"href":"https:\/\/www.claret.cat\/es\/wp-json\/wp\/v2\/media\/359423"}],"wp:attachment":[{"href":"https:\/\/www.claret.cat\/es\/wp-json\/wp\/v2\/media?parent=184187"}],"wp:term":[{"taxonomy":"product_brand","embeddable":true,"href":"https:\/\/www.claret.cat\/es\/wp-json\/wp\/v2\/product_brand?post=184187"},{"taxonomy":"product_cat","embeddable":true,"href":"https:\/\/www.claret.cat\/es\/wp-json\/wp\/v2\/product_cat?post=184187"},{"taxonomy":"product_tag","embeddable":true,"href":"https:\/\/www.claret.cat\/es\/wp-json\/wp\/v2\/product_tag?post=184187"}],"curies":[{"name":"wp","href":"https:\/\/api.w.org\/{rel}","templated":true}]}}