{"id":18419,"date":"2022-10-01T23:42:39","date_gmt":"2022-10-01T21:42:39","guid":{"rendered":"http:\/\/dev.claret.cat\/producte\/biblia-rvr60-letra-grande-portatil-jean-cierre-indice-cinturon-rosa\/"},"modified":"2026-03-13T12:40:42","modified_gmt":"2026-03-13T11:40:42","slug":"biblia-rvr60-letra-grande-portatil-jean-cierre-indice-cinturon-rosa-9788480835879","status":"publish","type":"product","link":"https:\/\/www.claret.cat\/es\/libro\/biblia-rvr60-letra-grande-portatil-jean-cierre-indice-cinturon-rosa-9788480835879\/","title":{"rendered":"BIBLIA RVR60 LETRA GRANDE PORTATIL JEAN CIERRE INDICE CINTUR\u00d3N ROSA"},"content":{"rendered":"<p>De la colaboraci\u00f3n entre Abba, distribuidora cristiana y Sociedad B\u00edblica Espa\u00f1ola nace esta colecci\u00f3n de Biblias RVR60 de edici\u00f3n limitada. Estas originales y creativas Biblias jean tienen un cintur\u00f3n de piel de color y un bolsillo real en la parte trasera<\/p>\n<p>o Tama\u00f1o: 110&#215;165 mm<br \/>o Letra grande 10 puntos<br \/>o Tipograf\u00eda clara<br \/>o Tapa Jean<br \/>o Cremallera de color<br \/>o Cintur\u00f3n de piel de color<br \/>o Con \u00edndice<br \/>o Con cierre<br \/>o P\u00e1ginas:1680<br \/>o Palabras de Jes\u00fas en rojo<br \/>o Notas a pie de p\u00e1gina<br \/>o Referencias cruzadas a pie de p\u00e1gina<br \/>o Concordancia completa de 120 p\u00e1ginas<br \/>o 10 mapas<\/p>\n<p>Contenidos especiales:<br \/>o Introducci\u00f3n de la Biblia<br \/>o Explicaci\u00f3n de la traducci\u00f3n Reina Valera<br \/>o C\u00f3mo leer la Biblia<br \/>o Qu\u00e9 dice la Biblia acerca del perd\u00f3n<br \/>o C\u00f3mo encontrar ayuda en la Biblia<br \/>o Pasajes famosos de la Biblia<br \/>o Plan de lectura de la Biblia en un a\u00f1o<\/p>\n","protected":false},"excerpt":{"rendered":"<p>SOCIEDAD BIBLICA<\/p>\n","protected":false},"featured_media":1089999,"template":"","meta":{"_acf_changed":false,"om_disable_all_campaigns":false,"rs_blank_template":"","rs_page_bg_color":"","slide_template_v7":"","inline_featured_image":false,"_monsterinsights_skip_tracking":false,"_monsterinsights_sitenote_active":false,"_monsterinsights_sitenote_note":"","_monsterinsights_sitenote_category":0},"product_brand":[],"product_cat":[420,296],"product_tag":[],"class_list":{"0":"post-18419","1":"product","2":"type-product","3":"status-publish","4":"has-post-thumbnail","6":"product_cat-biblias","7":"product_cat-biblies","9":"first","10":"outofstock","11":"taxable","12":"shipping-taxable","13":"purchasable","14":"product-type-simple"},"acf":{"editorial":[{"ID":6366,"post_author":"3","post_date":"2022-07-28 17:50:39","post_date_gmt":"2022-07-28 15:50:39","post_content":"","post_title":"Sociedad B\u00edblica","post_excerpt":"","post_status":"publish","comment_status":"closed","ping_status":"closed","post_password":"","post_name":"sociedad-biblica","to_ping":"","pinged":"","post_modified":"2022-07-28 17:50:39","post_modified_gmt":"2022-07-28 15:50:39","post_content_filtered":"","post_parent":0,"guid":"http:\/\/dev.claret.cat\/editorial\/sociedad-biblica\/","menu_order":0,"post_type":"editorial","post_mime_type":"","comment_count":"0","filter":"raw"}],"autores-libros":[{"ID":6038,"post_author":"3","post_date":"2022-07-28 17:36:50","post_date_gmt":"2022-07-28 15:36:50","post_content":"","post_title":"SOCIEDAD B\u00cdBLICA","post_excerpt":"","post_status":"publish","comment_status":"closed","ping_status":"closed","post_password":"","post_name":"sociedad-biblica","to_ping":"","pinged":"","post_modified":"2022-07-28 17:36:50","post_modified_gmt":"2022-07-28 15:36:50","post_content_filtered":"","post_parent":0,"guid":"http:\/\/dev.claret.cat\/autor\/sociedad-biblica\/","menu_order":0,"post_type":"autor","post_mime_type":"","comment_count":"0","filter":"raw"}],"autor":"SOCIEDAD BIBLICA","codart":"848083587","libros-coleccion":"","ediciones":"1","encuadernacion":"R\u00fastica","fecha_de_publicacion":"04\/11\/2020","novedad":"0","paginas":"1680","subtitulo":"","orden":"0","portada":"0","idioma":"spa","booktrailer":"","resenas":""},"aioseo_notices":[],"_links":{"self":[{"href":"https:\/\/www.claret.cat\/es\/wp-json\/wp\/v2\/product\/18419","targetHints":{"allow":["GET"]}}],"collection":[{"href":"https:\/\/www.claret.cat\/es\/wp-json\/wp\/v2\/product"}],"about":[{"href":"https:\/\/www.claret.cat\/es\/wp-json\/wp\/v2\/types\/product"}],"wp:featuredmedia":[{"embeddable":true,"href":"https:\/\/www.claret.cat\/es\/wp-json\/wp\/v2\/media\/1089999"}],"wp:attachment":[{"href":"https:\/\/www.claret.cat\/es\/wp-json\/wp\/v2\/media?parent=18419"}],"wp:term":[{"taxonomy":"product_brand","embeddable":true,"href":"https:\/\/www.claret.cat\/es\/wp-json\/wp\/v2\/product_brand?post=18419"},{"taxonomy":"product_cat","embeddable":true,"href":"https:\/\/www.claret.cat\/es\/wp-json\/wp\/v2\/product_cat?post=18419"},{"taxonomy":"product_tag","embeddable":true,"href":"https:\/\/www.claret.cat\/es\/wp-json\/wp\/v2\/product_tag?post=18419"}],"curies":[{"name":"wp","href":"https:\/\/api.w.org\/{rel}","templated":true}]}}