{"id":184247,"date":"2022-10-20T04:20:10","date_gmt":"2022-10-20T02:20:10","guid":{"rendered":"http:\/\/dev.claret.cat\/producte\/queridos-educadores\/"},"modified":"2024-05-02T06:06:10","modified_gmt":"2024-05-02T04:06:10","slug":"queridos-educadores-9788428832649","status":"publish","type":"product","link":"https:\/\/www.claret.cat\/es\/libro\/queridos-educadores-9788428832649\/","title":{"rendered":"QUERIDOS EDUCADORES"},"content":{"rendered":"<p>En este libro podemos observar c\u00f3mo se posiciona el papa Francisco delante de la educaci\u00f3n y sobre todo cu\u00e1l es su pensamiento educativo. Adem\u00e1s recogemos todos los discursos y mensajes encaminados como papa a pedagogos y alumnos en diferentes zonas del mundo. Este magn\u00edfico material puede servir para la meditaci\u00f3n y la formaci\u00f3n personal, pero ante todo puede ayudar en nuestra labor conjunta como educadores de un determinado centro educativo, ya que se puede trabajar con \u00e9l en cada centro como si se tratara de un curso (o incluso dos) de formaci\u00f3n continua. Para ello, mostramos aqu\u00ed, agrupados en nueve temas, todos sus discursos y mensajes como pont\u00edfice a los educadores. En cada tema se ofrecen propuestas para el trabajo individual y en grupo, que incluyen canciones y videos. Y sugerimos adem\u00e1s c\u00f3mo acceder y trabajar con sus mensajes a los educadores cuando era arzobispo de Buenos Aires.<\/p>\n","protected":false},"excerpt":{"rendered":"<p>OTERO, HERMINIO<\/p>\n","protected":false},"featured_media":337797,"template":"","meta":{"_acf_changed":false,"om_disable_all_campaigns":false,"rs_blank_template":"","rs_page_bg_color":"","slide_template_v7":"","inline_featured_image":false,"_monsterinsights_skip_tracking":false,"_monsterinsights_sitenote_active":false,"_monsterinsights_sitenote_note":"","_monsterinsights_sitenote_category":0},"product_brand":[],"product_cat":[543,93,345,79],"product_tag":[],"class_list":{"0":"post-184247","1":"product","2":"type-product","3":"status-publish","4":"has-post-thumbnail","6":"product_cat-eclesiologia-es","7":"product_cat-eclesiologia","8":"product_cat-espiritualidad","9":"product_cat-espiritualitat","11":"first","12":"instock","13":"taxable","14":"shipping-taxable","15":"purchasable","16":"product-type-simple"},"acf":{"autor":"OTERO, HERMINIO","codart":"842883264","libros-coleccion":"Papa Francisco","ediciones":"1","encuadernacion":"R\u00fastica","fecha_de_publicacion":"09\/04\/2018","novedad":"1","paginas":"128","subtitulo":"PROTAGONISTAS DE UNA NUEVA EDUCACI\u00d3N","orden":"0","portada":"0","idioma":"spa","editorial":[{"ID":6335,"post_author":"3","post_date":"2022-07-28 17:49:59","post_date_gmt":"2022-07-28 15:49:59","post_content":"","post_title":"PPC altres","post_excerpt":"","post_status":"publish","comment_status":"closed","ping_status":"closed","post_password":"","post_name":"ppc-altres","to_ping":"","pinged":"","post_modified":"2022-07-28 17:49:59","post_modified_gmt":"2022-07-28 15:49:59","post_content_filtered":"","post_parent":0,"guid":"http:\/\/dev.claret.cat\/editorial\/ppc-altres\/","menu_order":0,"post_type":"editorial","post_mime_type":"","comment_count":"0","filter":"raw"}],"autores-libros":[{"ID":5538,"post_author":"3","post_date":"2022-07-28 17:26:08","post_date_gmt":"2022-07-28 15:26:08","post_content":"","post_title":"HERMINIO OTERO","post_excerpt":"","post_status":"publish","comment_status":"closed","ping_status":"closed","post_password":"","post_name":"herminio-otero","to_ping":"","pinged":"","post_modified":"2022-07-28 17:26:08","post_modified_gmt":"2022-07-28 15:26:08","post_content_filtered":"","post_parent":0,"guid":"http:\/\/dev.claret.cat\/autor\/herminio-otero\/","menu_order":0,"post_type":"autor","post_mime_type":"","comment_count":"0","filter":"raw"}]},"aioseo_notices":[],"_links":{"self":[{"href":"https:\/\/www.claret.cat\/es\/wp-json\/wp\/v2\/product\/184247","targetHints":{"allow":["GET"]}}],"collection":[{"href":"https:\/\/www.claret.cat\/es\/wp-json\/wp\/v2\/product"}],"about":[{"href":"https:\/\/www.claret.cat\/es\/wp-json\/wp\/v2\/types\/product"}],"wp:featuredmedia":[{"embeddable":true,"href":"https:\/\/www.claret.cat\/es\/wp-json\/wp\/v2\/media\/337797"}],"wp:attachment":[{"href":"https:\/\/www.claret.cat\/es\/wp-json\/wp\/v2\/media?parent=184247"}],"wp:term":[{"taxonomy":"product_brand","embeddable":true,"href":"https:\/\/www.claret.cat\/es\/wp-json\/wp\/v2\/product_brand?post=184247"},{"taxonomy":"product_cat","embeddable":true,"href":"https:\/\/www.claret.cat\/es\/wp-json\/wp\/v2\/product_cat?post=184247"},{"taxonomy":"product_tag","embeddable":true,"href":"https:\/\/www.claret.cat\/es\/wp-json\/wp\/v2\/product_tag?post=184247"}],"curies":[{"name":"wp","href":"https:\/\/api.w.org\/{rel}","templated":true}]}}