{"id":184295,"date":"2022-10-20T04:20:56","date_gmt":"2022-10-20T02:20:56","guid":{"rendered":"http:\/\/dev.claret.cat\/producte\/155-dibuixos-contra-el-155\/"},"modified":"2023-01-28T18:16:26","modified_gmt":"2023-01-28T17:16:26","slug":"155-dibuixos-contra-el-155","status":"publish","type":"product","link":"https:\/\/www.claret.cat\/es\/libro\/155-dibuixos-contra-el-155\/","title":{"rendered":"155 DIBUIXOS CONTRA EL 155"},"content":{"rendered":"<p>Els autors s\u00f3n: Ant, Atxe, Carlos Azagra, by Balasch, Toni Batllori, Leonard Beard, Jordi Canyiss\u00e0, Jordi Dur\u00f3, Elchicotriste, Ermengol, Escoda, Faro, Fer, Ferran Mart\u00edn, Miquel Ferreres, Galdric, Alex Gallego, Gras, Pepe Farruqo, Ja, Jan, Jap, Javirroyo, Joma, JRMora, Kap, L\u2019Avi, El Listo, Eneko, Llu\u00efsot, Alfons L\u00f3pez, Malag\u00f3n, Oriol Malet, Manel Fontdevila, Maribel Carod, Matias Tols\u00e0, Napi, Ortifus, Ricardo Peregrina, Carles Ponsi, David Pugliese, Llu\u00eds Puigvert, Raquel GU, Romeu, Tasio, T\u00e0ssies i Tres. <br \/>L\u2019aplicaci\u00f3 del 155 ha comportat una reculada dels drets i llibertats fonamentals a Catalunya. Alhora, hi ha hagut dibuixants acomiadats de mitjans de comunicaci\u00f3, humoristes encausats desfilant pels jutjats, vinyetes censurades. Ara i sempre, els intolerants tenen por de l\u2019humor, de la s\u00e0tira i de la ironia: poder riure de qualsevol cosa tamb\u00e9 implica poder-la q\u00fcestionar. La toler\u00e0ncia amb l\u2019humor acostuma a ser el millor term\u00f2metre de la democr\u00e0cia. Per defensar la democr\u00e0cia, la llibertat d\u2019expressi\u00f3 i els drets fonamentals dels ciutadans d\u2019aquest pa\u00eds, Dibuixants Sense Fronteres ha convocat el talent sat\u00edric de m\u00e9s de quaranta dibuixants en aquest llibre. Aqu\u00ed teniu 155 motius per riure&#8230; i reflexionar. I un motiu per col\u00b7laborar: els autors i els editors destinen els beneficis d\u2019aquest llibre a la Caixa de Solidaritat.<\/p>\n","protected":false},"excerpt":{"rendered":"<p>AA.VV.<\/p>\n","protected":false},"featured_media":184296,"template":"","meta":{"_acf_changed":false,"om_disable_all_campaigns":false,"rs_blank_template":"","rs_page_bg_color":"","slide_template_v7":"","inline_featured_image":false,"_monsterinsights_skip_tracking":false,"_monsterinsights_sitenote_active":false,"_monsterinsights_sitenote_note":"","_monsterinsights_sitenote_category":0},"product_brand":[],"product_cat":[114,120],"product_tag":[],"class_list":{"0":"post-184295","1":"product","2":"type-product","3":"status-publish","4":"has-post-thumbnail","6":"product_cat-humor-grafic","7":"product_cat-politica","9":"first","10":"instock","11":"taxable","12":"shipping-taxable","13":"purchasable","14":"product-type-simple"},"acf":{"autor":"AA.VV.","codart":"841654723","libros-coleccion":"","ediciones":"1","encuadernacion":"Carpeta","fecha_de_publicacion":"06\/04\/2018","novedad":"1","paginas":"152","subtitulo":"","orden":"0","portada":"0","idioma":"cat","editorial":[{"ID":148056,"post_author":"3","post_date":"2022-10-14 11:55:18","post_date_gmt":"2022-10-14 09:55:18","post_content":"","post_title":"EFAD\u00d3S EDITORIAL","post_excerpt":"","post_status":"publish","comment_status":"closed","ping_status":"closed","post_password":"","post_name":"efados-editorial","to_ping":"","pinged":"","post_modified":"2022-10-14 11:55:18","post_modified_gmt":"2022-10-14 09:55:18","post_content_filtered":"","post_parent":0,"guid":"http:\/\/dev.claret.cat\/editorial\/efados-editorial\/","menu_order":0,"post_type":"editorial","post_mime_type":"","comment_count":"0","filter":"raw"}],"autores-libros":[{"ID":5199,"post_author":"3","post_date":"2022-07-28 17:16:54","post_date_gmt":"2022-07-28 15:16:54","post_content":"","post_title":"AA.VV.","post_excerpt":"","post_status":"publish","comment_status":"closed","ping_status":"closed","post_password":"","post_name":"aa-vv-3","to_ping":"","pinged":"","post_modified":"2022-07-28 17:16:54","post_modified_gmt":"2022-07-28 15:16:54","post_content_filtered":"","post_parent":0,"guid":"http:\/\/dev.claret.cat\/autor\/aa-vv-3\/","menu_order":0,"post_type":"autor","post_mime_type":"","comment_count":"0","filter":"raw"}]},"aioseo_notices":[],"_links":{"self":[{"href":"https:\/\/www.claret.cat\/es\/wp-json\/wp\/v2\/product\/184295","targetHints":{"allow":["GET"]}}],"collection":[{"href":"https:\/\/www.claret.cat\/es\/wp-json\/wp\/v2\/product"}],"about":[{"href":"https:\/\/www.claret.cat\/es\/wp-json\/wp\/v2\/types\/product"}],"wp:featuredmedia":[{"embeddable":true,"href":"https:\/\/www.claret.cat\/es\/wp-json\/wp\/v2\/media\/184296"}],"wp:attachment":[{"href":"https:\/\/www.claret.cat\/es\/wp-json\/wp\/v2\/media?parent=184295"}],"wp:term":[{"taxonomy":"product_brand","embeddable":true,"href":"https:\/\/www.claret.cat\/es\/wp-json\/wp\/v2\/product_brand?post=184295"},{"taxonomy":"product_cat","embeddable":true,"href":"https:\/\/www.claret.cat\/es\/wp-json\/wp\/v2\/product_cat?post=184295"},{"taxonomy":"product_tag","embeddable":true,"href":"https:\/\/www.claret.cat\/es\/wp-json\/wp\/v2\/product_tag?post=184295"}],"curies":[{"name":"wp","href":"https:\/\/api.w.org\/{rel}","templated":true}]}}