{"id":184310,"date":"2022-10-20T04:21:10","date_gmt":"2022-10-20T02:21:10","guid":{"rendered":"http:\/\/dev.claret.cat\/producte\/el-principe-el-manga\/"},"modified":"2026-01-28T11:46:16","modified_gmt":"2026-01-28T10:46:16","slug":"el-principe-el-manga-9788416540754","status":"publish","type":"product","link":"https:\/\/www.claret.cat\/es\/libro\/el-principe-el-manga-9788416540754\/","title":{"rendered":"EL PR\u00cdNCIPE &#8211; EL MANGA"},"content":{"rendered":"<p>Cl\u00e1sico de la literatura universal, El pr\u00edncipe es un tratado de doctrina pol\u00edtica redactado por Maquiavelo en 1513, cuando el retorno al poder de los M\u00e9dicis lo hab\u00eda condenado al ostracismo. He aqu\u00ed la versi\u00f3n manga de esta obra que aborda la complejidad de la pol\u00edtica y la esencia del poder y que ha ejercido una enorme influencia en la cultura occidental.<\/p>\n","protected":false},"excerpt":{"rendered":"<p>MAQUIAVELO, NICOL\u00c1S<\/p>\n","protected":false},"featured_media":330059,"template":"","meta":{"_acf_changed":false,"om_disable_all_campaigns":false,"rs_blank_template":"","rs_page_bg_color":"","slide_template_v7":"","inline_featured_image":false,"_monsterinsights_skip_tracking":false,"_monsterinsights_sitenote_active":false,"_monsterinsights_sitenote_note":"","_monsterinsights_sitenote_category":0},"product_brand":[],"product_cat":[558,108,569,120],"product_tag":[],"class_list":{"0":"post-184310","1":"product","2":"type-product","3":"status-publish","4":"has-post-thumbnail","6":"product_cat-comic-3_infantil-juvenil-spa-spa","7":"product_cat-comic","8":"product_cat-politica-2_humanidades-spa","9":"product_cat-politica","11":"first","12":"instock","13":"taxable","14":"shipping-taxable","15":"purchasable","16":"product-type-simple"},"acf":{"autor":"MAQUIAVELO, NICOL\u00c1S","codart":"841654075","libros-coleccion":"LA OTRA H","ediciones":"1","encuadernacion":"R\u00fastica","fecha_de_publicacion":"05\/04\/2018","novedad":"1","paginas":"200","subtitulo":"","orden":"0","portada":"0","idioma":"spa","editorial":[{"ID":6266,"post_author":"3","post_date":"2022-07-28 17:48:31","post_date_gmt":"2022-07-28 15:48:31","post_content":"","post_title":"HERDER","post_excerpt":"","post_status":"publish","comment_status":"closed","ping_status":"closed","post_password":"","post_name":"herder","to_ping":"","pinged":"","post_modified":"2022-07-28 17:48:31","post_modified_gmt":"2022-07-28 15:48:31","post_content_filtered":"","post_parent":0,"guid":"http:\/\/dev.claret.cat\/editorial\/herder\/","menu_order":0,"post_type":"editorial","post_mime_type":"","comment_count":"0","filter":"raw"}],"autores-libros":[{"ID":165838,"post_author":"3","post_date":"2022-10-14 17:58:21","post_date_gmt":"2022-10-14 15:58:21","post_content":"","post_title":"NICOLAS MAQUIAVELO","post_excerpt":"","post_status":"publish","comment_status":"closed","ping_status":"closed","post_password":"","post_name":"nicolas-maquiavelo","to_ping":"","pinged":"","post_modified":"2022-10-14 17:58:21","post_modified_gmt":"2022-10-14 15:58:21","post_content_filtered":"","post_parent":0,"guid":"http:\/\/dev.claret.cat\/autor\/nicolas-maquiavelo\/","menu_order":0,"post_type":"autor","post_mime_type":"","comment_count":"0","filter":"raw"}],"booktrailer":"","resenas":""},"aioseo_notices":[],"_links":{"self":[{"href":"https:\/\/www.claret.cat\/es\/wp-json\/wp\/v2\/product\/184310","targetHints":{"allow":["GET"]}}],"collection":[{"href":"https:\/\/www.claret.cat\/es\/wp-json\/wp\/v2\/product"}],"about":[{"href":"https:\/\/www.claret.cat\/es\/wp-json\/wp\/v2\/types\/product"}],"wp:featuredmedia":[{"embeddable":true,"href":"https:\/\/www.claret.cat\/es\/wp-json\/wp\/v2\/media\/330059"}],"wp:attachment":[{"href":"https:\/\/www.claret.cat\/es\/wp-json\/wp\/v2\/media?parent=184310"}],"wp:term":[{"taxonomy":"product_brand","embeddable":true,"href":"https:\/\/www.claret.cat\/es\/wp-json\/wp\/v2\/product_brand?post=184310"},{"taxonomy":"product_cat","embeddable":true,"href":"https:\/\/www.claret.cat\/es\/wp-json\/wp\/v2\/product_cat?post=184310"},{"taxonomy":"product_tag","embeddable":true,"href":"https:\/\/www.claret.cat\/es\/wp-json\/wp\/v2\/product_tag?post=184310"}],"curies":[{"name":"wp","href":"https:\/\/api.w.org\/{rel}","templated":true}]}}