{"id":184352,"date":"2022-10-20T04:21:52","date_gmt":"2022-10-20T02:21:52","guid":{"rendered":"http:\/\/dev.claret.cat\/producte\/el-mensajero-del-viento\/"},"modified":"2025-09-19T17:46:45","modified_gmt":"2025-09-19T15:46:45","slug":"el-mensajero-del-viento-9788433029669","status":"publish","type":"product","link":"https:\/\/www.claret.cat\/es\/libro\/el-mensajero-del-viento-9788433029669\/","title":{"rendered":"EL MENSAJERO DEL VIENTO"},"content":{"rendered":"<p>Cuando Igor y Brenda salen volando por los aires piensan que su final ha llegado. Sin embargo, aparecen en otro mundo muy diferente al suyo, donde van a descubrir de d\u00f3nde vienen las ideas, qu\u00e9 hacer para que las preocupaciones desaparezcan y el poder que tiene la respiraci\u00f3n. Su encuentro con dos personajes muy especiales les ayuda a comprender que su mundo necesita grandes cambios y que para llevarlos a cabo es necesaria la inspiraci\u00f3n y el trabajo en equipo. \u00bfQuieres acompa\u00f1arlos en esta emocionante aventura?<\/p>\n","protected":false},"excerpt":{"rendered":"<p>IBARROLA, BEGO\u00d1A; DELICAADO, FEDERICO<\/p>\n","protected":false},"featured_media":346988,"template":"","meta":{"_acf_changed":false,"om_disable_all_campaigns":false,"rs_blank_template":"","rs_page_bg_color":"","slide_template_v7":"","inline_featured_image":false,"_monsterinsights_skip_tracking":false,"_monsterinsights_sitenote_active":false,"_monsterinsights_sitenote_note":"","_monsterinsights_sitenote_category":0},"product_brand":[],"product_cat":[86,352],"product_tag":[],"class_list":{"0":"post-184352","1":"product","2":"type-product","3":"status-publish","4":"has-post-thumbnail","6":"product_cat-infantil","7":"product_cat-infantil-3_infantil-juvenil-spa","9":"first","10":"instock","11":"taxable","12":"shipping-taxable","13":"purchasable","14":"product-type-simple"},"acf":{"autor":"IBARROLA, BEGO\u00d1A; DELICAADO, FEDERICO","codart":"843302966","libros-coleccion":"AQU\u00cd Y AHORA - MINDFULNESS PARA NI\u00d1OS","ediciones":"1","encuadernacion":"Carton\u00e9","fecha_de_publicacion":"03\/04\/2018","novedad":"1","paginas":"34","subtitulo":"MINDFULNESS PARA NI\u00d1OS","orden":"0","portada":"0","idioma":"spa","editorial":[{"ID":6179,"post_author":"3","post_date":"2022-07-28 17:46:36","post_date_gmt":"2022-07-28 15:46:36","post_content":"","post_title":"DESCLEE DE BROUWER","post_excerpt":"","post_status":"publish","comment_status":"closed","ping_status":"closed","post_password":"","post_name":"desclee-de-brouwer","to_ping":"","pinged":"","post_modified":"2022-07-28 17:46:36","post_modified_gmt":"2022-07-28 15:46:36","post_content_filtered":"","post_parent":0,"guid":"http:\/\/dev.claret.cat\/editorial\/desclee-de-brouwer\/","menu_order":0,"post_type":"editorial","post_mime_type":"","comment_count":"0","filter":"raw"}],"autores-libros":[{"ID":346987,"post_author":"3","post_date":"2023-01-14 01:56:45","post_date_gmt":"2023-01-14 00:56:45","post_content":"","post_title":"FEDERICO DELICAADO","post_excerpt":"","post_status":"publish","comment_status":"closed","ping_status":"closed","post_password":"","post_name":"federico-delicaado","to_ping":"","pinged":"","post_modified":"2023-01-14 01:56:45","post_modified_gmt":"2023-01-14 00:56:45","post_content_filtered":"","post_parent":0,"guid":"https:\/\/www.claret.cat\/autor\/federico-delicaado\/","menu_order":0,"post_type":"autor","post_mime_type":"","comment_count":"0","filter":"raw"},{"ID":151479,"post_author":"3","post_date":"2022-10-14 14:41:12","post_date_gmt":"2022-10-14 12:41:12","post_content":"","post_title":"BEGO\u00d1A IBARROLA","post_excerpt":"","post_status":"publish","comment_status":"closed","ping_status":"closed","post_password":"","post_name":"begona-ibarrola","to_ping":"","pinged":"","post_modified":"2022-10-14 14:41:12","post_modified_gmt":"2022-10-14 12:41:12","post_content_filtered":"","post_parent":0,"guid":"http:\/\/dev.claret.cat\/autor\/begona-ibarrola\/","menu_order":0,"post_type":"autor","post_mime_type":"","comment_count":"0","filter":"raw"}],"booktrailer":"","resenas":""},"aioseo_notices":[],"_links":{"self":[{"href":"https:\/\/www.claret.cat\/es\/wp-json\/wp\/v2\/product\/184352","targetHints":{"allow":["GET"]}}],"collection":[{"href":"https:\/\/www.claret.cat\/es\/wp-json\/wp\/v2\/product"}],"about":[{"href":"https:\/\/www.claret.cat\/es\/wp-json\/wp\/v2\/types\/product"}],"wp:featuredmedia":[{"embeddable":true,"href":"https:\/\/www.claret.cat\/es\/wp-json\/wp\/v2\/media\/346988"}],"wp:attachment":[{"href":"https:\/\/www.claret.cat\/es\/wp-json\/wp\/v2\/media?parent=184352"}],"wp:term":[{"taxonomy":"product_brand","embeddable":true,"href":"https:\/\/www.claret.cat\/es\/wp-json\/wp\/v2\/product_brand?post=184352"},{"taxonomy":"product_cat","embeddable":true,"href":"https:\/\/www.claret.cat\/es\/wp-json\/wp\/v2\/product_cat?post=184352"},{"taxonomy":"product_tag","embeddable":true,"href":"https:\/\/www.claret.cat\/es\/wp-json\/wp\/v2\/product_tag?post=184352"}],"curies":[{"name":"wp","href":"https:\/\/api.w.org\/{rel}","templated":true}]}}