{"id":184370,"date":"2022-10-20T04:22:10","date_gmt":"2022-10-20T02:22:10","guid":{"rendered":"http:\/\/dev.claret.cat\/producte\/sobre-san-agustin\/"},"modified":"2025-09-19T19:19:55","modified_gmt":"2025-09-19T17:19:55","slug":"sobre-san-agustin-9788433029737","status":"publish","type":"product","link":"https:\/\/www.claret.cat\/es\/libro\/sobre-san-agustin-9788433029737\/","title":{"rendered":"SOBRE SAN AGUST\u00cdN"},"content":{"rendered":"<p>En &#8216;Sobre San Agust\u00edn&#8217;, Rowan Williams muestra los frutos de su estudio de San Agust\u00edn a lo largo de cinco lustros de meditaci\u00f3n erudita. Aunque la bibliograf\u00eda especializada acerca del santo pudiera parecer infinita, Williams nos ofrece su particular y excepcional visi\u00f3n, conocimiento y comprensi\u00f3n perspicaces, y el resultado es una contribuci\u00f3n de gran magnitud al pensamiento moderno sobre este gran fil\u00f3sofo y te\u00f3logo. No es una revisi\u00f3n exhaustiva de las obras de San Agust\u00edn, sino de pensamientos acerca de algunos temas importantes como la teolog\u00eda trinitaria agustiniana, su cristolog\u00eda, el mal, el amor, la consciencia de s\u00ed y la memoria, tambi\u00e9n del desasosiego propio del coraz\u00f3n humano. San Agust\u00edn sobresale muy por encima de sus contempor\u00e1neos y de otros Padres de la Iglesia antigua por la calidad de su inteligencia, la profundidad de sus percepciones espirituales y la trascendencia de su influencia ulterior sobre la historia del cristianismo. En su prefacio introductorio el Dr. Williams comenta que estos ensayos fueron escritos inicialmente y originalmente con objeto de explicar y de compartir la obra del santo de Hipona con sus estudiantes y otros lectores expertos interesados. El resultado es una exposici\u00f3n lucida y profunda.<br \/>Rowan Williams ocup\u00f3 la c\u00e1tedra Lady Margaret de Teolog\u00eda de la Universidad de Oxford, antes de ser consagrado obispo de Monmouth en 1992 y arzobispo de Gales en 1999. Despu\u00e9s de un per\u00edodo de diez a\u00f1os (de 2002 a 2012) como arzobispo de Canterbury, en 2013 fue nombrado Rector del Magdalene College de la Universidad de Cambridge, y es famoso internacionalmente como te\u00f3logo, poeta y comentarista de temas de actualidad.<\/p>\n","protected":false},"excerpt":{"rendered":"<p>WILLIAMS, ROWAN<\/p>\n","protected":false},"featured_media":347007,"template":"","meta":{"_acf_changed":false,"om_disable_all_campaigns":false,"rs_blank_template":"","rs_page_bg_color":"","slide_template_v7":"","inline_featured_image":false,"_monsterinsights_skip_tracking":false,"_monsterinsights_sitenote_active":false,"_monsterinsights_sitenote_note":"","_monsterinsights_sitenote_category":0},"product_brand":[],"product_cat":[541,91,545,95,342,76,542,92],"product_tag":[],"class_list":{"0":"post-184370","1":"product","2":"type-product","3":"status-publish","4":"has-post-thumbnail","6":"product_cat-cristologia-1_espiritualidad-spa","7":"product_cat-cristologia","8":"product_cat-santoral-1_espiritualidad-spa","9":"product_cat-santoral","10":"product_cat-teologia-1_espiritualidad","11":"product_cat-teologia","12":"product_cat-vida-religiosa-1_espiritualidad-spa","13":"product_cat-vida-religiosa","15":"first","16":"instock","17":"taxable","18":"shipping-taxable","19":"purchasable","20":"product-type-simple"},"acf":{"autor":"WILLIAMS, ROWAN","codart":"843302973","libros-coleccion":"Biblioteca Manual Descl\u00e9e","ediciones":"1","encuadernacion":"Carton\u00e9","fecha_de_publicacion":"03\/04\/2018","novedad":"1","paginas":"322","subtitulo":"UN ENFOQUE RENOVADO Y VIVIFICADOR DEL PENSAMIENTO AGUSTINIANO","orden":"0","portada":"0","idioma":"spa","editorial":[{"ID":6179,"post_author":"3","post_date":"2022-07-28 17:46:36","post_date_gmt":"2022-07-28 15:46:36","post_content":"","post_title":"DESCLEE DE BROUWER","post_excerpt":"","post_status":"publish","comment_status":"closed","ping_status":"closed","post_password":"","post_name":"desclee-de-brouwer","to_ping":"","pinged":"","post_modified":"2022-07-28 17:46:36","post_modified_gmt":"2022-07-28 15:46:36","post_content_filtered":"","post_parent":0,"guid":"http:\/\/dev.claret.cat\/editorial\/desclee-de-brouwer\/","menu_order":0,"post_type":"editorial","post_mime_type":"","comment_count":"0","filter":"raw"}],"autores-libros":[{"ID":168622,"post_author":"3","post_date":"2022-10-14 22:20:35","post_date_gmt":"2022-10-14 20:20:35","post_content":"","post_title":"ROWAN WILLIAMS","post_excerpt":"","post_status":"publish","comment_status":"closed","ping_status":"closed","post_password":"","post_name":"rowan-williams","to_ping":"","pinged":"","post_modified":"2022-10-14 22:20:35","post_modified_gmt":"2022-10-14 20:20:35","post_content_filtered":"","post_parent":0,"guid":"http:\/\/dev.claret.cat\/autor\/rowan-williams\/","menu_order":0,"post_type":"autor","post_mime_type":"","comment_count":"0","filter":"raw"}],"booktrailer":"","resenas":""},"aioseo_notices":[],"_links":{"self":[{"href":"https:\/\/www.claret.cat\/es\/wp-json\/wp\/v2\/product\/184370","targetHints":{"allow":["GET"]}}],"collection":[{"href":"https:\/\/www.claret.cat\/es\/wp-json\/wp\/v2\/product"}],"about":[{"href":"https:\/\/www.claret.cat\/es\/wp-json\/wp\/v2\/types\/product"}],"wp:featuredmedia":[{"embeddable":true,"href":"https:\/\/www.claret.cat\/es\/wp-json\/wp\/v2\/media\/347007"}],"wp:attachment":[{"href":"https:\/\/www.claret.cat\/es\/wp-json\/wp\/v2\/media?parent=184370"}],"wp:term":[{"taxonomy":"product_brand","embeddable":true,"href":"https:\/\/www.claret.cat\/es\/wp-json\/wp\/v2\/product_brand?post=184370"},{"taxonomy":"product_cat","embeddable":true,"href":"https:\/\/www.claret.cat\/es\/wp-json\/wp\/v2\/product_cat?post=184370"},{"taxonomy":"product_tag","embeddable":true,"href":"https:\/\/www.claret.cat\/es\/wp-json\/wp\/v2\/product_tag?post=184370"}],"curies":[{"name":"wp","href":"https:\/\/api.w.org\/{rel}","templated":true}]}}