{"id":184490,"date":"2022-10-20T04:24:03","date_gmt":"2022-10-20T02:24:03","guid":{"rendered":"http:\/\/dev.claret.cat\/producte\/olga-de-papel\/"},"modified":"2023-01-28T01:29:17","modified_gmt":"2023-01-28T00:29:17","slug":"olga-de-papel-9788417128593","status":"publish","type":"product","link":"https:\/\/www.claret.cat\/es\/libro\/olga-de-papel-9788417128593\/","title":{"rendered":"OLGA DE PAPEL"},"content":{"rendered":"<p>Una historia sobre valores universales para todas las edades. Esta es una historia real. Es la historia de cuando el oso amaestrado del se\u00f1or Yubat, al final, me cort\u00f3 en dos y el hombrecito muelle me peg\u00f3 con celo. \u00c9l siempre lleva encima un rollo de celo, porque de vez en cuando se despega del fondo de la caja y cae fuera. La mujer voladora quer\u00eda prestarme una de sus tiritas, pero yo opino que, si te cortan en dos, hace falta algo m\u00e1s fuerte para mantenerte junta.<\/p>\n","protected":false},"excerpt":{"rendered":"<p>GNONE,ELISABETTA<\/p>\n","protected":false},"featured_media":184491,"template":"","meta":{"_acf_changed":false,"om_disable_all_campaigns":false,"rs_blank_template":"","rs_page_bg_color":"","slide_template_v7":"","inline_featured_image":false,"_monsterinsights_skip_tracking":false,"_monsterinsights_sitenote_active":false,"_monsterinsights_sitenote_note":"","_monsterinsights_sitenote_category":0},"product_brand":[],"product_cat":[117],"product_tag":[],"class_list":{"0":"post-184490","1":"product","2":"type-product","3":"status-publish","4":"has-post-thumbnail","6":"product_cat-juvenil","8":"first","9":"instock","10":"taxable","11":"shipping-taxable","12":"purchasable","13":"product-type-simple"},"acf":{"autor":"GNONE,ELISABETTA","codart":"841712859","libros-coleccion":"Juvenil","ediciones":"1","encuadernacion":"Carpeta","fecha_de_publicacion":"01\/04\/2018","novedad":"1","paginas":"317","subtitulo":"","orden":"0","portada":"0","idioma":"spa","editorial":[{"ID":147763,"post_author":"3","post_date":"2022-10-14 11:53:02","post_date_gmt":"2022-10-14 09:53:02","post_content":"","post_title":"DUOMO EDITORIAL","post_excerpt":"","post_status":"publish","comment_status":"closed","ping_status":"closed","post_password":"","post_name":"duomo-editorial","to_ping":"","pinged":"","post_modified":"2022-10-14 11:53:02","post_modified_gmt":"2022-10-14 09:53:02","post_content_filtered":"","post_parent":0,"guid":"http:\/\/dev.claret.cat\/editorial\/duomo-editorial\/","menu_order":0,"post_type":"editorial","post_mime_type":"","comment_count":"0","filter":"raw"}],"autores-libros":[{"ID":154833,"post_author":"3","post_date":"2022-10-14 15:08:01","post_date_gmt":"2022-10-14 13:08:01","post_content":"","post_title":"ELISABETTA GNONE","post_excerpt":"","post_status":"publish","comment_status":"closed","ping_status":"closed","post_password":"","post_name":"elisabetta-gnone","to_ping":"","pinged":"","post_modified":"2022-10-14 15:08:01","post_modified_gmt":"2022-10-14 13:08:01","post_content_filtered":"","post_parent":0,"guid":"http:\/\/dev.claret.cat\/autor\/elisabetta-gnone\/","menu_order":0,"post_type":"autor","post_mime_type":"","comment_count":"0","filter":"raw"}]},"aioseo_notices":[],"_links":{"self":[{"href":"https:\/\/www.claret.cat\/es\/wp-json\/wp\/v2\/product\/184490","targetHints":{"allow":["GET"]}}],"collection":[{"href":"https:\/\/www.claret.cat\/es\/wp-json\/wp\/v2\/product"}],"about":[{"href":"https:\/\/www.claret.cat\/es\/wp-json\/wp\/v2\/types\/product"}],"wp:featuredmedia":[{"embeddable":true,"href":"https:\/\/www.claret.cat\/es\/wp-json\/wp\/v2\/media\/184491"}],"wp:attachment":[{"href":"https:\/\/www.claret.cat\/es\/wp-json\/wp\/v2\/media?parent=184490"}],"wp:term":[{"taxonomy":"product_brand","embeddable":true,"href":"https:\/\/www.claret.cat\/es\/wp-json\/wp\/v2\/product_brand?post=184490"},{"taxonomy":"product_cat","embeddable":true,"href":"https:\/\/www.claret.cat\/es\/wp-json\/wp\/v2\/product_cat?post=184490"},{"taxonomy":"product_tag","embeddable":true,"href":"https:\/\/www.claret.cat\/es\/wp-json\/wp\/v2\/product_tag?post=184490"}],"curies":[{"name":"wp","href":"https:\/\/api.w.org\/{rel}","templated":true}]}}