{"id":184523,"date":"2022-10-20T04:24:34","date_gmt":"2022-10-20T02:24:34","guid":{"rendered":"http:\/\/dev.claret.cat\/producte\/quan-erem-els-peripatetics\/"},"modified":"2024-01-31T17:05:57","modified_gmt":"2024-01-31T16:05:57","slug":"quan-erem-els-peripatetics-9788466423656","status":"publish","type":"product","link":"https:\/\/www.claret.cat\/es\/libro\/quan-erem-els-peripatetics-9788466423656\/","title":{"rendered":"QUAN \u00c9REM ELS PERIPAT\u00c8TICS"},"content":{"rendered":"<p>El Bruno Bergeron va tenir una adolesc\u00e8ncia dif\u00edcil, i encara es va complicar m\u00e9s quan va veure entrar el seu pare a classe, amb la cartera de professor i cridant: Em dic Merl\u00ed i vull que la filosofia us faci trempar!. Al cap dels anys recorda els cursos de batxillerat de qu\u00e8 va gaudir amb els seus companys de classe, els peripat\u00e8tics, perqu\u00e8 la seva germana Mina senti a prop la figura del pare que mai va con\u00e8ixer. A la novel\u00b7la de Merl\u00ed\u00a0hi descobrireu aspectes nous de la vida del Pol, la T\u00e0nia,el Joan, el Marc, la Berta, el Gerard i del mateix Bruno, quere viur\u00e0 les seves experi\u00e8ncies durant la seva estada a Roma. Els primers amors, les festes desenfrenades, el sexe, els estudis, la por al futur, les relacions familiars, les amistats s\u00f3n els temes centrals de les aventures inoblidables de Quan \u00e9rem els peripat\u00e8tics, narrades pel Bruno Bergeron.\u00a0Mina, ha arribat el moment que s\u00e0pigues b\u00e9 qui era el nostre pare, a qui mai vas arribar a con\u00e8ixer. Veur\u00e0s que per a nosaltres era m\u00e9s que un professor. Alguna cosa m\u00e0gica ens va passar quan \u00e9rem els peripat\u00e8tics. T&#8217;ho dir\u00e9 d&#8217;una manera na\u00eff: \u00ab\u00c9rem com espases clavades en una paret de pedra. I el Merl\u00ed ens va arrencar de la pedra i ens va obrir els ulls\u00bb. Est\u00e0s preparada per entendre per qu\u00e8 el Merl\u00ed era el millor professor del m\u00f3n?<\/p>\n","protected":false},"excerpt":{"rendered":"<p>LOZANO, H\u00c9CTOR<\/p>\n","protected":false},"featured_media":184524,"template":"","meta":{"_acf_changed":false,"om_disable_all_campaigns":false,"rs_blank_template":"","rs_page_bg_color":"","slide_template_v7":"","inline_featured_image":false,"_monsterinsights_skip_tracking":false,"_monsterinsights_sitenote_active":false,"_monsterinsights_sitenote_note":"","_monsterinsights_sitenote_category":0},"product_brand":[],"product_cat":[561,112,87,353],"product_tag":[],"class_list":{"0":"post-184523","1":"product","2":"type-product","3":"status-publish","4":"has-post-thumbnail","6":"product_cat-cine-y-television","7":"product_cat-cinema-i-televisio","8":"product_cat-literatura","9":"product_cat-literatura-2_humanidades","11":"first","12":"instock","13":"taxable","14":"shipping-taxable","15":"purchasable","16":"product-type-simple"},"acf":{"autor":"LOZANO, H\u00c9CTOR","codart":"846642365","libros-coleccion":"Cl\u00e0ssica","ediciones":"1","encuadernacion":"R\u00fastica","fecha_de_publicacion":"01\/04\/2018","novedad":"1","paginas":"338","subtitulo":"","orden":"0","portada":"0","idioma":"cat","editorial":[{"ID":6166,"post_author":"3","post_date":"2022-07-28 17:46:19","post_date_gmt":"2022-07-28 15:46:19","post_content":"","post_title":"Columna CAT","post_excerpt":"","post_status":"publish","comment_status":"closed","ping_status":"closed","post_password":"","post_name":"columna-cat","to_ping":"","pinged":"","post_modified":"2022-07-28 17:46:19","post_modified_gmt":"2022-07-28 15:46:19","post_content_filtered":"","post_parent":0,"guid":"http:\/\/dev.claret.cat\/editorial\/columna-cat\/","menu_order":0,"post_type":"editorial","post_mime_type":"","comment_count":"0","filter":"raw"}],"autores-libros":[{"ID":157428,"post_author":"3","post_date":"2022-10-14 15:28:45","post_date_gmt":"2022-10-14 13:28:45","post_content":"","post_title":"HECTOR LOZANO","post_excerpt":"","post_status":"publish","comment_status":"closed","ping_status":"closed","post_password":"","post_name":"hector-lozano","to_ping":"","pinged":"","post_modified":"2022-10-14 15:28:45","post_modified_gmt":"2022-10-14 13:28:45","post_content_filtered":"","post_parent":0,"guid":"http:\/\/dev.claret.cat\/autor\/hector-lozano\/","menu_order":0,"post_type":"autor","post_mime_type":"","comment_count":"0","filter":"raw"}]},"aioseo_notices":[],"_links":{"self":[{"href":"https:\/\/www.claret.cat\/es\/wp-json\/wp\/v2\/product\/184523","targetHints":{"allow":["GET"]}}],"collection":[{"href":"https:\/\/www.claret.cat\/es\/wp-json\/wp\/v2\/product"}],"about":[{"href":"https:\/\/www.claret.cat\/es\/wp-json\/wp\/v2\/types\/product"}],"wp:featuredmedia":[{"embeddable":true,"href":"https:\/\/www.claret.cat\/es\/wp-json\/wp\/v2\/media\/184524"}],"wp:attachment":[{"href":"https:\/\/www.claret.cat\/es\/wp-json\/wp\/v2\/media?parent=184523"}],"wp:term":[{"taxonomy":"product_brand","embeddable":true,"href":"https:\/\/www.claret.cat\/es\/wp-json\/wp\/v2\/product_brand?post=184523"},{"taxonomy":"product_cat","embeddable":true,"href":"https:\/\/www.claret.cat\/es\/wp-json\/wp\/v2\/product_cat?post=184523"},{"taxonomy":"product_tag","embeddable":true,"href":"https:\/\/www.claret.cat\/es\/wp-json\/wp\/v2\/product_tag?post=184523"}],"curies":[{"name":"wp","href":"https:\/\/api.w.org\/{rel}","templated":true}]}}