{"id":184541,"date":"2022-10-20T04:24:51","date_gmt":"2022-10-20T02:24:51","guid":{"rendered":"http:\/\/dev.claret.cat\/producte\/gauss-y-la-teoria-de-los-numeros\/"},"modified":"2025-02-04T17:28:47","modified_gmt":"2025-02-04T16:28:47","slug":"gauss-y-la-teoria-de-los-numeros-9788482986951","status":"publish","type":"product","link":"https:\/\/www.claret.cat\/es\/libro\/gauss-y-la-teoria-de-los-numeros-9788482986951\/","title":{"rendered":"GAUSS Y LA TEOR\u00cdA DE LOS N\u00daMEROS"},"content":{"rendered":"<p>Carl Friedrich Gauss mereci\u00f3 en vida el apelativo de \u00abpr\u00edncipe de los matem\u00e1ticos\u00bb, y en los dos siglos que han transcurrido desde su muerte nadie le ha discutido este lugar de privilegio. Su figura guarda interesantes paralelismos con la de otro genial compatriota y contempor\u00e1neo suyo: W. A. Mozart. Ambos fueron ni\u00f1os prodigio con carreras patrocinadas por gobernantes ansiosos por vincular sus respectivas cortes a las mayores promesas de las artes y las ciencias. A diferencia del compositor, Gauss tuvo la fortuna de gozar de una vida larga y tranquila, lo que redund\u00f3 en aportaciones fundamentales en geometr\u00eda, estad\u00edstica, astronom\u00eda o f\u00edsica. De entre todas ellas destacan las relativas a la teor\u00eda de n\u00fameros, es decir, las que versan sobre las propiedades de los n\u00fameros; un campo cient\u00edfico que Gauss labr\u00f3 con mimo y en el cual recogi\u00f3 algunos de los frutos m\u00e1s exuberantes del pensamiento humano.<\/p>\n","protected":false},"excerpt":{"rendered":"<p>RUFIAN LIZANA, ANTONIO<\/p>\n","protected":false},"featured_media":184542,"template":"","meta":{"_acf_changed":false,"om_disable_all_campaigns":false,"rs_blank_template":"","rs_page_bg_color":"","slide_template_v7":"","inline_featured_image":false,"_monsterinsights_skip_tracking":false,"_monsterinsights_sitenote_active":false,"_monsterinsights_sitenote_note":"","_monsterinsights_sitenote_category":0},"product_brand":[],"product_cat":[104,554],"product_tag":[],"class_list":{"0":"post-184541","1":"product","2":"type-product","3":"status-publish","4":"has-post-thumbnail","6":"product_cat-ciencia","7":"product_cat-ciencia-5_otras-spa","9":"first","10":"instock","11":"taxable","12":"shipping-taxable","13":"purchasable","14":"product-type-simple"},"acf":{"autor":"RUFIAN LIZANA, ANTONIO","codart":"848298695","libros-coleccion":"NATGEO CIENCIAS","ediciones":"1","encuadernacion":"Carton\u00e9","fecha_de_publicacion":"01\/04\/2018","novedad":"1","paginas":"168","subtitulo":"","orden":"0","portada":"0","idioma":"spa","editorial":[{"ID":148560,"post_author":"3","post_date":"2022-10-14 11:59:12","post_date_gmt":"2022-10-14 09:59:12","post_content":"","post_title":"National Geographic","post_excerpt":"","post_status":"publish","comment_status":"closed","ping_status":"closed","post_password":"","post_name":"national-geographic","to_ping":"","pinged":"","post_modified":"2022-10-14 11:59:12","post_modified_gmt":"2022-10-14 09:59:12","post_content_filtered":"","post_parent":0,"guid":"http:\/\/dev.claret.cat\/editorial\/national-geographic\/","menu_order":0,"post_type":"editorial","post_mime_type":"","comment_count":"0","filter":"raw"}],"autores-libros":[{"ID":420475,"post_author":"3","post_date":"2023-05-16 00:51:26","post_date_gmt":"2023-05-15 22:51:26","post_content":"","post_title":"ANTONIO RUFIAN LIZANA","post_excerpt":"","post_status":"publish","comment_status":"closed","ping_status":"closed","post_password":"","post_name":"antonio-rufian-lizana","to_ping":"","pinged":"","post_modified":"2023-05-16 00:51:26","post_modified_gmt":"2023-05-15 22:51:26","post_content_filtered":"","post_parent":0,"guid":"https:\/\/www.claret.cat\/autor\/antonio-rufian-lizana\/","menu_order":0,"post_type":"autor","post_mime_type":"","comment_count":"0","filter":"raw"}]},"aioseo_notices":[],"_links":{"self":[{"href":"https:\/\/www.claret.cat\/es\/wp-json\/wp\/v2\/product\/184541","targetHints":{"allow":["GET"]}}],"collection":[{"href":"https:\/\/www.claret.cat\/es\/wp-json\/wp\/v2\/product"}],"about":[{"href":"https:\/\/www.claret.cat\/es\/wp-json\/wp\/v2\/types\/product"}],"wp:featuredmedia":[{"embeddable":true,"href":"https:\/\/www.claret.cat\/es\/wp-json\/wp\/v2\/media\/184542"}],"wp:attachment":[{"href":"https:\/\/www.claret.cat\/es\/wp-json\/wp\/v2\/media?parent=184541"}],"wp:term":[{"taxonomy":"product_brand","embeddable":true,"href":"https:\/\/www.claret.cat\/es\/wp-json\/wp\/v2\/product_brand?post=184541"},{"taxonomy":"product_cat","embeddable":true,"href":"https:\/\/www.claret.cat\/es\/wp-json\/wp\/v2\/product_cat?post=184541"},{"taxonomy":"product_tag","embeddable":true,"href":"https:\/\/www.claret.cat\/es\/wp-json\/wp\/v2\/product_tag?post=184541"}],"curies":[{"name":"wp","href":"https:\/\/api.w.org\/{rel}","templated":true}]}}