{"id":184796,"date":"2022-10-20T04:29:03","date_gmt":"2022-10-20T02:29:03","guid":{"rendered":"http:\/\/dev.claret.cat\/producte\/la-roba\/"},"modified":"2023-01-28T03:59:05","modified_gmt":"2023-01-28T02:59:05","slug":"la-roba-9788417254544","status":"publish","type":"product","link":"https:\/\/www.claret.cat\/es\/libro\/la-roba-9788417254544\/","title":{"rendered":"LA ROBA"},"content":{"rendered":"<p>Que b\u00e9! El sol brilla. Podr\u00e0s posar-te la teva roba d&#8217;estiu. Saps de qu\u00e8 est\u00e0 feta? Aixeca la solapa i descobrir\u00e0s una flor de cot\u00f3 i samarretes de tots els colors. Tamb\u00e9 trobar\u00e0s un vestit, el banyador, la gorra i les sand\u00e0lies&#8230;<br \/> Aix\u00ed mateix podr\u00e0s descobrir la roba per a la pluja, la neu, per no passar fred&#8230; i per anar al llit!<br \/> Mirant sota les solapes i fent girar les petites rodes passem d&#8217;una sorpresa a la seg\u00fcent: el jersei de llana procedent de les ovelles, podr\u00e0s canviar el dibuix d&#8217;una dessuadora amb caputxa&#8230;<\/p>\n","protected":false},"excerpt":{"rendered":"<p>FOUQUIER, ELSA<\/p>\n","protected":false},"featured_media":184797,"template":"","meta":{"_acf_changed":false,"om_disable_all_campaigns":false,"rs_blank_template":"","rs_page_bg_color":"","slide_template_v7":"","inline_featured_image":false,"_monsterinsights_skip_tracking":false,"_monsterinsights_sitenote_active":false,"_monsterinsights_sitenote_note":"","_monsterinsights_sitenote_category":0},"product_brand":[],"product_cat":[86],"product_tag":[],"class_list":{"0":"post-184796","1":"product","2":"type-product","3":"status-publish","4":"has-post-thumbnail","6":"product_cat-infantil","8":"first","9":"instock","10":"taxable","11":"shipping-taxable","12":"purchasable","13":"product-type-simple"},"acf":{"autor":"FOUQUIER, ELSA","codart":"841725454","libros-coleccion":"ELFOS","ediciones":"1","encuadernacion":"Carton\u00e9","fecha_de_publicacion":"01\/04\/2018","novedad":"1","paginas":"12","subtitulo":"","orden":"0","portada":"0","idioma":"cat","editorial":[{"ID":147554,"post_author":"3","post_date":"2022-10-14 11:51:27","post_date_gmt":"2022-10-14 09:51:27","post_content":"","post_title":"BLUME (Naturart)","post_excerpt":"","post_status":"publish","comment_status":"closed","ping_status":"closed","post_password":"","post_name":"blume-naturart","to_ping":"","pinged":"","post_modified":"2022-10-14 11:51:27","post_modified_gmt":"2022-10-14 09:51:27","post_content_filtered":"","post_parent":0,"guid":"http:\/\/dev.claret.cat\/editorial\/blume-naturart\/","menu_order":0,"post_type":"editorial","post_mime_type":"","comment_count":"0","filter":"raw"}],"autores-libros":[{"ID":5444,"post_author":"3","post_date":"2022-07-28 17:24:05","post_date_gmt":"2022-07-28 15:24:05","post_content":"","post_title":"ELSA FOUQUIER","post_excerpt":"","post_status":"publish","comment_status":"closed","ping_status":"closed","post_password":"","post_name":"elsa-fouquier","to_ping":"","pinged":"","post_modified":"2022-07-28 17:24:05","post_modified_gmt":"2022-07-28 15:24:05","post_content_filtered":"","post_parent":0,"guid":"http:\/\/dev.claret.cat\/autor\/elsa-fouquier\/","menu_order":0,"post_type":"autor","post_mime_type":"","comment_count":"0","filter":"raw"}]},"aioseo_notices":[],"_links":{"self":[{"href":"https:\/\/www.claret.cat\/es\/wp-json\/wp\/v2\/product\/184796","targetHints":{"allow":["GET"]}}],"collection":[{"href":"https:\/\/www.claret.cat\/es\/wp-json\/wp\/v2\/product"}],"about":[{"href":"https:\/\/www.claret.cat\/es\/wp-json\/wp\/v2\/types\/product"}],"wp:featuredmedia":[{"embeddable":true,"href":"https:\/\/www.claret.cat\/es\/wp-json\/wp\/v2\/media\/184797"}],"wp:attachment":[{"href":"https:\/\/www.claret.cat\/es\/wp-json\/wp\/v2\/media?parent=184796"}],"wp:term":[{"taxonomy":"product_brand","embeddable":true,"href":"https:\/\/www.claret.cat\/es\/wp-json\/wp\/v2\/product_brand?post=184796"},{"taxonomy":"product_cat","embeddable":true,"href":"https:\/\/www.claret.cat\/es\/wp-json\/wp\/v2\/product_cat?post=184796"},{"taxonomy":"product_tag","embeddable":true,"href":"https:\/\/www.claret.cat\/es\/wp-json\/wp\/v2\/product_tag?post=184796"}],"curies":[{"name":"wp","href":"https:\/\/api.w.org\/{rel}","templated":true}]}}