{"id":184820,"date":"2022-10-20T04:29:31","date_gmt":"2022-10-20T02:29:31","guid":{"rendered":"http:\/\/dev.claret.cat\/producte\/los-olvidados-de-los-olvidados\/"},"modified":"2023-01-28T10:46:20","modified_gmt":"2023-01-28T09:46:20","slug":"los-olvidados-de-los-olvidados-9788490974728","status":"publish","type":"product","link":"https:\/\/www.claret.cat\/es\/libro\/los-olvidados-de-los-olvidados-9788490974728\/","title":{"rendered":"LOS OLVIDADOS DE LOS OLVIDADOS"},"content":{"rendered":"<p>Los olvidados de los olvidados es una breve historia del anarquismo espa\u00f1ol. Aunque el libro tiene una franca vocaci\u00f3n pedag\u00f3gica y divulgadora, incorpora una consideraci\u00f3n cr\u00edtica de debates relevantes. Es el caso de los que se interesan por las explicaciones que dan cuenta del peso del anarquismo en Espa\u00f1a, por la naturaleza de fondo de este \u00faltimo, por su dimensi\u00f3n de articulaci\u00f3n de una sociedad alternativa, por las discusiones que se hicieron valer, durante la guerra civil, al calor de la participaci\u00f3n en las instituciones o, en suma, por la propia actualidad del pensamiento y de las pr\u00e1cticas libertarias.<\/p>\n","protected":false},"excerpt":{"rendered":"<p>TAIBO ARIAS, CARLOS<\/p>\n","protected":false},"featured_media":184821,"template":"","meta":{"_acf_changed":false,"om_disable_all_campaigns":false,"rs_blank_template":"","rs_page_bg_color":"","slide_template_v7":"","inline_featured_image":false,"_monsterinsights_skip_tracking":false,"_monsterinsights_sitenote_active":false,"_monsterinsights_sitenote_note":"","_monsterinsights_sitenote_category":0},"product_brand":[],"product_cat":[85],"product_tag":[],"class_list":{"0":"post-184820","1":"product","2":"type-product","3":"status-publish","4":"has-post-thumbnail","6":"product_cat-historia","8":"first","9":"instock","10":"taxable","11":"shipping-taxable","12":"purchasable","13":"product-type-simple"},"acf":{"autor":"TAIBO ARIAS, CARLOS","codart":"849097472","libros-coleccion":"FUERA DE COLECCI\u00d3N","ediciones":"1","encuadernacion":"R\u00fastica","fecha_de_publicacion":"01\/04\/2018","novedad":"1","paginas":"158","subtitulo":"UN SIGLO Y MEDIO DE ANARQUISMO EN ESPA\u00d1A","orden":"0","portada":"0","idioma":"spa","editorial":[{"ID":6287,"post_author":"3","post_date":"2022-07-28 17:48:57","post_date_gmt":"2022-07-28 15:48:57","post_content":"","post_title":"LIBROS DE LA CATARATA","post_excerpt":"","post_status":"publish","comment_status":"closed","ping_status":"closed","post_password":"","post_name":"libros-de-la-catarata","to_ping":"","pinged":"","post_modified":"2022-07-28 17:48:57","post_modified_gmt":"2022-07-28 15:48:57","post_content_filtered":"","post_parent":0,"guid":"http:\/\/dev.claret.cat\/editorial\/libros-de-la-catarata\/","menu_order":0,"post_type":"editorial","post_mime_type":"","comment_count":"0","filter":"raw"}],"autores-libros":[{"ID":152334,"post_author":"3","post_date":"2022-10-14 14:47:56","post_date_gmt":"2022-10-14 12:47:56","post_content":"","post_title":"CARLOS TAIBO ARIAS","post_excerpt":"","post_status":"publish","comment_status":"closed","ping_status":"closed","post_password":"","post_name":"carlos-taibo-arias","to_ping":"","pinged":"","post_modified":"2022-10-14 14:47:56","post_modified_gmt":"2022-10-14 12:47:56","post_content_filtered":"","post_parent":0,"guid":"http:\/\/dev.claret.cat\/autor\/carlos-taibo-arias\/","menu_order":0,"post_type":"autor","post_mime_type":"","comment_count":"0","filter":"raw"}]},"aioseo_notices":[],"_links":{"self":[{"href":"https:\/\/www.claret.cat\/es\/wp-json\/wp\/v2\/product\/184820","targetHints":{"allow":["GET"]}}],"collection":[{"href":"https:\/\/www.claret.cat\/es\/wp-json\/wp\/v2\/product"}],"about":[{"href":"https:\/\/www.claret.cat\/es\/wp-json\/wp\/v2\/types\/product"}],"wp:featuredmedia":[{"embeddable":true,"href":"https:\/\/www.claret.cat\/es\/wp-json\/wp\/v2\/media\/184821"}],"wp:attachment":[{"href":"https:\/\/www.claret.cat\/es\/wp-json\/wp\/v2\/media?parent=184820"}],"wp:term":[{"taxonomy":"product_brand","embeddable":true,"href":"https:\/\/www.claret.cat\/es\/wp-json\/wp\/v2\/product_brand?post=184820"},{"taxonomy":"product_cat","embeddable":true,"href":"https:\/\/www.claret.cat\/es\/wp-json\/wp\/v2\/product_cat?post=184820"},{"taxonomy":"product_tag","embeddable":true,"href":"https:\/\/www.claret.cat\/es\/wp-json\/wp\/v2\/product_tag?post=184820"}],"curies":[{"name":"wp","href":"https:\/\/api.w.org\/{rel}","templated":true}]}}