{"id":184838,"date":"2022-10-20T04:29:49","date_gmt":"2022-10-20T02:29:49","guid":{"rendered":"http:\/\/dev.claret.cat\/producte\/els-numeros-llibre-amb-llums-i-sons\/"},"modified":"2025-10-20T18:33:30","modified_gmt":"2025-10-20T16:33:30","slug":"els-numeros-llibre-amb-llums-i-sons-9788491373988","status":"publish","type":"product","link":"https:\/\/www.claret.cat\/es\/libro\/els-numeros-llibre-amb-llums-i-sons-9788491373988\/","title":{"rendered":"ELS N\u00daMEROS. LLIBRE AMB LLUMS I SONS"},"content":{"rendered":"<p>Cont\u00e9 5 sons diferents integrats i 5 llums acumulatives a cada p\u00e0gina per aprendre els n\u00fameros d&#8217;una manera molt especial: escoltant i encenen llums!\u00a0Nova col\u00b7lecci\u00f3 que combina els primers h\u00e0bits i conceptes m\u00e9s propers a aquestes edats.<\/p>\n","protected":false},"excerpt":{"rendered":"<p>MART\u00cdNEZ, EMMA<\/p>\n","protected":false},"featured_media":184839,"template":"","meta":{"_acf_changed":false,"om_disable_all_campaigns":false,"rs_blank_template":"","rs_page_bg_color":"","slide_template_v7":"","inline_featured_image":false,"_monsterinsights_skip_tracking":false,"_monsterinsights_sitenote_active":false,"_monsterinsights_sitenote_note":"","_monsterinsights_sitenote_category":0},"product_brand":[],"product_cat":[86,352],"product_tag":[],"class_list":{"0":"post-184838","1":"product","2":"type-product","3":"status-publish","4":"has-post-thumbnail","6":"product_cat-infantil","7":"product_cat-infantil-3_infantil-juvenil-spa","9":"first","10":"instock","11":"taxable","12":"shipping-taxable","13":"purchasable","14":"product-type-simple"},"acf":{"autor":"MART\u00cdNEZ, EMMA","codart":"849137398","libros-coleccion":"Llibres de sons","ediciones":"1","encuadernacion":"Carpeta","fecha_de_publicacion":"01\/04\/2018","novedad":"1","paginas":"8","subtitulo":"","orden":"0","portada":"0","idioma":"cat","editorial":[{"ID":6249,"post_author":"3","post_date":"2022-07-28 17:48:09","post_date_gmt":"2022-07-28 15:48:09","post_content":"","post_title":"Estrella Polar","post_excerpt":"","post_status":"publish","comment_status":"closed","ping_status":"closed","post_password":"","post_name":"estrella-polar","to_ping":"","pinged":"","post_modified":"2022-07-28 17:48:09","post_modified_gmt":"2022-07-28 15:48:09","post_content_filtered":"","post_parent":0,"guid":"http:\/\/dev.claret.cat\/editorial\/estrella-polar\/","menu_order":0,"post_type":"editorial","post_mime_type":"","comment_count":"0","filter":"raw"}],"autores-libros":[{"ID":155031,"post_author":"3","post_date":"2022-10-14 15:09:36","post_date_gmt":"2022-10-14 13:09:36","post_content":"","post_title":"EMMA MARTINEZ","post_excerpt":"","post_status":"publish","comment_status":"closed","ping_status":"closed","post_password":"","post_name":"emma-martinez","to_ping":"","pinged":"","post_modified":"2022-10-14 15:09:36","post_modified_gmt":"2022-10-14 13:09:36","post_content_filtered":"","post_parent":0,"guid":"http:\/\/dev.claret.cat\/autor\/emma-martinez\/","menu_order":0,"post_type":"autor","post_mime_type":"","comment_count":"0","filter":"raw"}],"booktrailer":"","resenas":""},"aioseo_notices":[],"_links":{"self":[{"href":"https:\/\/www.claret.cat\/es\/wp-json\/wp\/v2\/product\/184838","targetHints":{"allow":["GET"]}}],"collection":[{"href":"https:\/\/www.claret.cat\/es\/wp-json\/wp\/v2\/product"}],"about":[{"href":"https:\/\/www.claret.cat\/es\/wp-json\/wp\/v2\/types\/product"}],"wp:featuredmedia":[{"embeddable":true,"href":"https:\/\/www.claret.cat\/es\/wp-json\/wp\/v2\/media\/184839"}],"wp:attachment":[{"href":"https:\/\/www.claret.cat\/es\/wp-json\/wp\/v2\/media?parent=184838"}],"wp:term":[{"taxonomy":"product_brand","embeddable":true,"href":"https:\/\/www.claret.cat\/es\/wp-json\/wp\/v2\/product_brand?post=184838"},{"taxonomy":"product_cat","embeddable":true,"href":"https:\/\/www.claret.cat\/es\/wp-json\/wp\/v2\/product_cat?post=184838"},{"taxonomy":"product_tag","embeddable":true,"href":"https:\/\/www.claret.cat\/es\/wp-json\/wp\/v2\/product_tag?post=184838"}],"curies":[{"name":"wp","href":"https:\/\/api.w.org\/{rel}","templated":true}]}}