{"id":18499,"date":"2022-10-01T23:43:30","date_gmt":"2022-10-01T21:43:30","guid":{"rendered":"http:\/\/dev.claret.cat\/producte\/hasta-los-confines-de-la-tierra-ii-el-macedonio\/"},"modified":"2026-01-26T17:20:43","modified_gmt":"2026-01-26T16:20:43","slug":"hasta-los-confines-de-la-tierra-ii-el-macedonio-9788481696875","status":"publish","type":"product","link":"https:\/\/www.claret.cat\/es\/libro\/hasta-los-confines-de-la-tierra-ii-el-macedonio-9788481696875\/","title":{"rendered":"HASTA LOS CONFINES DE LA TIERRA II. EL MACEDONIO"},"content":{"rendered":"<p>En este volumen, Andr\u00f3nico y su familia siguen comentando el libro de los Hechos, concretamente los actuales cap\u00edtulos 13-18, donde se cuentan tres viajes de Pablo: una misi\u00f3n en la zona sur y central de la actual Turqu\u00eda, una ida a Jerusal\u00e9n para resolver las tensiones surgidas entre esa comunidad y la de Antioqu\u00eda de Siria, y otro viaje misionero, que, tras la visi\u00f3n del macedonio, lo lleva a diversas ciudades griegas, desde Filipos hasta Corinto. <br \/>Pero Andr\u00f3nico aprovecha la lectura de los Hechos para que su familia conozca algunas cartas de Pablo, bien \u00edntegramente (G\u00e1latas y 1 Tesalonicenses), o en algunas de sus partes (1 Corintios, Romanos).<br \/>Para la inmensa mayor\u00eda de los cat\u00f3licos actuales, que de las cartas de Pablo s\u00f3lo sabe que existen, que se leen en la misa, y que no hay quien las entienda, el contacto con estos textos puede suponer una grande y agradable sorpresa<\/p>\n","protected":false},"excerpt":{"rendered":"<p>SICRE D\u00cdAZ, JOS\u00c9 LUIS<\/p>\n","protected":false},"featured_media":1078202,"template":"","meta":{"_acf_changed":false,"om_disable_all_campaigns":false,"rs_blank_template":"","rs_page_bg_color":"","slide_template_v7":"","inline_featured_image":false,"_monsterinsights_skip_tracking":false,"_monsterinsights_sitenote_active":false,"_monsterinsights_sitenote_note":"","_monsterinsights_sitenote_category":0},"product_brand":[],"product_cat":[467,206,205,466,130,360],"product_tag":[],"class_list":{"0":"post-18499","1":"product","2":"type-product","3":"status-publish","4":"has-post-thumbnail","6":"product_cat-epistolas-de-san-pablo","7":"product_cat-epistoles-de-sant-pau","8":"product_cat-fets-dels-apostols","9":"product_cat-hechos-de-los-apostoles","10":"product_cat-novella-historica-i-ficcio","11":"product_cat-novela-historica-y-ficcion","13":"first","14":"instock","15":"taxable","16":"shipping-taxable","17":"purchasable","18":"product-type-simple"},"acf":{"autor":"SICRE D\u00cdAZ, JOS\u00c9 LUIS","codart":"848169687","libros-coleccion":"Materiales de Trabajo","ediciones":"1","encuadernacion":"R\u00fastica","fecha_de_publicacion":"29\/09\/2006","novedad":"0","paginas":"488","subtitulo":"II. EL MACEDONIO","orden":"999","portada":"0","idioma":"spa","editorial":[{"ID":6390,"post_author":"3","post_date":"2022-07-28 17:51:08","post_date_gmt":"2022-07-28 15:51:08","post_content":"","post_title":"VERBO DIVINO","post_excerpt":"","post_status":"publish","comment_status":"closed","ping_status":"closed","post_password":"","post_name":"verbo-divino","to_ping":"","pinged":"","post_modified":"2022-07-28 17:51:08","post_modified_gmt":"2022-07-28 15:51:08","post_content_filtered":"","post_parent":0,"guid":"http:\/\/dev.claret.cat\/editorial\/verbo-divino\/","menu_order":0,"post_type":"editorial","post_mime_type":"","comment_count":"0","filter":"raw"}],"autores-libros":[{"ID":160374,"post_author":"3","post_date":"2022-10-14 15:52:33","post_date_gmt":"2022-10-14 13:52:33","post_content":"","post_title":"JOS\u00c9 LUIS SICRE","post_excerpt":"","post_status":"publish","comment_status":"closed","ping_status":"closed","post_password":"","post_name":"jose-luis-sicre","to_ping":"","pinged":"","post_modified":"2022-10-14 15:52:33","post_modified_gmt":"2022-10-14 13:52:33","post_content_filtered":"","post_parent":0,"guid":"http:\/\/dev.claret.cat\/autor\/jose-luis-sicre\/","menu_order":0,"post_type":"autor","post_mime_type":"","comment_count":"0","filter":"raw"}],"booktrailer":"","resenas":""},"aioseo_notices":[],"_links":{"self":[{"href":"https:\/\/www.claret.cat\/es\/wp-json\/wp\/v2\/product\/18499","targetHints":{"allow":["GET"]}}],"collection":[{"href":"https:\/\/www.claret.cat\/es\/wp-json\/wp\/v2\/product"}],"about":[{"href":"https:\/\/www.claret.cat\/es\/wp-json\/wp\/v2\/types\/product"}],"wp:featuredmedia":[{"embeddable":true,"href":"https:\/\/www.claret.cat\/es\/wp-json\/wp\/v2\/media\/1078202"}],"wp:attachment":[{"href":"https:\/\/www.claret.cat\/es\/wp-json\/wp\/v2\/media?parent=18499"}],"wp:term":[{"taxonomy":"product_brand","embeddable":true,"href":"https:\/\/www.claret.cat\/es\/wp-json\/wp\/v2\/product_brand?post=18499"},{"taxonomy":"product_cat","embeddable":true,"href":"https:\/\/www.claret.cat\/es\/wp-json\/wp\/v2\/product_cat?post=18499"},{"taxonomy":"product_tag","embeddable":true,"href":"https:\/\/www.claret.cat\/es\/wp-json\/wp\/v2\/product_tag?post=18499"}],"curies":[{"name":"wp","href":"https:\/\/api.w.org\/{rel}","templated":true}]}}