{"id":185093,"date":"2022-10-20T04:34:05","date_gmt":"2022-10-20T02:34:05","guid":{"rendered":"http:\/\/dev.claret.cat\/producte\/ascenso-y-caida-de-adan-y-eva\/"},"modified":"2023-07-05T12:35:34","modified_gmt":"2023-07-05T10:35:34","slug":"ascenso-y-caida-de-adan-y-eva-9788417067854","status":"publish","type":"product","link":"https:\/\/www.claret.cat\/es\/libro\/ascenso-y-caida-de-adan-y-eva-9788417067854\/","title":{"rendered":"ASCENSO Y CA\u00cdDA DE AD\u00c1N Y EVA"},"content":{"rendered":"<p>Stephen Greenblatt, autor de El giro, estudia en esta obra la historia del relato b\u00edblico de la creaci\u00f3n de Ad\u00e1n y Eva, que ha definido nuestras concepciones acerca del origen y destino del ser humano. Nacido en Babilonia en tiempos del exilio del pueblo jud\u00edo, e influido por los mitos de antiguas religiones, el cristianismo transform\u00f3 el mito en un dogma y los artistas del Renacimiento lo encarnaron a semejanza de los hombres y mujeres de su \u00e9poca. Este hilo conductor le sirve a Greenblatt para orientarnos en un fant\u00e1stico recorrido por la historia de la cultura y de las creencias, desde el relato de la \u00abVida de Ad\u00e1n y Eva\u00bb descubierto en Nag Hammadi en 1945, pasando por San Agust\u00edn, por Milton o por la desconfianza de Darwin, hasta un presente en que, pese a los avances de la paleontolog\u00eda y de la biolog\u00eda evolutiva, millones de nuestros coet\u00e1neos siguen valor\u00e1ndolo como una verdad hist\u00f3rica.<\/p>\n","protected":false},"excerpt":{"rendered":"<p>GREENBLATT, STEPHEN<\/p>\n","protected":false},"featured_media":185094,"template":"","meta":{"_acf_changed":false,"om_disable_all_campaigns":false,"rs_blank_template":"","rs_page_bg_color":"","slide_template_v7":"","inline_featured_image":false,"_monsterinsights_skip_tracking":false,"_monsterinsights_sitenote_active":false,"_monsterinsights_sitenote_note":"","_monsterinsights_sitenote_category":0},"product_brand":[],"product_cat":[75,341,353,87],"product_tag":[],"class_list":{"0":"post-185093","1":"product","2":"type-product","3":"status-publish","4":"has-post-thumbnail","6":"product_cat-biblia","7":"product_cat-biblia-es","8":"product_cat-literatura-2_humanidades","9":"product_cat-literatura","11":"first","12":"outofstock","13":"taxable","14":"shipping-taxable","15":"purchasable","16":"product-type-simple"},"acf":{"autor":"GREENBLATT, STEPHEN","codart":"841706785","libros-coleccion":"Serie Mayor","ediciones":"1","encuadernacion":"Carton\u00e9","fecha_de_publicacion":"01\/04\/2018","novedad":"1","paginas":"432","subtitulo":"","orden":"0","portada":"0","idioma":"spa","editorial":[{"ID":147952,"post_author":"3","post_date":"2022-10-14 11:54:29","post_date_gmt":"2022-10-14 09:54:29","post_content":"","post_title":"EDITORIAL CRITICA","post_excerpt":"","post_status":"publish","comment_status":"closed","ping_status":"closed","post_password":"","post_name":"editorial-critica","to_ping":"","pinged":"","post_modified":"2022-10-14 11:54:29","post_modified_gmt":"2022-10-14 09:54:29","post_content_filtered":"","post_parent":0,"guid":"http:\/\/dev.claret.cat\/editorial\/editorial-critica\/","menu_order":0,"post_type":"editorial","post_mime_type":"","comment_count":"0","filter":"raw"}],"autores-libros":[{"ID":169827,"post_author":"3","post_date":"2022-10-14 22:30:20","post_date_gmt":"2022-10-14 20:30:20","post_content":"","post_title":"STEPHEN GREENBLATT","post_excerpt":"","post_status":"publish","comment_status":"closed","ping_status":"closed","post_password":"","post_name":"stephen-greenblatt","to_ping":"","pinged":"","post_modified":"2022-10-14 22:30:20","post_modified_gmt":"2022-10-14 20:30:20","post_content_filtered":"","post_parent":0,"guid":"http:\/\/dev.claret.cat\/autor\/stephen-greenblatt\/","menu_order":0,"post_type":"autor","post_mime_type":"","comment_count":"0","filter":"raw"}]},"aioseo_notices":[],"_links":{"self":[{"href":"https:\/\/www.claret.cat\/es\/wp-json\/wp\/v2\/product\/185093","targetHints":{"allow":["GET"]}}],"collection":[{"href":"https:\/\/www.claret.cat\/es\/wp-json\/wp\/v2\/product"}],"about":[{"href":"https:\/\/www.claret.cat\/es\/wp-json\/wp\/v2\/types\/product"}],"wp:featuredmedia":[{"embeddable":true,"href":"https:\/\/www.claret.cat\/es\/wp-json\/wp\/v2\/media\/185094"}],"wp:attachment":[{"href":"https:\/\/www.claret.cat\/es\/wp-json\/wp\/v2\/media?parent=185093"}],"wp:term":[{"taxonomy":"product_brand","embeddable":true,"href":"https:\/\/www.claret.cat\/es\/wp-json\/wp\/v2\/product_brand?post=185093"},{"taxonomy":"product_cat","embeddable":true,"href":"https:\/\/www.claret.cat\/es\/wp-json\/wp\/v2\/product_cat?post=185093"},{"taxonomy":"product_tag","embeddable":true,"href":"https:\/\/www.claret.cat\/es\/wp-json\/wp\/v2\/product_tag?post=185093"}],"curies":[{"name":"wp","href":"https:\/\/api.w.org\/{rel}","templated":true}]}}