{"id":185126,"date":"2022-10-20T04:34:38","date_gmt":"2022-10-20T02:34:38","guid":{"rendered":"http:\/\/dev.claret.cat\/producte\/el-dragon-albert\/"},"modified":"2023-01-28T14:25:26","modified_gmt":"2023-01-28T13:25:26","slug":"el-dragon-albert-9788417108564","status":"publish","type":"product","link":"https:\/\/www.claret.cat\/es\/libro\/el-dragon-albert-9788417108564\/","title":{"rendered":"EL DRAG\u00d3N ALBERT"},"content":{"rendered":"<p>\u00bfQui\u00e9n no ha deseado alguna vez tener un drag\u00f3n como compa\u00f1ero de aventuras?<br \/>Albert era un drag\u00f3n que viv\u00eda en una cueva hace muchos a\u00f1os. Su vida era sencilla: comer, dormir y tomar el sol. Y es que Albert ten\u00eda una particularidad que le diferenciaba de los otros dragones, era vegetariano. Hasta que un d\u00eda, al dar un paseo por los alrededores de la cueva, conoci\u00f3 a Tony, un ni\u00f1o travieso y simp\u00e1tico, hijo de unos  granjeros. Tony y Albert se hicieron amigos  enseguida y juntos vivieron emocionantes aventuras. \u00a1En este libro se cuentan algunas!<\/p>\n","protected":false},"excerpt":{"rendered":"<p>WEIR, ROSEMARY \/ BLAKE, QUENTIN<\/p>\n","protected":false},"featured_media":185127,"template":"","meta":{"_acf_changed":false,"om_disable_all_campaigns":false,"rs_blank_template":"","rs_page_bg_color":"","slide_template_v7":"","inline_featured_image":false,"_monsterinsights_skip_tracking":false,"_monsterinsights_sitenote_active":false,"_monsterinsights_sitenote_note":"","_monsterinsights_sitenote_category":0},"product_brand":[],"product_cat":[86],"product_tag":[],"class_list":{"0":"post-185126","1":"product","2":"type-product","3":"status-publish","4":"has-post-thumbnail","6":"product_cat-infantil","8":"first","9":"instock","10":"taxable","11":"shipping-taxable","12":"purchasable","13":"product-type-simple"},"acf":{"autor":"WEIR, ROSEMARY \/ BLAKE, QUENTIN","codart":"841710856","libros-coleccion":"Maeva Young","ediciones":"1","encuadernacion":"Carton\u00e9","fecha_de_publicacion":"01\/04\/2018","novedad":"1","paginas":"112","subtitulo":"ILUSTRACIONES DE QUENTIN BLAKE","orden":"0","portada":"0","idioma":"spa","editorial":[{"ID":6297,"post_author":"3","post_date":"2022-07-28 17:49:10","post_date_gmt":"2022-07-28 15:49:10","post_content":"","post_title":"Maeva Ediciones","post_excerpt":"","post_status":"publish","comment_status":"closed","ping_status":"closed","post_password":"","post_name":"maeva-ediciones","to_ping":"","pinged":"","post_modified":"2022-07-28 17:49:10","post_modified_gmt":"2022-07-28 15:49:10","post_content_filtered":"","post_parent":0,"guid":"http:\/\/dev.claret.cat\/editorial\/maeva-ediciones\/","menu_order":0,"post_type":"editorial","post_mime_type":"","comment_count":"0","filter":"raw"}],"autores-libros":[{"ID":167450,"post_author":"3","post_date":"2022-10-14 18:11:18","post_date_gmt":"2022-10-14 16:11:18","post_content":"","post_title":"QUENTIN BLAKE","post_excerpt":"","post_status":"publish","comment_status":"closed","ping_status":"closed","post_password":"","post_name":"quentin-blake","to_ping":"","pinged":"","post_modified":"2022-10-14 18:11:18","post_modified_gmt":"2022-10-14 16:11:18","post_content_filtered":"","post_parent":0,"guid":"http:\/\/dev.claret.cat\/autor\/quentin-blake\/","menu_order":0,"post_type":"autor","post_mime_type":"","comment_count":"0","filter":"raw"}]},"aioseo_notices":[],"_links":{"self":[{"href":"https:\/\/www.claret.cat\/es\/wp-json\/wp\/v2\/product\/185126","targetHints":{"allow":["GET"]}}],"collection":[{"href":"https:\/\/www.claret.cat\/es\/wp-json\/wp\/v2\/product"}],"about":[{"href":"https:\/\/www.claret.cat\/es\/wp-json\/wp\/v2\/types\/product"}],"wp:featuredmedia":[{"embeddable":true,"href":"https:\/\/www.claret.cat\/es\/wp-json\/wp\/v2\/media\/185127"}],"wp:attachment":[{"href":"https:\/\/www.claret.cat\/es\/wp-json\/wp\/v2\/media?parent=185126"}],"wp:term":[{"taxonomy":"product_brand","embeddable":true,"href":"https:\/\/www.claret.cat\/es\/wp-json\/wp\/v2\/product_brand?post=185126"},{"taxonomy":"product_cat","embeddable":true,"href":"https:\/\/www.claret.cat\/es\/wp-json\/wp\/v2\/product_cat?post=185126"},{"taxonomy":"product_tag","embeddable":true,"href":"https:\/\/www.claret.cat\/es\/wp-json\/wp\/v2\/product_tag?post=185126"}],"curies":[{"name":"wp","href":"https:\/\/api.w.org\/{rel}","templated":true}]}}