{"id":185159,"date":"2022-10-20T04:35:12","date_gmt":"2022-10-20T02:35:12","guid":{"rendered":"http:\/\/dev.claret.cat\/producte\/orar-con-madeleine-delbrel\/"},"modified":"2024-05-02T06:07:47","modified_gmt":"2024-05-02T04:07:47","slug":"orar-con-madeleine-delbrel-9788428832618","status":"publish","type":"product","link":"https:\/\/www.claret.cat\/es\/libro\/orar-con-madeleine-delbrel-9788428832618\/","title":{"rendered":"ORAR CON MADELEINE DELBR\u00caL"},"content":{"rendered":"<p>Madeleine Delbr\u00eal es una mujer absolutamente distinta a las mujeres de su tiempo; es incomparablemente diferente de gran parte de los cristianos laicos de su tiempo; es singular en su comprometida y alentadora labor como mujer cristiana; es referente por su entrega a las causas de los pobres; es aut\u00e9nticamente especial en su di\u00e1logo y en sus relaciones en el medio filocomunista en el que vive y trabaja; es veraz en su interrelaci\u00f3n con los desfavorecidos y, en general, con las gentes de las barriadas y la gran ciudad. Esta obra es un compendio de los principales fundamentos de la vida interior, social y eclesial de Madeleine Delbr\u00eal. En el libro se ofrece una forma concisa de adentrarnos en su m\u00edstica evang\u00e9lica y en su espiritualidad misionera.<\/p>\n","protected":false},"excerpt":{"rendered":"<p>PITAUD, BERNARD<\/p>\n","protected":false},"featured_media":337793,"template":"","meta":{"_acf_changed":false,"om_disable_all_campaigns":false,"rs_blank_template":"","rs_page_bg_color":"","slide_template_v7":"","inline_featured_image":false,"_monsterinsights_skip_tracking":false,"_monsterinsights_sitenote_active":false,"_monsterinsights_sitenote_note":"","_monsterinsights_sitenote_category":0},"product_brand":[],"product_cat":[93,543,345,79],"product_tag":[],"class_list":{"0":"post-185159","1":"product","2":"type-product","3":"status-publish","4":"has-post-thumbnail","6":"product_cat-eclesiologia","7":"product_cat-eclesiologia-es","8":"product_cat-espiritualidad","9":"product_cat-espiritualitat","11":"first","12":"instock","13":"taxable","14":"shipping-taxable","15":"purchasable","16":"product-type-simple"},"acf":{"autor":"PITAUD, BERNARD","codart":"842883261","libros-coleccion":"Sauce","ediciones":"1","encuadernacion":"R\u00fastica","fecha_de_publicacion":"01\/04\/2018","novedad":"1","paginas":"147","subtitulo":"","orden":"0","portada":"0","idioma":"spa","editorial":[{"ID":148692,"post_author":"3","post_date":"2022-10-14 12:00:14","post_date_gmt":"2022-10-14 10:00:14","post_content":"","post_title":"PPC EDITORIAL","post_excerpt":"","post_status":"publish","comment_status":"closed","ping_status":"closed","post_password":"","post_name":"ppc-editorial","to_ping":"","pinged":"","post_modified":"2022-10-14 12:00:14","post_modified_gmt":"2022-10-14 10:00:14","post_content_filtered":"","post_parent":0,"guid":"http:\/\/dev.claret.cat\/editorial\/ppc-editorial\/","menu_order":0,"post_type":"editorial","post_mime_type":"","comment_count":"0","filter":"raw"}],"autores-libros":[{"ID":151613,"post_author":"3","post_date":"2022-10-14 14:42:15","post_date_gmt":"2022-10-14 12:42:15","post_content":"","post_title":"BERNARD PITAUD","post_excerpt":"","post_status":"publish","comment_status":"closed","ping_status":"closed","post_password":"","post_name":"bernard-pitaud","to_ping":"","pinged":"","post_modified":"2022-10-14 14:42:15","post_modified_gmt":"2022-10-14 12:42:15","post_content_filtered":"","post_parent":0,"guid":"http:\/\/dev.claret.cat\/autor\/bernard-pitaud\/","menu_order":0,"post_type":"autor","post_mime_type":"","comment_count":"0","filter":"raw"}]},"aioseo_notices":[],"_links":{"self":[{"href":"https:\/\/www.claret.cat\/es\/wp-json\/wp\/v2\/product\/185159","targetHints":{"allow":["GET"]}}],"collection":[{"href":"https:\/\/www.claret.cat\/es\/wp-json\/wp\/v2\/product"}],"about":[{"href":"https:\/\/www.claret.cat\/es\/wp-json\/wp\/v2\/types\/product"}],"wp:featuredmedia":[{"embeddable":true,"href":"https:\/\/www.claret.cat\/es\/wp-json\/wp\/v2\/media\/337793"}],"wp:attachment":[{"href":"https:\/\/www.claret.cat\/es\/wp-json\/wp\/v2\/media?parent=185159"}],"wp:term":[{"taxonomy":"product_brand","embeddable":true,"href":"https:\/\/www.claret.cat\/es\/wp-json\/wp\/v2\/product_brand?post=185159"},{"taxonomy":"product_cat","embeddable":true,"href":"https:\/\/www.claret.cat\/es\/wp-json\/wp\/v2\/product_cat?post=185159"},{"taxonomy":"product_tag","embeddable":true,"href":"https:\/\/www.claret.cat\/es\/wp-json\/wp\/v2\/product_tag?post=185159"}],"curies":[{"name":"wp","href":"https:\/\/api.w.org\/{rel}","templated":true}]}}