{"id":185219,"date":"2022-10-20T04:36:12","date_gmt":"2022-10-20T02:36:12","guid":{"rendered":"http:\/\/dev.claret.cat\/producte\/lugares-sagrados\/"},"modified":"2023-01-28T06:27:44","modified_gmt":"2023-01-28T05:27:44","slug":"lugares-sagrados-9788408181521","status":"publish","type":"product","link":"https:\/\/www.claret.cat\/es\/libro\/lugares-sagrados-9788408181521\/","title":{"rendered":"LUGARES SAGRADOS"},"content":{"rendered":"<p>Algunos lugares consiguen colarse dentro del alma. No se limitan a deleitar los sentidos con su espectacularidad o su dise\u00f1o, sino que tienen algo que va m\u00e1s all\u00e1, que llega a lo m\u00e1s profundo de nuestro ser y nos hacen plantearnos cuestiones sobre la propia existencia humana. Lugares sagrados transporta al lector a algunos de estos enclaves repletos de magia, misterio y divinidad, y con ayuda de bellas ilustraciones consigue que sus historias cobren vida en estas p\u00e1ginas.<\/p>\n","protected":false},"excerpt":{"rendered":"<p>BAXTER, SARAH<\/p>\n","protected":false},"featured_media":185220,"template":"","meta":{"_acf_changed":false,"om_disable_all_campaigns":false,"rs_blank_template":"","rs_page_bg_color":"","slide_template_v7":"","inline_featured_image":false,"_monsterinsights_skip_tracking":false,"_monsterinsights_sitenote_active":false,"_monsterinsights_sitenote_note":"","_monsterinsights_sitenote_category":0},"product_brand":[],"product_cat":[90,105],"product_tag":[],"class_list":{"0":"post-185219","1":"product","2":"type-product","3":"status-publish","4":"has-post-thumbnail","6":"product_cat-altres","7":"product_cat-regal","9":"first","10":"instock","11":"taxable","12":"shipping-taxable","13":"purchasable","14":"product-type-simple"},"acf":{"autor":"BAXTER, SARAH","codart":"840818152","libros-coleccion":"Ilustrados","ediciones":"1","encuadernacion":"Carton\u00e9","fecha_de_publicacion":"01\/04\/2018","novedad":"1","paginas":"144","subtitulo":"","orden":"0","portada":"0","idioma":"spa","editorial":[{"ID":8244,"post_author":"3","post_date":"2022-09-30 09:21:26","post_date_gmt":"2022-09-30 07:21:26","post_content":"","post_title":"GEOPLANETA EDITORIAL","post_excerpt":"","post_status":"publish","comment_status":"closed","ping_status":"closed","post_password":"","post_name":"geoplaneta-editorial","to_ping":"","pinged":"","post_modified":"2022-09-30 09:21:26","post_modified_gmt":"2022-09-30 07:21:26","post_content_filtered":"","post_parent":0,"guid":"http:\/\/dev.claret.cat\/editorial\/geoplaneta-editorial\/","menu_order":0,"post_type":"editorial","post_mime_type":"","comment_count":"0","filter":"raw"}],"autores-libros":[{"ID":169134,"post_author":"3","post_date":"2022-10-14 22:24:45","post_date_gmt":"2022-10-14 20:24:45","post_content":"","post_title":"SARAH BAXTER","post_excerpt":"","post_status":"publish","comment_status":"closed","ping_status":"closed","post_password":"","post_name":"sarah-baxter","to_ping":"","pinged":"","post_modified":"2022-10-14 22:24:45","post_modified_gmt":"2022-10-14 20:24:45","post_content_filtered":"","post_parent":0,"guid":"http:\/\/dev.claret.cat\/autor\/sarah-baxter\/","menu_order":0,"post_type":"autor","post_mime_type":"","comment_count":"0","filter":"raw"}]},"aioseo_notices":[],"_links":{"self":[{"href":"https:\/\/www.claret.cat\/es\/wp-json\/wp\/v2\/product\/185219","targetHints":{"allow":["GET"]}}],"collection":[{"href":"https:\/\/www.claret.cat\/es\/wp-json\/wp\/v2\/product"}],"about":[{"href":"https:\/\/www.claret.cat\/es\/wp-json\/wp\/v2\/types\/product"}],"wp:featuredmedia":[{"embeddable":true,"href":"https:\/\/www.claret.cat\/es\/wp-json\/wp\/v2\/media\/185220"}],"wp:attachment":[{"href":"https:\/\/www.claret.cat\/es\/wp-json\/wp\/v2\/media?parent=185219"}],"wp:term":[{"taxonomy":"product_brand","embeddable":true,"href":"https:\/\/www.claret.cat\/es\/wp-json\/wp\/v2\/product_brand?post=185219"},{"taxonomy":"product_cat","embeddable":true,"href":"https:\/\/www.claret.cat\/es\/wp-json\/wp\/v2\/product_cat?post=185219"},{"taxonomy":"product_tag","embeddable":true,"href":"https:\/\/www.claret.cat\/es\/wp-json\/wp\/v2\/product_tag?post=185219"}],"curies":[{"name":"wp","href":"https:\/\/api.w.org\/{rel}","templated":true}]}}