{"id":185234,"date":"2022-10-20T04:36:27","date_gmt":"2022-10-20T02:36:27","guid":{"rendered":"http:\/\/dev.claret.cat\/producte\/juegos-de-ingenio-para-activar-nuestras-neuronas-cuadrados-de-diversion\/"},"modified":"2026-03-23T19:40:14","modified_gmt":"2026-03-23T18:40:14","slug":"juegos-de-ingenio-para-activar-nuestras-neuronas-cuadrados-de-diversion-9788415618928","status":"publish","type":"product","link":"https:\/\/www.claret.cat\/es\/libro\/juegos-de-ingenio-para-activar-nuestras-neuronas-cuadrados-de-diversion-9788415618928\/","title":{"rendered":"JUEGOS DE INGENIO PARA ACTIVAR NUESTRAS NEURONAS (CUADRADOS DE DIVERSI\u00d3N)"},"content":{"rendered":"<p>Estos juegos ayudan a relajar la mente y liberar el estr\u00e9s a la vez que estimulan nuestro cerebro, mejorando las habilidades mentales y nuestra capacidad de razonamiento; por todo ello son un fant\u00e1stico entretenimiento que aumenta nuestra autoestima y ganas de superaci\u00f3n.<br \/> No te lo pienses m\u00e1s y deja que los juegos de ingenio empiecen a formar parte de tu d\u00eda a d\u00eda. Date un capricho con el que entretenerte a la vez que te cuidas. \u00a1Empieza hoy mismo a potenciar tu cerebro resolviendo los juegos de ingenio creados especialmente para esta colecci\u00f3n!<\/p>\n","protected":false},"excerpt":{"rendered":"<p>ANDERS PRODUCCIONES<\/p>\n","protected":false},"featured_media":185235,"template":"","meta":{"_acf_changed":false,"om_disable_all_campaigns":false,"rs_blank_template":"","rs_page_bg_color":"","slide_template_v7":"","inline_featured_image":false,"_monsterinsights_skip_tracking":false,"_monsterinsights_sitenote_active":false,"_monsterinsights_sitenote_note":"","_monsterinsights_sitenote_category":0},"product_brand":[],"product_cat":[551,101],"product_tag":[],"class_list":{"0":"post-185234","1":"product","2":"type-product","3":"status-publish","4":"has-post-thumbnail","6":"product_cat-manualidades","7":"product_cat-manualitats","9":"first","10":"instock","11":"taxable","12":"shipping-taxable","13":"purchasable","14":"product-type-simple"},"acf":{"autor":"ANDERS PRODUCCIONES","codart":"841561892","libros-coleccion":"Cuadrados de diversi\u00f3n","ediciones":"1","encuadernacion":"R\u00fastica","fecha_de_publicacion":"01\/04\/2018","novedad":"1","paginas":"275","subtitulo":"","orden":"0","portada":"0","idioma":"spa","editorial":[{"ID":147917,"post_author":"3","post_date":"2022-10-14 11:54:14","post_date_gmt":"2022-10-14 09:54:14","post_content":"","post_title":"EDITORIAL ALMA","post_excerpt":"","post_status":"publish","comment_status":"closed","ping_status":"closed","post_password":"","post_name":"editorial-alma","to_ping":"","pinged":"","post_modified":"2022-10-14 11:54:14","post_modified_gmt":"2022-10-14 09:54:14","post_content_filtered":"","post_parent":0,"guid":"http:\/\/dev.claret.cat\/editorial\/editorial-alma\/","menu_order":0,"post_type":"editorial","post_mime_type":"","comment_count":"0","filter":"raw"}],"autores-libros":[{"ID":150174,"post_author":"3","post_date":"2022-10-14 14:30:50","post_date_gmt":"2022-10-14 12:30:50","post_content":"","post_title":"ANDERS PRODUCCIONES","post_excerpt":"","post_status":"publish","comment_status":"closed","ping_status":"closed","post_password":"","post_name":"anders-producciones","to_ping":"","pinged":"","post_modified":"2022-10-14 14:30:50","post_modified_gmt":"2022-10-14 12:30:50","post_content_filtered":"","post_parent":0,"guid":"http:\/\/dev.claret.cat\/autor\/anders-producciones\/","menu_order":0,"post_type":"autor","post_mime_type":"","comment_count":"0","filter":"raw"}],"booktrailer":"","resenas":""},"aioseo_notices":[],"_links":{"self":[{"href":"https:\/\/www.claret.cat\/es\/wp-json\/wp\/v2\/product\/185234","targetHints":{"allow":["GET"]}}],"collection":[{"href":"https:\/\/www.claret.cat\/es\/wp-json\/wp\/v2\/product"}],"about":[{"href":"https:\/\/www.claret.cat\/es\/wp-json\/wp\/v2\/types\/product"}],"wp:featuredmedia":[{"embeddable":true,"href":"https:\/\/www.claret.cat\/es\/wp-json\/wp\/v2\/media\/185235"}],"wp:attachment":[{"href":"https:\/\/www.claret.cat\/es\/wp-json\/wp\/v2\/media?parent=185234"}],"wp:term":[{"taxonomy":"product_brand","embeddable":true,"href":"https:\/\/www.claret.cat\/es\/wp-json\/wp\/v2\/product_brand?post=185234"},{"taxonomy":"product_cat","embeddable":true,"href":"https:\/\/www.claret.cat\/es\/wp-json\/wp\/v2\/product_cat?post=185234"},{"taxonomy":"product_tag","embeddable":true,"href":"https:\/\/www.claret.cat\/es\/wp-json\/wp\/v2\/product_tag?post=185234"}],"curies":[{"name":"wp","href":"https:\/\/api.w.org\/{rel}","templated":true}]}}