{"id":18535,"date":"2022-10-01T23:43:54","date_gmt":"2022-10-01T21:43:54","guid":{"rendered":"http:\/\/dev.claret.cat\/producte\/el-cid-explicat-als-infants\/"},"modified":"2023-01-28T17:09:24","modified_gmt":"2023-01-28T16:09:24","slug":"el-cid-explicat-als-infants-8423684008","status":"publish","type":"product","link":"https:\/\/www.claret.cat\/es\/libro\/el-cid-explicat-als-infants-8423684008\/","title":{"rendered":"EL CID EXPLICAT ALS INFANTS"},"content":{"rendered":"<p>Ens sentim especialment orgullosos d\u2019oferir una manera de descobrir i acostar als infants la Can\u00e7\u00f3 del Cid de manera que ells puguin gaudir de la gran obra que obre la hist\u00f2ria de la literatura hisp\u00e0nica, puguin con\u00e8ixer els seus personatges i les aventures que van viure, tal com probablement es va difondre en boca dels joglars ja fa uns quants segles\u2026.<\/p>\n","protected":false},"excerpt":{"rendered":"<p>NAVARRO DUR\u00c1N, ROSA; ROVIRA, FRANCESC (il)<\/p>\n","protected":false},"featured_media":0,"template":"","meta":{"_acf_changed":false,"om_disable_all_campaigns":false,"rs_blank_template":"","rs_page_bg_color":"","slide_template_v7":"","inline_featured_image":false,"_monsterinsights_skip_tracking":false,"_monsterinsights_sitenote_active":false,"_monsterinsights_sitenote_note":"","_monsterinsights_sitenote_category":0},"product_brand":[],"product_cat":[132,124],"product_tag":[],"class_list":{"0":"post-18535","1":"product","2":"type-product","3":"status-publish","5":"product_cat-lectures-per-preadolescents-6-12-anys","6":"product_cat-medieval-i-barroca","8":"first","9":"instock","10":"taxable","11":"shipping-taxable","12":"purchasable","13":"product-type-simple"},"acf":{"editorial":[{"ID":147772,"post_author":"3","post_date":"2022-10-14 11:53:06","post_date_gmt":"2022-10-14 09:53:06","post_content":"","post_title":"EDEB\u00c9 NOVETAT","post_excerpt":"","post_status":"publish","comment_status":"closed","ping_status":"closed","post_password":"","post_name":"edebe-novetat","to_ping":"","pinged":"","post_modified":"2022-10-14 11:53:06","post_modified_gmt":"2022-10-14 09:53:06","post_content_filtered":"","post_parent":0,"guid":"http:\/\/dev.claret.cat\/editorial\/edebe-novetat\/","menu_order":0,"post_type":"editorial","post_mime_type":"","comment_count":"0","filter":"raw"}],"autor":"NAVARRO DUR\u00c1N, ROSA; ROVIRA, FRANCESC (il)","codart":"842368400","libros-coleccion":"Cl\u00e0ssics explicats als infants","ediciones":"1","encuadernacion":"Carton\u00e9","fecha_de_publicacion":"26\/03\/2007","novedad":"0","paginas":"194","subtitulo":"","orden":"1","portada":"0","idioma":"cat","autores-libros":[{"ID":156064,"post_author":"3","post_date":"2022-10-14 15:17:50","post_date_gmt":"2022-10-14 13:17:50","post_content":"","post_title":"FRANCESC (il) ROVIRA","post_excerpt":"","post_status":"publish","comment_status":"closed","ping_status":"closed","post_password":"","post_name":"francesc-il-rovira","to_ping":"","pinged":"","post_modified":"2022-10-14 15:17:50","post_modified_gmt":"2022-10-14 13:17:50","post_content_filtered":"","post_parent":0,"guid":"http:\/\/dev.claret.cat\/autor\/francesc-il-rovira\/","menu_order":0,"post_type":"autor","post_mime_type":"","comment_count":"0","filter":"raw"},{"ID":168514,"post_author":"3","post_date":"2022-10-14 22:19:44","post_date_gmt":"2022-10-14 20:19:44","post_content":"","post_title":"ROSA NAVARRO DURAN","post_excerpt":"","post_status":"publish","comment_status":"closed","ping_status":"closed","post_password":"","post_name":"rosa-navarro-duran","to_ping":"","pinged":"","post_modified":"2022-10-14 22:19:44","post_modified_gmt":"2022-10-14 20:19:44","post_content_filtered":"","post_parent":0,"guid":"http:\/\/dev.claret.cat\/autor\/rosa-navarro-duran\/","menu_order":0,"post_type":"autor","post_mime_type":"","comment_count":"0","filter":"raw"}]},"aioseo_notices":[],"_links":{"self":[{"href":"https:\/\/www.claret.cat\/es\/wp-json\/wp\/v2\/product\/18535","targetHints":{"allow":["GET"]}}],"collection":[{"href":"https:\/\/www.claret.cat\/es\/wp-json\/wp\/v2\/product"}],"about":[{"href":"https:\/\/www.claret.cat\/es\/wp-json\/wp\/v2\/types\/product"}],"wp:attachment":[{"href":"https:\/\/www.claret.cat\/es\/wp-json\/wp\/v2\/media?parent=18535"}],"wp:term":[{"taxonomy":"product_brand","embeddable":true,"href":"https:\/\/www.claret.cat\/es\/wp-json\/wp\/v2\/product_brand?post=18535"},{"taxonomy":"product_cat","embeddable":true,"href":"https:\/\/www.claret.cat\/es\/wp-json\/wp\/v2\/product_cat?post=18535"},{"taxonomy":"product_tag","embeddable":true,"href":"https:\/\/www.claret.cat\/es\/wp-json\/wp\/v2\/product_tag?post=18535"}],"curies":[{"name":"wp","href":"https:\/\/api.w.org\/{rel}","templated":true}]}}