{"id":18555,"date":"2022-10-01T23:44:09","date_gmt":"2022-10-01T21:44:09","guid":{"rendered":"http:\/\/dev.claret.cat\/producte\/creixer-i-estimar\/"},"modified":"2025-03-07T11:35:40","modified_gmt":"2025-03-07T10:35:40","slug":"creixer-i-estimar-9788482977065","status":"publish","type":"product","link":"https:\/\/www.claret.cat\/es\/libro\/creixer-i-estimar-9788482977065\/","title":{"rendered":"CR\u00c9IXER I ESTIMAR"},"content":{"rendered":"<p>Nosaltres som en aquesta terra per cr\u00e9ixer i estimar. I aix\u00f2 sempre ho podem fer, sigui quina sigui la situaci\u00f3 que ens toqui de viure.<br \/>Els nostres \u00e8xits, els nostres encerts, poden ser ocasi\u00f3 per donar gr\u00e0cies a D\u00e9u i per fer participar de la seva bondat les persones que ens envolten.<br \/>Els nostres fracassos, les nostres decepcions, ens ajuden a recordar que aquesta terra no \u00e9s terme sin\u00f3 cam\u00ed i que nom\u00e9s n\u2019hi ha un que no falla mai: el Senyor.<br \/>Les nostres infidelitats, reconegudes humilment, fan augmentar la nostra comprensi\u00f3 i ens fan veure la necessitat de ser salvats per Jesucrist.<br \/>\u00c9s a dir, en la nostra vida no hi ha cap situaci\u00f3 in\u00fatil. Amb l\u2019ajut del Senyor, totes poden ser ocasions per cr\u00e9ixer i estimar m\u00e9s. Aix\u00f2 \u00e9s el que pret\u00e9n mostrar aquest llibre.<\/p>\n","protected":false},"excerpt":{"rendered":"<p>ARMENGOL I BERNILS,LLUIS<\/p>\n","protected":false},"featured_media":1005390,"template":"","meta":{"_acf_changed":false,"om_disable_all_campaigns":false,"rs_blank_template":"","rs_page_bg_color":"","slide_template_v7":"","inline_featured_image":false,"_monsterinsights_skip_tracking":false,"_monsterinsights_sitenote_active":false,"_monsterinsights_sitenote_note":"","_monsterinsights_sitenote_category":0},"product_brand":[],"product_cat":[581,523,299,394,236],"product_tag":[],"class_list":{"0":"post-18555","1":"product","2":"type-product","3":"status-publish","4":"has-post-thumbnail","6":"product_cat-editorial-claret","7":"product_cat-laicos-y-testimonios","8":"product_cat-laics-i-testimonis","9":"product_cat-vida-cotidiana","10":"product_cat-vida-quotidiana","12":"first","13":"instock","14":"taxable","15":"shipping-taxable","16":"purchasable","17":"product-type-simple"},"acf":{"autor":"ARMENGOL I BERNILS,LLUIS","codart":"848297706","libros-coleccion":"EINES","ediciones":"1","encuadernacion":"R\u00fastica","fecha_de_publicacion":"01\/03\/2004","novedad":"0","paginas":"127","subtitulo":"REFLEXIONS SOBRE LA VIDA QUOTIDIANA","orden":"999","portada":"0","idioma":"cat","editorial":[{"ID":6158,"post_author":"3","post_date":"2022-07-28 17:46:08","post_date_gmt":"2022-07-28 15:46:08","post_content":"","post_title":"CLARET","post_excerpt":"","post_status":"publish","comment_status":"closed","ping_status":"closed","post_password":"","post_name":"claret","to_ping":"","pinged":"","post_modified":"2022-07-28 17:46:08","post_modified_gmt":"2022-07-28 15:46:08","post_content_filtered":"","post_parent":0,"guid":"http:\/\/dev.claret.cat\/editorial\/claret\/","menu_order":0,"post_type":"editorial","post_mime_type":"","comment_count":"0","filter":"raw"}],"autores-libros":[{"ID":162328,"post_author":"3","post_date":"2022-10-14 17:30:09","post_date_gmt":"2022-10-14 15:30:09","post_content":"","post_title":"LLU\u00cdS ARMENGOL I BERNILS","post_excerpt":"","post_status":"publish","comment_status":"closed","ping_status":"closed","post_password":"","post_name":"lluis-armengol-i-bernils","to_ping":"","pinged":"","post_modified":"2022-10-14 17:30:09","post_modified_gmt":"2022-10-14 15:30:09","post_content_filtered":"","post_parent":0,"guid":"http:\/\/dev.claret.cat\/autor\/lluis-armengol-i-bernils\/","menu_order":0,"post_type":"autor","post_mime_type":"","comment_count":"0","filter":"raw"}]},"aioseo_notices":[],"_links":{"self":[{"href":"https:\/\/www.claret.cat\/es\/wp-json\/wp\/v2\/product\/18555","targetHints":{"allow":["GET"]}}],"collection":[{"href":"https:\/\/www.claret.cat\/es\/wp-json\/wp\/v2\/product"}],"about":[{"href":"https:\/\/www.claret.cat\/es\/wp-json\/wp\/v2\/types\/product"}],"wp:featuredmedia":[{"embeddable":true,"href":"https:\/\/www.claret.cat\/es\/wp-json\/wp\/v2\/media\/1005390"}],"wp:attachment":[{"href":"https:\/\/www.claret.cat\/es\/wp-json\/wp\/v2\/media?parent=18555"}],"wp:term":[{"taxonomy":"product_brand","embeddable":true,"href":"https:\/\/www.claret.cat\/es\/wp-json\/wp\/v2\/product_brand?post=18555"},{"taxonomy":"product_cat","embeddable":true,"href":"https:\/\/www.claret.cat\/es\/wp-json\/wp\/v2\/product_cat?post=18555"},{"taxonomy":"product_tag","embeddable":true,"href":"https:\/\/www.claret.cat\/es\/wp-json\/wp\/v2\/product_tag?post=18555"}],"curies":[{"name":"wp","href":"https:\/\/api.w.org\/{rel}","templated":true}]}}