{"id":185552,"date":"2022-10-20T04:41:57","date_gmt":"2022-10-20T02:41:57","guid":{"rendered":"http:\/\/dev.claret.cat\/producte\/el-tesoro-de-ofelia\/"},"modified":"2023-01-28T04:38:39","modified_gmt":"2023-01-28T03:38:39","slug":"el-tesoro-de-ofelia-9788494808500","status":"publish","type":"product","link":"https:\/\/www.claret.cat\/es\/libro\/el-tesoro-de-ofelia-9788494808500\/","title":{"rendered":"EL TESORO DE OFELIA"},"content":{"rendered":"<p>En compa\u00f1\u00eda de la ex princesa Margarita, Ofelia navega en busca de un tesoro, convencida de que cuando lo encuentre ser\u00e1 la pirata m\u00e1s feliz del planeta. Junto a aella, ponfremos rumbo a la Isla de los Corales para vivir aventuras, en una divertida historia que nos har\u00e1 cosquillas por dentro y nos desvelar\u00e1 el verdadero secreto de la felicidad.<\/p>\n","protected":false},"excerpt":{"rendered":"<p>GIL, CARMEN\/ CERRO, MIGUEL<\/p>\n","protected":false},"featured_media":185553,"template":"","meta":{"_acf_changed":false,"om_disable_all_campaigns":false,"rs_blank_template":"","rs_page_bg_color":"","slide_template_v7":"","inline_featured_image":false,"_monsterinsights_skip_tracking":false,"_monsterinsights_sitenote_active":false,"_monsterinsights_sitenote_note":"","_monsterinsights_sitenote_category":0},"product_brand":[],"product_cat":[16],"product_tag":[],"class_list":{"0":"post-185552","1":"product","2":"type-product","3":"status-publish","4":"has-post-thumbnail","6":"product_cat-sense-categoria","8":"first","9":"instock","10":"taxable","11":"shipping-taxable","12":"purchasable","13":"product-type-simple"},"acf":{"autor":"GIL, CARMEN\/ CERRO, MIGUEL","codart":"849480850","libros-coleccion":"","ediciones":"1","encuadernacion":"Carpeta","fecha_de_publicacion":"01\/04\/2018","novedad":"1","paginas":"36","subtitulo":"","orden":"0","portada":"0","idioma":"spa","autores-libros":[{"ID":5332,"post_author":"3","post_date":"2022-07-28 17:21:43","post_date_gmt":"2022-07-28 15:21:43","post_content":"","post_title":"CARMEN GIL","post_excerpt":"","post_status":"publish","comment_status":"closed","ping_status":"closed","post_password":"","post_name":"carmen-gil","to_ping":"","pinged":"","post_modified":"2022-07-28 17:21:43","post_modified_gmt":"2022-07-28 15:21:43","post_content_filtered":"","post_parent":0,"guid":"http:\/\/dev.claret.cat\/autor\/carmen-gil\/","menu_order":0,"post_type":"autor","post_mime_type":"","comment_count":"0","filter":"raw"},{"ID":164969,"post_author":"3","post_date":"2022-10-14 17:51:20","post_date_gmt":"2022-10-14 15:51:20","post_content":"","post_title":"MIGUEL CERRO","post_excerpt":"","post_status":"publish","comment_status":"closed","ping_status":"closed","post_password":"","post_name":"miguel-cerro","to_ping":"","pinged":"","post_modified":"2022-10-14 17:51:20","post_modified_gmt":"2022-10-14 15:51:20","post_content_filtered":"","post_parent":0,"guid":"http:\/\/dev.claret.cat\/autor\/miguel-cerro\/","menu_order":0,"post_type":"autor","post_mime_type":"","comment_count":"0","filter":"raw"}]},"aioseo_notices":[],"_links":{"self":[{"href":"https:\/\/www.claret.cat\/es\/wp-json\/wp\/v2\/product\/185552","targetHints":{"allow":["GET"]}}],"collection":[{"href":"https:\/\/www.claret.cat\/es\/wp-json\/wp\/v2\/product"}],"about":[{"href":"https:\/\/www.claret.cat\/es\/wp-json\/wp\/v2\/types\/product"}],"wp:featuredmedia":[{"embeddable":true,"href":"https:\/\/www.claret.cat\/es\/wp-json\/wp\/v2\/media\/185553"}],"wp:attachment":[{"href":"https:\/\/www.claret.cat\/es\/wp-json\/wp\/v2\/media?parent=185552"}],"wp:term":[{"taxonomy":"product_brand","embeddable":true,"href":"https:\/\/www.claret.cat\/es\/wp-json\/wp\/v2\/product_brand?post=185552"},{"taxonomy":"product_cat","embeddable":true,"href":"https:\/\/www.claret.cat\/es\/wp-json\/wp\/v2\/product_cat?post=185552"},{"taxonomy":"product_tag","embeddable":true,"href":"https:\/\/www.claret.cat\/es\/wp-json\/wp\/v2\/product_tag?post=185552"}],"curies":[{"name":"wp","href":"https:\/\/api.w.org\/{rel}","templated":true}]}}