{"id":185570,"date":"2022-10-20T04:42:15","date_gmt":"2022-10-20T02:42:15","guid":{"rendered":"http:\/\/dev.claret.cat\/producte\/dulce-ciencia-la\/"},"modified":"2023-01-28T00:45:00","modified_gmt":"2023-01-27T23:45:00","slug":"dulce-ciencia-la-9788494808654","status":"publish","type":"product","link":"https:\/\/www.claret.cat\/es\/libro\/dulce-ciencia-la-9788494808654\/","title":{"rendered":"DULCE CIENCIA, LA"},"content":{"rendered":"<p>Nombrado como el mejor libro de deportes de todos los tiempos por Sports Illustrated en 2002, La dulce ciencia recopila las cl\u00e1sicas piezas del periodista del New Yorker A.J. Liebling sobre la \u00abdulce ciencia de los moratones\u00bb. A trav\u00e9s de sus p\u00e1ginas, Liebling nos ofrece un retrato animado e idiosincr\u00e1sico del boxeo de principios de la d\u00e9cada de 1950, un mundillo que incluye a gerentes jactanciosos, entrenadores veteranos, esquinadores astutos y, c\u00f3mo no, a los luchadores mismos: Joe Louis, Rocky Marciano, Sugar Ray Robinson y Archie Moore, \u00abun virtuoso de la perfecci\u00f3n anacr\u00f3nica\u00bb. Liebling siempre busca la historia humana detr\u00e1s de la pelea y evoca la atm\u00f3sfera en la arena tan n\u00edtidamente como lo que sucede en el ring, capturando este feroz arte como nadie lo hab\u00eda hecho.<br \/>\u00abUn boxeador, como un escritor, debe estar solo\u00bb, afrm\u00f3 en una ocasi\u00f3n.<\/p>\n","protected":false},"excerpt":{"rendered":"<p>LIEBLING, A.J.<\/p>\n","protected":false},"featured_media":185571,"template":"","meta":{"_acf_changed":false,"om_disable_all_campaigns":false,"rs_blank_template":"","rs_page_bg_color":"","slide_template_v7":"","inline_featured_image":false,"_monsterinsights_skip_tracking":false,"_monsterinsights_sitenote_active":false,"_monsterinsights_sitenote_note":"","_monsterinsights_sitenote_category":0},"product_brand":[],"product_cat":[96],"product_tag":[],"class_list":{"0":"post-185570","1":"product","2":"type-product","3":"status-publish","4":"has-post-thumbnail","6":"product_cat-esports","8":"first","9":"instock","10":"taxable","11":"shipping-taxable","12":"purchasable","13":"product-type-simple"},"acf":{"autor":"LIEBLING, A.J.","codart":"849480865","libros-coleccion":"Ensayo","ediciones":"1","encuadernacion":"R\u00fastica","fecha_de_publicacion":"01\/04\/2018","novedad":"1","paginas":"365","subtitulo":"","orden":"0","portada":"0","idioma":"spa","editorial":[{"ID":6153,"post_author":"3","post_date":"2022-07-28 17:46:01","post_date_gmt":"2022-07-28 15:46:01","post_content":"","post_title":"CAPITAN SWING LIBROS","post_excerpt":"","post_status":"publish","comment_status":"closed","ping_status":"closed","post_password":"","post_name":"capitan-swing-libros","to_ping":"","pinged":"","post_modified":"2022-07-28 17:46:01","post_modified_gmt":"2022-07-28 15:46:01","post_content_filtered":"","post_parent":0,"guid":"http:\/\/dev.claret.cat\/editorial\/capitan-swing-libros\/","menu_order":0,"post_type":"editorial","post_mime_type":"","comment_count":"0","filter":"raw"}],"autores-libros":[{"ID":149045,"post_author":"3","post_date":"2022-10-14 14:21:43","post_date_gmt":"2022-10-14 12:21:43","post_content":"","post_title":"A.J. LIEBLING","post_excerpt":"","post_status":"publish","comment_status":"closed","ping_status":"closed","post_password":"","post_name":"a-j-liebling","to_ping":"","pinged":"","post_modified":"2022-10-14 14:21:43","post_modified_gmt":"2022-10-14 12:21:43","post_content_filtered":"","post_parent":0,"guid":"http:\/\/dev.claret.cat\/autor\/a-j-liebling\/","menu_order":0,"post_type":"autor","post_mime_type":"","comment_count":"0","filter":"raw"}]},"aioseo_notices":[],"_links":{"self":[{"href":"https:\/\/www.claret.cat\/es\/wp-json\/wp\/v2\/product\/185570","targetHints":{"allow":["GET"]}}],"collection":[{"href":"https:\/\/www.claret.cat\/es\/wp-json\/wp\/v2\/product"}],"about":[{"href":"https:\/\/www.claret.cat\/es\/wp-json\/wp\/v2\/types\/product"}],"wp:featuredmedia":[{"embeddable":true,"href":"https:\/\/www.claret.cat\/es\/wp-json\/wp\/v2\/media\/185571"}],"wp:attachment":[{"href":"https:\/\/www.claret.cat\/es\/wp-json\/wp\/v2\/media?parent=185570"}],"wp:term":[{"taxonomy":"product_brand","embeddable":true,"href":"https:\/\/www.claret.cat\/es\/wp-json\/wp\/v2\/product_brand?post=185570"},{"taxonomy":"product_cat","embeddable":true,"href":"https:\/\/www.claret.cat\/es\/wp-json\/wp\/v2\/product_cat?post=185570"},{"taxonomy":"product_tag","embeddable":true,"href":"https:\/\/www.claret.cat\/es\/wp-json\/wp\/v2\/product_tag?post=185570"}],"curies":[{"name":"wp","href":"https:\/\/api.w.org\/{rel}","templated":true}]}}