{"id":185654,"date":"2022-10-20T04:43:40","date_gmt":"2022-10-20T02:43:40","guid":{"rendered":"http:\/\/dev.claret.cat\/producte\/lamentaciones-baruc-y-la-crisis-exilica\/"},"modified":"2024-11-18T09:05:11","modified_gmt":"2024-11-18T08:05:11","slug":"lamentaciones-baruc-y-la-crisis-exilica-9788422020219","status":"publish","type":"product","link":"https:\/\/www.claret.cat\/es\/libro\/lamentaciones-baruc-y-la-crisis-exilica-9788422020219\/","title":{"rendered":"LAMENTACIONES, BARUC Y LA CRISIS EXILICA"},"content":{"rendered":"<p>La serie Comprender la Palabra. Comentarios a la Sagrada Biblia. Versi\u00f3n oficial de la Conferencia Episcopal Espa\u00f1ola est\u00e1 encabezada por: Domingo Mu\u00f1oz Le\u00f3n, Juan Miguel D\u00edaz Rodelas y Carlos Granados Garc\u00eda.<br \/>La serie Comprender la Palabra pretende explicar, comentar y aproximar a los fieles el texto b\u00edblico que escuchan en la liturgia y leen \u00edntimamente o en grupo. Su prop\u00f3sito es a la par intensamente pastoral y cient\u00edfico. Osea, se trata de comentarios que parten de un riguroso estudio del texto y sus variantes, de las intenciones de las palabras, del contexto hist\u00f3rico y religioso, de las concepciones antropol\u00f3gicas y teol\u00f3gicas de fondo. Partiendo de ah\u00ed, cada comentario particular quiere mostrar al fiel cristiano con un verbo f\u00e1cil, el significado del texto y su constante valor para alimentar la vida de fe.<\/p>\n","protected":false},"excerpt":{"rendered":"<p>MAYORAL L\u00d3PEZ, JUAN ANTONIO<\/p>\n","protected":false},"featured_media":185655,"template":"","meta":{"_acf_changed":false,"om_disable_all_campaigns":false,"rs_blank_template":"","rs_page_bg_color":"","slide_template_v7":"","inline_featured_image":false,"_monsterinsights_skip_tracking":false,"_monsterinsights_sitenote_active":false,"_monsterinsights_sitenote_note":"","_monsterinsights_sitenote_category":0},"product_brand":[],"product_cat":[75,341],"product_tag":[],"class_list":{"0":"post-185654","1":"product","2":"type-product","3":"status-publish","4":"has-post-thumbnail","6":"product_cat-biblia","7":"product_cat-biblia-es","9":"first","10":"instock","11":"taxable","12":"shipping-taxable","13":"purchasable","14":"product-type-simple"},"acf":{"autor":"MAYORAL L\u00d3PEZ, JUAN ANTONIO","codart":"842202021","libros-coleccion":"COMPRENDER LA PALABRA","ediciones":"1","encuadernacion":"Carpeta","fecha_de_publicacion":"01\/04\/2018","novedad":"1","paginas":"312","subtitulo":"","orden":"0","portada":"0","idioma":"spa","editorial":[{"ID":6142,"post_author":"3","post_date":"2022-07-28 17:45:47","post_date_gmt":"2022-07-28 15:45:47","post_content":"","post_title":"BIBLIOTECA AUTORES CRI   B.A.C","post_excerpt":"","post_status":"publish","comment_status":"closed","ping_status":"closed","post_password":"","post_name":"biblioteca-autores-cri-b-a-c","to_ping":"","pinged":"","post_modified":"2022-07-28 17:45:47","post_modified_gmt":"2022-07-28 15:45:47","post_content_filtered":"","post_parent":0,"guid":"http:\/\/dev.claret.cat\/editorial\/biblioteca-autores-cri-b-a-c\/","menu_order":0,"post_type":"editorial","post_mime_type":"","comment_count":"0","filter":"raw"}],"autores-libros":[{"ID":423643,"post_author":"3","post_date":"2023-05-16 07:44:16","post_date_gmt":"2023-05-16 05:44:16","post_content":"","post_title":"J.A. MAYORAL LOPEZ","post_excerpt":"","post_status":"publish","comment_status":"closed","ping_status":"closed","post_password":"","post_name":"j-a-mayoral-lopez","to_ping":"","pinged":"","post_modified":"2023-05-16 07:44:16","post_modified_gmt":"2023-05-16 05:44:16","post_content_filtered":"","post_parent":0,"guid":"https:\/\/www.claret.cat\/autor\/j-a-mayoral-lopez\/","menu_order":0,"post_type":"autor","post_mime_type":"","comment_count":"0","filter":"raw"},{"ID":305103,"post_author":"3","post_date":"2022-12-16 05:27:38","post_date_gmt":"2022-12-16 04:27:38","post_content":"","post_title":"JUAN ANTONIO MAYORAL L\u00d3PEZ","post_excerpt":"","post_status":"publish","comment_status":"closed","ping_status":"closed","post_password":"","post_name":"juan-antonio-mayoral-lopez","to_ping":"","pinged":"","post_modified":"2022-12-16 05:27:38","post_modified_gmt":"2022-12-16 04:27:38","post_content_filtered":"","post_parent":0,"guid":"http:\/\/dev.claret.cat\/autor\/juan-antonio-mayoral-lopez\/","menu_order":0,"post_type":"autor","post_mime_type":"","comment_count":"0","filter":"raw"}]},"aioseo_notices":[],"_links":{"self":[{"href":"https:\/\/www.claret.cat\/es\/wp-json\/wp\/v2\/product\/185654","targetHints":{"allow":["GET"]}}],"collection":[{"href":"https:\/\/www.claret.cat\/es\/wp-json\/wp\/v2\/product"}],"about":[{"href":"https:\/\/www.claret.cat\/es\/wp-json\/wp\/v2\/types\/product"}],"wp:featuredmedia":[{"embeddable":true,"href":"https:\/\/www.claret.cat\/es\/wp-json\/wp\/v2\/media\/185655"}],"wp:attachment":[{"href":"https:\/\/www.claret.cat\/es\/wp-json\/wp\/v2\/media?parent=185654"}],"wp:term":[{"taxonomy":"product_brand","embeddable":true,"href":"https:\/\/www.claret.cat\/es\/wp-json\/wp\/v2\/product_brand?post=185654"},{"taxonomy":"product_cat","embeddable":true,"href":"https:\/\/www.claret.cat\/es\/wp-json\/wp\/v2\/product_cat?post=185654"},{"taxonomy":"product_tag","embeddable":true,"href":"https:\/\/www.claret.cat\/es\/wp-json\/wp\/v2\/product_tag?post=185654"}],"curies":[{"name":"wp","href":"https:\/\/api.w.org\/{rel}","templated":true}]}}