{"id":185780,"date":"2022-10-20T04:45:48","date_gmt":"2022-10-20T02:45:48","guid":{"rendered":"http:\/\/dev.claret.cat\/producte\/practica-amb-barcanova-matematiques-17\/"},"modified":"2026-03-05T12:25:30","modified_gmt":"2026-03-05T11:25:30","slug":"practica-amb-barcanova-matematiques-17-9788448945664","status":"publish","type":"product","link":"https:\/\/www.claret.cat\/es\/libro\/practica-amb-barcanova-matematiques-17-9788448945664\/","title":{"rendered":"PRACTICA AMB BARCANOVA. MATEM\u00c0TIQUES 17"},"content":{"rendered":"","protected":false},"excerpt":{"rendered":"<p>ACH\u00d3N, JORDI \/ UTG\u00c9S, JOSEP MARIA<\/p>\n","protected":false},"featured_media":185781,"template":"","meta":{"_acf_changed":false,"om_disable_all_campaigns":false,"rs_blank_template":"","rs_page_bg_color":"","slide_template_v7":"","inline_featured_image":false,"_monsterinsights_skip_tracking":false,"_monsterinsights_sitenote_active":false,"_monsterinsights_sitenote_note":"","_monsterinsights_sitenote_category":0},"product_brand":[],"product_cat":[333,122],"product_tag":[],"class_list":{"0":"post-185780","1":"product","2":"type-product","3":"status-publish","4":"has-post-thumbnail","6":"product_cat-cuadernos-de-vacaciones","7":"product_cat-quaderns-de-vacances","9":"first","10":"instock","11":"taxable","12":"shipping-taxable","13":"purchasable","14":"product-type-simple"},"acf":{"autor":"ACH\u00d3N, JORDI \/ UTG\u00c9S, JOSEP MARIA","codart":"844894566","libros-coleccion":"Materials Educatius - Material Complemen","ediciones":"1","encuadernacion":"R\u00fastica","fecha_de_publicacion":"01\/04\/2018","novedad":"1","paginas":"32","subtitulo":"ESTIMACI\u00d3 DE PRODUCTES. FRACCIONS: SIMPLIFICACI\u00d3 I C\u00c0LCULS. NOMBRES DECIMALS: AR","orden":"0","portada":"0","idioma":"car","editorial":[{"ID":147525,"post_author":"3","post_date":"2022-10-14 11:51:14","post_date_gmt":"2022-10-14 09:51:14","post_content":"","post_title":"BARCANOVA","post_excerpt":"","post_status":"publish","comment_status":"closed","ping_status":"closed","post_password":"","post_name":"barcanova","to_ping":"","pinged":"","post_modified":"2022-10-14 11:51:14","post_modified_gmt":"2022-10-14 09:51:14","post_content_filtered":"","post_parent":0,"guid":"http:\/\/dev.claret.cat\/editorial\/barcanova\/","menu_order":0,"post_type":"editorial","post_mime_type":"","comment_count":"0","filter":"raw"}],"booktrailer":"","resenas":"","autores-libros":[{"ID":424333,"post_author":"3","post_date":"2023-05-16 07:58:19","post_date_gmt":"2023-05-16 05:58:19","post_content":"","post_title":"JORDI ACH\u00d3N","post_excerpt":"","post_status":"publish","comment_status":"closed","ping_status":"closed","post_password":"","post_name":"jordi-achon","to_ping":"","pinged":"","post_modified":"2023-05-16 07:58:19","post_modified_gmt":"2023-05-16 05:58:19","post_content_filtered":"","post_parent":0,"guid":"https:\/\/www.claret.cat\/autor\/jordi-achon\/","menu_order":0,"post_type":"autor","post_mime_type":"","comment_count":"0","filter":"raw"},{"ID":424724,"post_author":"3","post_date":"2023-05-16 08:06:34","post_date_gmt":"2023-05-16 06:06:34","post_content":"","post_title":"JOSEP MARIA UTG\u00c9S","post_excerpt":"","post_status":"publish","comment_status":"closed","ping_status":"closed","post_password":"","post_name":"josep-maria-utges","to_ping":"","pinged":"","post_modified":"2023-05-16 08:06:34","post_modified_gmt":"2023-05-16 06:06:34","post_content_filtered":"","post_parent":0,"guid":"https:\/\/www.claret.cat\/autor\/josep-maria-utges\/","menu_order":0,"post_type":"autor","post_mime_type":"","comment_count":"0","filter":"raw"}]},"aioseo_notices":[],"_links":{"self":[{"href":"https:\/\/www.claret.cat\/es\/wp-json\/wp\/v2\/product\/185780","targetHints":{"allow":["GET"]}}],"collection":[{"href":"https:\/\/www.claret.cat\/es\/wp-json\/wp\/v2\/product"}],"about":[{"href":"https:\/\/www.claret.cat\/es\/wp-json\/wp\/v2\/types\/product"}],"wp:featuredmedia":[{"embeddable":true,"href":"https:\/\/www.claret.cat\/es\/wp-json\/wp\/v2\/media\/185781"}],"wp:attachment":[{"href":"https:\/\/www.claret.cat\/es\/wp-json\/wp\/v2\/media?parent=185780"}],"wp:term":[{"taxonomy":"product_brand","embeddable":true,"href":"https:\/\/www.claret.cat\/es\/wp-json\/wp\/v2\/product_brand?post=185780"},{"taxonomy":"product_cat","embeddable":true,"href":"https:\/\/www.claret.cat\/es\/wp-json\/wp\/v2\/product_cat?post=185780"},{"taxonomy":"product_tag","embeddable":true,"href":"https:\/\/www.claret.cat\/es\/wp-json\/wp\/v2\/product_tag?post=185780"}],"curies":[{"name":"wp","href":"https:\/\/api.w.org\/{rel}","templated":true}]}}