{"id":185798,"date":"2022-10-20T04:46:07","date_gmt":"2022-10-20T02:46:07","guid":{"rendered":"http:\/\/dev.claret.cat\/producte\/heidi-1-la-nina-de-los-alpes\/"},"modified":"2025-04-07T12:37:26","modified_gmt":"2025-04-07T10:37:26","slug":"heidi-1-la-nina-de-los-alpes-9788427213753","status":"publish","type":"product","link":"https:\/\/www.claret.cat\/es\/libro\/heidi-1-la-nina-de-los-alpes-9788427213753\/","title":{"rendered":"HEIDI 1. LA NI\u00d1A DE LOS ALPES"},"content":{"rendered":"<p>Heidi, una inocente ni\u00f1a de cinco a\u00f1os, da una magn\u00edfica lecci\u00f3n de fidelidad a uno mismo, de perseverancia, de generosidad, de fe en el futuro, de amor a los dem\u00e1s y a la naturaleza. En el mundo convulso en el que vivimos, los \u00absupervalores\u00bb de Heidi resultan imprescindibles.<\/p>\n","protected":false},"excerpt":{"rendered":"<p>SPYRI , JOHANNA<\/p>\n","protected":false},"featured_media":185799,"template":"","meta":{"_acf_changed":false,"om_disable_all_campaigns":false,"rs_blank_template":"","rs_page_bg_color":"","slide_template_v7":"","inline_featured_image":false,"_monsterinsights_skip_tracking":false,"_monsterinsights_sitenote_active":false,"_monsterinsights_sitenote_note":"","_monsterinsights_sitenote_category":0},"product_brand":[],"product_cat":[86,352],"product_tag":[],"class_list":{"0":"post-185798","1":"product","2":"type-product","3":"status-publish","4":"has-post-thumbnail","6":"product_cat-infantil","7":"product_cat-infantil-3_infantil-juvenil-spa","9":"first","10":"instock","11":"taxable","12":"shipping-taxable","13":"purchasable","14":"product-type-simple"},"acf":{"autor":"SPYRI , JOHANNA","codart":"842721375","libros-coleccion":"INOLVIDABLES","ediciones":"1","encuadernacion":"Carton\u00e9","fecha_de_publicacion":"01\/04\/2018","novedad":"1","paginas":"207","subtitulo":"","orden":"0","portada":"0","idioma":"spa","editorial":[{"ID":6346,"post_author":"3","post_date":"2022-07-28 17:50:13","post_date_gmt":"2022-07-28 15:50:13","post_content":"","post_title":"RBA Molino","post_excerpt":"","post_status":"publish","comment_status":"closed","ping_status":"closed","post_password":"","post_name":"rba-molino","to_ping":"","pinged":"","post_modified":"2022-07-28 17:50:13","post_modified_gmt":"2022-07-28 15:50:13","post_content_filtered":"","post_parent":0,"guid":"http:\/\/dev.claret.cat\/editorial\/rba-molino\/","menu_order":0,"post_type":"editorial","post_mime_type":"","comment_count":"0","filter":"raw"}],"autores-libros":[{"ID":159597,"post_author":"3","post_date":"2022-10-14 15:46:09","post_date_gmt":"2022-10-14 13:46:09","post_content":"","post_title":"JOHANNA SPYRI","post_excerpt":"","post_status":"publish","comment_status":"closed","ping_status":"closed","post_password":"","post_name":"johanna-spyri","to_ping":"","pinged":"","post_modified":"2022-10-14 15:46:09","post_modified_gmt":"2022-10-14 13:46:09","post_content_filtered":"","post_parent":0,"guid":"http:\/\/dev.claret.cat\/autor\/johanna-spyri\/","menu_order":0,"post_type":"autor","post_mime_type":"","comment_count":"0","filter":"raw"}]},"aioseo_notices":[],"_links":{"self":[{"href":"https:\/\/www.claret.cat\/es\/wp-json\/wp\/v2\/product\/185798","targetHints":{"allow":["GET"]}}],"collection":[{"href":"https:\/\/www.claret.cat\/es\/wp-json\/wp\/v2\/product"}],"about":[{"href":"https:\/\/www.claret.cat\/es\/wp-json\/wp\/v2\/types\/product"}],"wp:featuredmedia":[{"embeddable":true,"href":"https:\/\/www.claret.cat\/es\/wp-json\/wp\/v2\/media\/185799"}],"wp:attachment":[{"href":"https:\/\/www.claret.cat\/es\/wp-json\/wp\/v2\/media?parent=185798"}],"wp:term":[{"taxonomy":"product_brand","embeddable":true,"href":"https:\/\/www.claret.cat\/es\/wp-json\/wp\/v2\/product_brand?post=185798"},{"taxonomy":"product_cat","embeddable":true,"href":"https:\/\/www.claret.cat\/es\/wp-json\/wp\/v2\/product_cat?post=185798"},{"taxonomy":"product_tag","embeddable":true,"href":"https:\/\/www.claret.cat\/es\/wp-json\/wp\/v2\/product_tag?post=185798"}],"curies":[{"name":"wp","href":"https:\/\/api.w.org\/{rel}","templated":true}]}}