{"id":185801,"date":"2022-10-20T04:46:10","date_gmt":"2022-10-20T02:46:10","guid":{"rendered":"http:\/\/dev.claret.cat\/producte\/heidi-2-heidi-vuelve-a-las-montanas\/"},"modified":"2025-04-07T12:35:09","modified_gmt":"2025-04-07T10:35:09","slug":"heidi-2-heidi-vuelve-a-las-montanas-9788427213760","status":"publish","type":"product","link":"https:\/\/www.claret.cat\/es\/libro\/heidi-2-heidi-vuelve-a-las-montanas-9788427213760\/","title":{"rendered":"HEIDI 2. HEIDI VUELVE A LAS MONTA\u00d1AS"},"content":{"rendered":"<p>Despu\u00e9s de pasar un tiempo en la ciudad, Heidi ha vuelto a los Alpes a vivir con su abuelo. Pronto, recibir\u00e1 la visita de su amiga Clara y juntas descubrir\u00e1n las maravillas de la naturaleza.<\/p>\n","protected":false},"excerpt":{"rendered":"<p>SPYRI , JOHANNA<\/p>\n","protected":false},"featured_media":185802,"template":"","meta":{"_acf_changed":false,"om_disable_all_campaigns":false,"rs_blank_template":"","rs_page_bg_color":"","slide_template_v7":"","inline_featured_image":false,"_monsterinsights_skip_tracking":false,"_monsterinsights_sitenote_active":false,"_monsterinsights_sitenote_note":"","_monsterinsights_sitenote_category":0},"product_brand":[],"product_cat":[86,352],"product_tag":[],"class_list":{"0":"post-185801","1":"product","2":"type-product","3":"status-publish","4":"has-post-thumbnail","6":"product_cat-infantil","7":"product_cat-infantil-3_infantil-juvenil-spa","9":"first","10":"instock","11":"taxable","12":"shipping-taxable","13":"purchasable","14":"product-type-simple"},"acf":{"autor":"SPYRI , JOHANNA","codart":"842721376","libros-coleccion":"INOLVIDABLES","ediciones":"1","encuadernacion":"Carton\u00e9","fecha_de_publicacion":"01\/04\/2018","novedad":"1","paginas":"201","subtitulo":"","orden":"0","portada":"0","idioma":"spa","editorial":[{"ID":6346,"post_author":"3","post_date":"2022-07-28 17:50:13","post_date_gmt":"2022-07-28 15:50:13","post_content":"","post_title":"RBA Molino","post_excerpt":"","post_status":"publish","comment_status":"closed","ping_status":"closed","post_password":"","post_name":"rba-molino","to_ping":"","pinged":"","post_modified":"2022-07-28 17:50:13","post_modified_gmt":"2022-07-28 15:50:13","post_content_filtered":"","post_parent":0,"guid":"http:\/\/dev.claret.cat\/editorial\/rba-molino\/","menu_order":0,"post_type":"editorial","post_mime_type":"","comment_count":"0","filter":"raw"}],"autores-libros":[{"ID":159597,"post_author":"3","post_date":"2022-10-14 15:46:09","post_date_gmt":"2022-10-14 13:46:09","post_content":"","post_title":"JOHANNA SPYRI","post_excerpt":"","post_status":"publish","comment_status":"closed","ping_status":"closed","post_password":"","post_name":"johanna-spyri","to_ping":"","pinged":"","post_modified":"2022-10-14 15:46:09","post_modified_gmt":"2022-10-14 13:46:09","post_content_filtered":"","post_parent":0,"guid":"http:\/\/dev.claret.cat\/autor\/johanna-spyri\/","menu_order":0,"post_type":"autor","post_mime_type":"","comment_count":"0","filter":"raw"}]},"aioseo_notices":[],"_links":{"self":[{"href":"https:\/\/www.claret.cat\/es\/wp-json\/wp\/v2\/product\/185801","targetHints":{"allow":["GET"]}}],"collection":[{"href":"https:\/\/www.claret.cat\/es\/wp-json\/wp\/v2\/product"}],"about":[{"href":"https:\/\/www.claret.cat\/es\/wp-json\/wp\/v2\/types\/product"}],"wp:featuredmedia":[{"embeddable":true,"href":"https:\/\/www.claret.cat\/es\/wp-json\/wp\/v2\/media\/185802"}],"wp:attachment":[{"href":"https:\/\/www.claret.cat\/es\/wp-json\/wp\/v2\/media?parent=185801"}],"wp:term":[{"taxonomy":"product_brand","embeddable":true,"href":"https:\/\/www.claret.cat\/es\/wp-json\/wp\/v2\/product_brand?post=185801"},{"taxonomy":"product_cat","embeddable":true,"href":"https:\/\/www.claret.cat\/es\/wp-json\/wp\/v2\/product_cat?post=185801"},{"taxonomy":"product_tag","embeddable":true,"href":"https:\/\/www.claret.cat\/es\/wp-json\/wp\/v2\/product_tag?post=185801"}],"curies":[{"name":"wp","href":"https:\/\/api.w.org\/{rel}","templated":true}]}}