{"id":185993,"date":"2022-10-20T04:49:25","date_gmt":"2022-10-20T02:49:25","guid":{"rendered":"http:\/\/dev.claret.cat\/producte\/largo-proceso-amargo-sueno\/"},"modified":"2023-01-28T19:50:53","modified_gmt":"2023-01-28T18:50:53","slug":"largo-proceso-amargo-sueno-9788490665213","status":"publish","type":"product","link":"https:\/\/www.claret.cat\/es\/libro\/largo-proceso-amargo-sueno-9788490665213\/","title":{"rendered":"LARGO PROCESO, AMARGO SUE\u00d1O"},"content":{"rendered":"<p>Este libro, versi\u00f3n actualizada y en lengua espa\u00f1ola del exitoso El llarg proc\u00e9s, propone una interpretaci\u00f3n nueva, pol\u00e9mica y en clave europea del desarrollo de la cultura del catalanismo desde la inmediata posguerra hasta los convulsos d\u00edas del presente en Catalu\u00f1a. A partir de documentaci\u00f3n privada y en muchos casos in\u00e9dita, Largo proceso, amargo sue\u00f1o es una rigurosa cr\u00f3nica de historia intelectual catalana. .<\/p>\n","protected":false},"excerpt":{"rendered":"<p>AMAT, JORDI<\/p>\n","protected":false},"featured_media":185994,"template":"","meta":{"_acf_changed":false,"om_disable_all_campaigns":false,"rs_blank_template":"","rs_page_bg_color":"","slide_template_v7":"","inline_featured_image":false,"_monsterinsights_skip_tracking":false,"_monsterinsights_sitenote_active":false,"_monsterinsights_sitenote_note":"","_monsterinsights_sitenote_category":0},"product_brand":[],"product_cat":[85],"product_tag":[],"class_list":{"0":"post-185993","1":"product","2":"type-product","3":"status-publish","4":"has-post-thumbnail","6":"product_cat-historia","8":"first","9":"instock","10":"taxable","11":"shipping-taxable","12":"purchasable","13":"product-type-simple"},"acf":{"autor":"AMAT, JORDI","codart":"849066521","libros-coleccion":"Tiempo de memoria","ediciones":"1","encuadernacion":"R\u00fastica","fecha_de_publicacion":"01\/04\/2018","novedad":"1","paginas":"448","subtitulo":"CULTURA Y POL\u00cdTICA EN LA CATALU\u00d1A CONTEMPOR\u00c1NEA","orden":"0","portada":"0","idioma":"spa","editorial":[{"ID":148913,"post_author":"3","post_date":"2022-10-14 12:01:58","post_date_gmt":"2022-10-14 10:01:58","post_content":"","post_title":"Tusquets Editores S.A.","post_excerpt":"","post_status":"publish","comment_status":"closed","ping_status":"closed","post_password":"","post_name":"tusquets-editores-s-a","to_ping":"","pinged":"","post_modified":"2022-10-14 12:01:58","post_modified_gmt":"2022-10-14 10:01:58","post_content_filtered":"","post_parent":0,"guid":"http:\/\/dev.claret.cat\/editorial\/tusquets-editores-s-a\/","menu_order":0,"post_type":"editorial","post_mime_type":"","comment_count":"0","filter":"raw"}],"autores-libros":[{"ID":159813,"post_author":"3","post_date":"2022-10-14 15:47:56","post_date_gmt":"2022-10-14 13:47:56","post_content":"","post_title":"JORDI AMAT","post_excerpt":"","post_status":"publish","comment_status":"closed","ping_status":"closed","post_password":"","post_name":"jordi-amat","to_ping":"","pinged":"","post_modified":"2022-10-14 15:47:56","post_modified_gmt":"2022-10-14 13:47:56","post_content_filtered":"","post_parent":0,"guid":"http:\/\/dev.claret.cat\/autor\/jordi-amat\/","menu_order":0,"post_type":"autor","post_mime_type":"","comment_count":"0","filter":"raw"}]},"aioseo_notices":[],"_links":{"self":[{"href":"https:\/\/www.claret.cat\/es\/wp-json\/wp\/v2\/product\/185993","targetHints":{"allow":["GET"]}}],"collection":[{"href":"https:\/\/www.claret.cat\/es\/wp-json\/wp\/v2\/product"}],"about":[{"href":"https:\/\/www.claret.cat\/es\/wp-json\/wp\/v2\/types\/product"}],"wp:featuredmedia":[{"embeddable":true,"href":"https:\/\/www.claret.cat\/es\/wp-json\/wp\/v2\/media\/185994"}],"wp:attachment":[{"href":"https:\/\/www.claret.cat\/es\/wp-json\/wp\/v2\/media?parent=185993"}],"wp:term":[{"taxonomy":"product_brand","embeddable":true,"href":"https:\/\/www.claret.cat\/es\/wp-json\/wp\/v2\/product_brand?post=185993"},{"taxonomy":"product_cat","embeddable":true,"href":"https:\/\/www.claret.cat\/es\/wp-json\/wp\/v2\/product_cat?post=185993"},{"taxonomy":"product_tag","embeddable":true,"href":"https:\/\/www.claret.cat\/es\/wp-json\/wp\/v2\/product_tag?post=185993"}],"curies":[{"name":"wp","href":"https:\/\/api.w.org\/{rel}","templated":true}]}}