{"id":186,"date":"2022-07-27T15:06:59","date_gmt":"2022-07-27T13:06:59","guid":{"rendered":"http:\/\/dev.claret.cat\/producto\/marcus-pocus-1-magia-a-domicilio-9788408254157\/"},"modified":"2026-04-18T11:30:13","modified_gmt":"2026-04-18T09:30:13","slug":"marcus-pocus-1-magia-a-domicilio-9788408254157","status":"publish","type":"product","link":"https:\/\/www.claret.cat\/es\/libro\/marcus-pocus-1-magia-a-domicilio-9788408254157\/","title":{"rendered":"MARCUS POCUS 1. MAGIA A DOMICILIO"},"content":{"rendered":"<p>En la moderna ciudad de Suncity no queda lugar para la magia. O al menos eso cree Marcus Pocus, un travieso aprendiz de brujo del Club de la Luna Llena. Pero solo hasta que entra por casualidad en una misteriosa tienda oculta al fondo de un callej\u00f3n. Es all\u00ed donde Marcus descubrir\u00e1 que la ciudad no solo tiene magia\u2026 \u00a1tambi\u00e9n se reparte a domicilio!<\/p>\n","protected":false},"excerpt":{"rendered":"<p>MA\u00d1AS, PEDRO \/ SIERRA LIST\u00d3N, DAVID<\/p>\n","protected":false},"featured_media":53673,"template":"","meta":{"_acf_changed":false,"om_disable_all_campaigns":false,"rs_blank_template":"","rs_page_bg_color":"","slide_template_v7":"","inline_featured_image":false,"_monsterinsights_skip_tracking":false,"_monsterinsights_sitenote_active":false,"_monsterinsights_sitenote_note":"","_monsterinsights_sitenote_category":0},"product_brand":[],"product_cat":[132,362],"product_tag":[],"class_list":{"0":"post-186","1":"product","2":"type-product","3":"status-publish","4":"has-post-thumbnail","6":"product_cat-lectures-per-preadolescents-6-12-anys","7":"product_cat-libros-preadolescentes-6-12-anos","9":"first","10":"instock","11":"taxable","12":"shipping-taxable","13":"purchasable","14":"product-type-simple"},"acf":{"autor":"MA\u00d1AS, PEDRO \/ SIERRA LIST\u00d3N, DAVID","codart":"840825415","ediciones":"1","encuadernacion":"R\u00fastica","fecha_de_publicacion":"01\/06\/2022","novedad":"1","paginas":"128","subtitulo":"","orden":"0","portada":"0","idioma":"spa","libros-coleccion":"FORA DE COL.LECCI\u00d3","autores-libros":[{"ID":5933,"post_author":"3","post_date":"2022-07-28 17:34:36","post_date_gmt":"2022-07-28 15:34:36","post_content":"","post_title":"PEDRO MA\u00d1AS","post_excerpt":"","post_status":"publish","comment_status":"closed","ping_status":"closed","post_password":"","post_name":"pedro-manas","to_ping":"","pinged":"","post_modified":"2022-07-28 17:34:36","post_modified_gmt":"2022-07-28 15:34:36","post_content_filtered":"","post_parent":0,"guid":"http:\/\/dev.claret.cat\/autor\/pedro-manas\/","menu_order":0,"post_type":"autor","post_mime_type":"","comment_count":"0","filter":"raw"},{"ID":5393,"post_author":"3","post_date":"2022-07-28 17:23:01","post_date_gmt":"2022-07-28 15:23:01","post_content":"","post_title":"DAVID SIERRA LIST\u00d3N","post_excerpt":"","post_status":"publish","comment_status":"closed","ping_status":"closed","post_password":"","post_name":"david-sierra-liston","to_ping":"","pinged":"","post_modified":"2022-07-28 17:23:01","post_modified_gmt":"2022-07-28 15:23:01","post_content_filtered":"","post_parent":0,"guid":"http:\/\/dev.claret.cat\/autor\/david-sierra-liston\/","menu_order":0,"post_type":"autor","post_mime_type":"","comment_count":"0","filter":"raw"}],"editorial":[{"ID":6233,"post_author":"3","post_date":"2022-07-28 17:47:48","post_date_gmt":"2022-07-28 15:47:48","post_content":"","post_title":"EDITORIAL PLANETA","post_excerpt":"","post_status":"publish","comment_status":"closed","ping_status":"closed","post_password":"","post_name":"editorial-planeta","to_ping":"","pinged":"","post_modified":"2022-07-28 17:47:48","post_modified_gmt":"2022-07-28 15:47:48","post_content_filtered":"","post_parent":0,"guid":"http:\/\/dev.claret.cat\/editorial\/editorial-planeta\/","menu_order":0,"post_type":"editorial","post_mime_type":"","comment_count":"0","filter":"raw"}],"booktrailer":"","resenas":""},"aioseo_notices":[],"_links":{"self":[{"href":"https:\/\/www.claret.cat\/es\/wp-json\/wp\/v2\/product\/186","targetHints":{"allow":["GET"]}}],"collection":[{"href":"https:\/\/www.claret.cat\/es\/wp-json\/wp\/v2\/product"}],"about":[{"href":"https:\/\/www.claret.cat\/es\/wp-json\/wp\/v2\/types\/product"}],"wp:featuredmedia":[{"embeddable":true,"href":"https:\/\/www.claret.cat\/es\/wp-json\/wp\/v2\/media\/53673"}],"wp:attachment":[{"href":"https:\/\/www.claret.cat\/es\/wp-json\/wp\/v2\/media?parent=186"}],"wp:term":[{"taxonomy":"product_brand","embeddable":true,"href":"https:\/\/www.claret.cat\/es\/wp-json\/wp\/v2\/product_brand?post=186"},{"taxonomy":"product_cat","embeddable":true,"href":"https:\/\/www.claret.cat\/es\/wp-json\/wp\/v2\/product_cat?post=186"},{"taxonomy":"product_tag","embeddable":true,"href":"https:\/\/www.claret.cat\/es\/wp-json\/wp\/v2\/product_tag?post=186"}],"curies":[{"name":"wp","href":"https:\/\/api.w.org\/{rel}","templated":true}]}}