{"id":186026,"date":"2022-10-20T04:49:59","date_gmt":"2022-10-20T02:49:59","guid":{"rendered":"http:\/\/dev.claret.cat\/producte\/l1-doctubre-explicat-a-la-menuda\/"},"modified":"2023-01-28T17:37:03","modified_gmt":"2023-01-28T16:37:03","slug":"l1-doctubre-explicat-a-la-menuda-9788494748448","status":"publish","type":"product","link":"https:\/\/www.claret.cat\/es\/libro\/l1-doctubre-explicat-a-la-menuda-9788494748448\/","title":{"rendered":"L&#8217;1 D&#8217;OCTUBRE EXPLICAT A LA MENUDA"},"content":{"rendered":"<p>Fa anys que anem a manifestacions cada 11 de setembre. Hem fet consultes i concentracions, sovint amb els nostres fills. Per a ells ja \u00e9s una tradici\u00f3 m\u00e9s del calendari. Per\u00f2 l\u20191 d\u2019octubre va ser diferent perqu\u00e8 ens hi va convocar per primera vegada el nostre govern i tots els catalans vam tenir el dret de manifestar-nos votant.<br \/>Per fer-lo possible, molts vam dormir als col\u00b7legis, vam defensar els llocs de votaci\u00f3, vam cantar, vam cridar, vam riure, vam espantar-nos, i sobretot vam votar. Per\u00f2 aquell dia va semblar que s\u2019havia avan\u00e7at la castanyada. Qu\u00e8 va passar?<br \/>Per qu\u00e8 vam votar l\u20191 d\u2019octubre?<\/p>\n","protected":false},"excerpt":{"rendered":"<p>PUJOL CRUELLS, ADRI\u00c0<\/p>\n","protected":false},"featured_media":321456,"template":"","meta":{"_acf_changed":false,"om_disable_all_campaigns":false,"rs_blank_template":"","rs_page_bg_color":"","slide_template_v7":"","inline_featured_image":false,"_monsterinsights_skip_tracking":false,"_monsterinsights_sitenote_active":false,"_monsterinsights_sitenote_note":"","_monsterinsights_sitenote_category":0},"product_brand":[],"product_cat":[85,351],"product_tag":[],"class_list":{"0":"post-186026","1":"product","2":"type-product","3":"status-publish","4":"has-post-thumbnail","6":"product_cat-historia","7":"product_cat-historia-2_humanidades","9":"first","10":"instock","11":"taxable","12":"shipping-taxable","13":"purchasable","14":"product-type-simple"},"acf":{"autor":"PUJOL CRUELLS, ADRI\u00c0","codart":"8494748448","libros-coleccion":"El trebinell","ediciones":"1","encuadernacion":"Carton\u00e9","fecha_de_publicacion":"01\/04\/2018","novedad":"1","paginas":"22","subtitulo":"","orden":"0","portada":"0","idioma":"cat","editorial":[{"ID":147894,"post_author":"3","post_date":"2022-10-14 11:54:03","post_date_gmt":"2022-10-14 09:54:03","post_content":"","post_title":"Edicions Sidill\u00e0 SL","post_excerpt":"","post_status":"publish","comment_status":"closed","ping_status":"closed","post_password":"","post_name":"edicions-sidilla-sl","to_ping":"","pinged":"","post_modified":"2022-10-14 11:54:03","post_modified_gmt":"2022-10-14 09:54:03","post_content_filtered":"","post_parent":0,"guid":"http:\/\/dev.claret.cat\/editorial\/edicions-sidilla-sl\/","menu_order":0,"post_type":"editorial","post_mime_type":"","comment_count":"0","filter":"raw"}],"autores-libros":[{"ID":149171,"post_author":"3","post_date":"2022-10-14 14:22:43","post_date_gmt":"2022-10-14 12:22:43","post_content":"","post_title":"ADRI\u00c0 PUJOL CRUELLS","post_excerpt":"","post_status":"publish","comment_status":"closed","ping_status":"closed","post_password":"","post_name":"adria-pujol-cruells","to_ping":"","pinged":"","post_modified":"2022-10-14 14:22:43","post_modified_gmt":"2022-10-14 12:22:43","post_content_filtered":"","post_parent":0,"guid":"http:\/\/dev.claret.cat\/autor\/adria-pujol-cruells\/","menu_order":0,"post_type":"autor","post_mime_type":"","comment_count":"0","filter":"raw"}]},"aioseo_notices":[],"_links":{"self":[{"href":"https:\/\/www.claret.cat\/es\/wp-json\/wp\/v2\/product\/186026","targetHints":{"allow":["GET"]}}],"collection":[{"href":"https:\/\/www.claret.cat\/es\/wp-json\/wp\/v2\/product"}],"about":[{"href":"https:\/\/www.claret.cat\/es\/wp-json\/wp\/v2\/types\/product"}],"wp:featuredmedia":[{"embeddable":true,"href":"https:\/\/www.claret.cat\/es\/wp-json\/wp\/v2\/media\/321456"}],"wp:attachment":[{"href":"https:\/\/www.claret.cat\/es\/wp-json\/wp\/v2\/media?parent=186026"}],"wp:term":[{"taxonomy":"product_brand","embeddable":true,"href":"https:\/\/www.claret.cat\/es\/wp-json\/wp\/v2\/product_brand?post=186026"},{"taxonomy":"product_cat","embeddable":true,"href":"https:\/\/www.claret.cat\/es\/wp-json\/wp\/v2\/product_cat?post=186026"},{"taxonomy":"product_tag","embeddable":true,"href":"https:\/\/www.claret.cat\/es\/wp-json\/wp\/v2\/product_tag?post=186026"}],"curies":[{"name":"wp","href":"https:\/\/api.w.org\/{rel}","templated":true}]}}