{"id":186125,"date":"2022-10-20T04:51:40","date_gmt":"2022-10-20T02:51:40","guid":{"rendered":"http:\/\/dev.claret.cat\/producte\/el-terror-2\/"},"modified":"2023-01-28T19:37:49","modified_gmt":"2023-01-28T18:37:49","slug":"el-terror-9788416867721","status":"publish","type":"product","link":"https:\/\/www.claret.cat\/es\/libro\/el-terror-9788416867721\/","title":{"rendered":"EL TERROR"},"content":{"rendered":"<p>La verdadera historia de una legendaria expedici\u00f3n al \u00c1rtico, transformada en una excitante y extraordinaria novela en la l\u00ednea del mejor Stephen King o Patrick O&#8217;Brien y llevada a la TV en una extraordinaria serie de 10 episodios. En 1847, dos barcos de la Armada brit\u00e1nica, el HMS Erebus y el HMS Terror, que navegaban bajo el mando de sir John Franklin, est\u00e1n atrapados en el hielo del \u00c1rtico. En su anhelada busca del paso del Noroeste, parecen haber fracasado. Sin poder hacer nada por continuar su marcha y completar su expedici\u00f3n, rodeados del fr\u00edo polar y de inminentes peligros, s\u00f3lo pueden esperar a que llegue el deshielo que les permita escapar. Poco a poco, los d\u00edas van pasando y las condiciones de supervivencia se vuelven m\u00e1s extremas; temperaturas que superan los cincuenta grados bajo cero, provisiones de comida escasas, el deterioro de los barcos o la llegada de enfermedades van mellando la esperanza de la tripulaci\u00f3n Por si fuera poco, la extra\u00f1a presencia de una criatura bestial y misteriosa hace que los hombres crean que se enfrentan no s\u00f3lo a las condiciones naturales m\u00e1s adversas, sino tambi\u00e9n a fuerzas sobrenaturales que superan, por momentos, sus creencias y su raz\u00f3n. Con el tiempo y la llegada de las primeras muertes, fantasmas como el de la rebeli\u00f3n, el mot\u00edn o el canibalismo hacen su entrada en escena, en un panorama desolador. Basada en hechos reales, El Terror es una magn\u00edfica novela en la que Dan Simmons consigue que el lector se sienta, aterido, uno m\u00e1s de los tripulantes extraviados en el Polo.<\/p>\n","protected":false},"excerpt":{"rendered":"<p>SIMMONS, DAN<\/p>\n","protected":false},"featured_media":186126,"template":"","meta":{"_acf_changed":false,"om_disable_all_campaigns":false,"rs_blank_template":"","rs_page_bg_color":"","slide_template_v7":"","inline_featured_image":false,"_monsterinsights_skip_tracking":false,"_monsterinsights_sitenote_active":false,"_monsterinsights_sitenote_note":"","_monsterinsights_sitenote_category":0},"product_brand":[],"product_cat":[87],"product_tag":[],"class_list":{"0":"post-186125","1":"product","2":"type-product","3":"status-publish","4":"has-post-thumbnail","6":"product_cat-literatura","8":"first","9":"instock","10":"taxable","11":"shipping-taxable","12":"purchasable","13":"product-type-simple"},"acf":{"autor":"SIMMONS, DAN","codart":"841686772","libros-coleccion":"HIST\u00d3RICA","ediciones":"1","encuadernacion":"R\u00fastica","fecha_de_publicacion":"01\/04\/2018","novedad":"1","paginas":"766","subtitulo":"","orden":"0","portada":"0","idioma":"spa","editorial":[{"ID":148754,"post_author":"3","post_date":"2022-10-14 12:00:43","post_date_gmt":"2022-10-14 10:00:43","post_content":"","post_title":"Roca","post_excerpt":"","post_status":"publish","comment_status":"closed","ping_status":"closed","post_password":"","post_name":"roca","to_ping":"","pinged":"","post_modified":"2022-10-14 12:00:43","post_modified_gmt":"2022-10-14 10:00:43","post_content_filtered":"","post_parent":0,"guid":"http:\/\/dev.claret.cat\/editorial\/roca\/","menu_order":0,"post_type":"editorial","post_mime_type":"","comment_count":"0","filter":"raw"}],"autores-libros":[{"ID":153517,"post_author":"3","post_date":"2022-10-14 14:57:23","post_date_gmt":"2022-10-14 12:57:23","post_content":"","post_title":"DAN SIMMONS","post_excerpt":"","post_status":"publish","comment_status":"closed","ping_status":"closed","post_password":"","post_name":"dan-simmons","to_ping":"","pinged":"","post_modified":"2022-10-14 14:57:23","post_modified_gmt":"2022-10-14 12:57:23","post_content_filtered":"","post_parent":0,"guid":"http:\/\/dev.claret.cat\/autor\/dan-simmons\/","menu_order":0,"post_type":"autor","post_mime_type":"","comment_count":"0","filter":"raw"}]},"aioseo_notices":[],"_links":{"self":[{"href":"https:\/\/www.claret.cat\/es\/wp-json\/wp\/v2\/product\/186125","targetHints":{"allow":["GET"]}}],"collection":[{"href":"https:\/\/www.claret.cat\/es\/wp-json\/wp\/v2\/product"}],"about":[{"href":"https:\/\/www.claret.cat\/es\/wp-json\/wp\/v2\/types\/product"}],"wp:featuredmedia":[{"embeddable":true,"href":"https:\/\/www.claret.cat\/es\/wp-json\/wp\/v2\/media\/186126"}],"wp:attachment":[{"href":"https:\/\/www.claret.cat\/es\/wp-json\/wp\/v2\/media?parent=186125"}],"wp:term":[{"taxonomy":"product_brand","embeddable":true,"href":"https:\/\/www.claret.cat\/es\/wp-json\/wp\/v2\/product_brand?post=186125"},{"taxonomy":"product_cat","embeddable":true,"href":"https:\/\/www.claret.cat\/es\/wp-json\/wp\/v2\/product_cat?post=186125"},{"taxonomy":"product_tag","embeddable":true,"href":"https:\/\/www.claret.cat\/es\/wp-json\/wp\/v2\/product_tag?post=186125"}],"curies":[{"name":"wp","href":"https:\/\/api.w.org\/{rel}","templated":true}]}}