{"id":186182,"date":"2022-10-20T04:52:37","date_gmt":"2022-10-20T02:52:37","guid":{"rendered":"http:\/\/dev.claret.cat\/producte\/lampara-lucy-plus-amarilla\/"},"modified":"2023-01-28T06:53:13","modified_gmt":"2023-01-28T05:53:13","slug":"lampara-lucy-plus-amarilla-9788893673440","status":"publish","type":"product","link":"https:\/\/www.claret.cat\/es\/libro\/lampara-lucy-plus-amarilla-9788893673440\/","title":{"rendered":"LAMPARA LUCY PLUS AMARILLA"},"content":{"rendered":"<p>Nuevas l\u00e1mparas Lucy Plus. Pr\u00e1cticas y bonitas, ahora en formato m\u00e1s vers\u00e1til.<br \/>Se pueden utilizar como tarjetero, marcap\u00e1ginas, lapicero y l\u00e1mpara de mesa.<\/p>\n","protected":false},"excerpt":{"rendered":"<p>AA.VV.<\/p>\n","protected":false},"featured_media":186183,"template":"","meta":{"_acf_changed":false,"om_disable_all_campaigns":false,"rs_blank_template":"","rs_page_bg_color":"","slide_template_v7":"","inline_featured_image":false,"_monsterinsights_skip_tracking":false,"_monsterinsights_sitenote_active":false,"_monsterinsights_sitenote_note":"","_monsterinsights_sitenote_category":0},"product_brand":[],"product_cat":[90,105],"product_tag":[],"class_list":{"0":"post-186182","1":"product","2":"type-product","3":"status-publish","4":"has-post-thumbnail","6":"product_cat-altres","7":"product_cat-regal","9":"first","10":"instock","11":"taxable","12":"shipping-taxable","13":"purchasable","14":"product-type-simple"},"acf":{"autor":"AA.VV.","codart":"889367344","libros-coleccion":"","ediciones":"1","encuadernacion":"Carpeta","fecha_de_publicacion":"01\/04\/2018","novedad":"1","paginas":"0","subtitulo":"","orden":"0","portada":"0","idioma":"spa","editorial":[{"ID":148487,"post_author":"3","post_date":"2022-10-14 11:58:38","post_date_gmt":"2022-10-14 09:58:38","post_content":"","post_title":"MAGAZZINI SALANI","post_excerpt":"","post_status":"publish","comment_status":"closed","ping_status":"closed","post_password":"","post_name":"magazzini-salani","to_ping":"","pinged":"","post_modified":"2022-10-14 11:58:38","post_modified_gmt":"2022-10-14 09:58:38","post_content_filtered":"","post_parent":0,"guid":"http:\/\/dev.claret.cat\/editorial\/magazzini-salani\/","menu_order":0,"post_type":"editorial","post_mime_type":"","comment_count":"0","filter":"raw"}],"autores-libros":[{"ID":5199,"post_author":"3","post_date":"2022-07-28 17:16:54","post_date_gmt":"2022-07-28 15:16:54","post_content":"","post_title":"AA.VV.","post_excerpt":"","post_status":"publish","comment_status":"closed","ping_status":"closed","post_password":"","post_name":"aa-vv-3","to_ping":"","pinged":"","post_modified":"2022-07-28 17:16:54","post_modified_gmt":"2022-07-28 15:16:54","post_content_filtered":"","post_parent":0,"guid":"http:\/\/dev.claret.cat\/autor\/aa-vv-3\/","menu_order":0,"post_type":"autor","post_mime_type":"","comment_count":"0","filter":"raw"}]},"aioseo_notices":[],"_links":{"self":[{"href":"https:\/\/www.claret.cat\/es\/wp-json\/wp\/v2\/product\/186182","targetHints":{"allow":["GET"]}}],"collection":[{"href":"https:\/\/www.claret.cat\/es\/wp-json\/wp\/v2\/product"}],"about":[{"href":"https:\/\/www.claret.cat\/es\/wp-json\/wp\/v2\/types\/product"}],"wp:featuredmedia":[{"embeddable":true,"href":"https:\/\/www.claret.cat\/es\/wp-json\/wp\/v2\/media\/186183"}],"wp:attachment":[{"href":"https:\/\/www.claret.cat\/es\/wp-json\/wp\/v2\/media?parent=186182"}],"wp:term":[{"taxonomy":"product_brand","embeddable":true,"href":"https:\/\/www.claret.cat\/es\/wp-json\/wp\/v2\/product_brand?post=186182"},{"taxonomy":"product_cat","embeddable":true,"href":"https:\/\/www.claret.cat\/es\/wp-json\/wp\/v2\/product_cat?post=186182"},{"taxonomy":"product_tag","embeddable":true,"href":"https:\/\/www.claret.cat\/es\/wp-json\/wp\/v2\/product_tag?post=186182"}],"curies":[{"name":"wp","href":"https:\/\/api.w.org\/{rel}","templated":true}]}}