{"id":186272,"date":"2022-10-20T04:54:06","date_gmt":"2022-10-20T02:54:06","guid":{"rendered":"http:\/\/dev.claret.cat\/producte\/guia-para-la-luna-de-miel-perfecta\/"},"modified":"2023-01-28T09:46:58","modified_gmt":"2023-01-28T08:46:58","slug":"guia-para-la-luna-de-miel-perfecta-9788408182375","status":"publish","type":"product","link":"https:\/\/www.claret.cat\/es\/libro\/guia-para-la-luna-de-miel-perfecta-9788408182375\/","title":{"rendered":"GU\u00cdA PARA LA LUNA DE MIEL PERFECTA"},"content":{"rendered":"<p>Tanto si se est\u00e1 organizando una luna de miel tras la boda, como si la idea es organizar una escapada en pareja (\u00a1sin necesidad de casarse!), el coraz\u00f3n vibrar\u00e1 con estas aventuras confeccionadas seg\u00fan lo que m\u00e1s gusta a los dos, ya sea ver animales en el Serengueti, pasear en un antiguo autom\u00f3vil estadounidense por La Habana o bucear con tortugas en Bali. Este libro, con gu\u00edas sobre destinos, recomendaciones de hoteles, consejos para el presupuesto, un cuestionario para adivinar el destino ideal y listados de los mejores lugares dependiendo de la pareja, ayudar\u00e1 a que se viva una experiencia m\u00e1gica. Pero antes de dejar el trabajo y emprender el viaje m\u00e1s largo y derrochador de todos los tiempos, conviene pensar los aspectos pr\u00e1cticos, porque el viaje so\u00f1ado no vendr\u00e1 solo y como por arte de magia. Desde minilunas de miel (cuando no se puede disponer de mucho tiempo), hasta lunas de miel LGTB, rutas por carretera, viajes dignos de Instagram hasta lunas de miel en familia, esta gu\u00eda contempla todas las opciones.<\/p>\n","protected":false},"excerpt":{"rendered":"<p>BAXTER, SARAH \/ BENCHWICK, GREG \/ BENSON, SARA \/ GARWOOD, DUNCAN \/ HECHT, JOHN <\/p>\n","protected":false},"featured_media":186273,"template":"","meta":{"_acf_changed":false,"om_disable_all_campaigns":false,"rs_blank_template":"","rs_page_bg_color":"","slide_template_v7":"","inline_featured_image":false,"_monsterinsights_skip_tracking":false,"_monsterinsights_sitenote_active":false,"_monsterinsights_sitenote_note":"","_monsterinsights_sitenote_category":0},"product_brand":[],"product_cat":[107],"product_tag":[],"class_list":{"0":"post-186272","1":"product","2":"type-product","3":"status-publish","4":"has-post-thumbnail","6":"product_cat-guies-de-viatge","8":"first","9":"instock","10":"taxable","11":"shipping-taxable","12":"purchasable","13":"product-type-simple"},"acf":{"autor":"BAXTER, SARAH \/ BENCHWICK, GREG \/ BENSON, SARA \/ GARWOOD, DUNCAN \/ HECHT, JOHN ","codart":"840818237","libros-coleccion":"Ilustrados","ediciones":"1","encuadernacion":"R\u00fastica","fecha_de_publicacion":"01\/04\/2018","novedad":"1","paginas":"168","subtitulo":"","orden":"0","portada":"0","idioma":"spa","editorial":[{"ID":8244,"post_author":"3","post_date":"2022-09-30 09:21:26","post_date_gmt":"2022-09-30 07:21:26","post_content":"","post_title":"GEOPLANETA EDITORIAL","post_excerpt":"","post_status":"publish","comment_status":"closed","ping_status":"closed","post_password":"","post_name":"geoplaneta-editorial","to_ping":"","pinged":"","post_modified":"2022-09-30 09:21:26","post_modified_gmt":"2022-09-30 07:21:26","post_content_filtered":"","post_parent":0,"guid":"http:\/\/dev.claret.cat\/editorial\/geoplaneta-editorial\/","menu_order":0,"post_type":"editorial","post_mime_type":"","comment_count":"0","filter":"raw"}],"autores-libros":[{"ID":154426,"post_author":"3","post_date":"2022-10-14 15:04:43","post_date_gmt":"2022-10-14 13:04:43","post_content":"","post_title":"DUNCAN GARWOOD","post_excerpt":"","post_status":"publish","comment_status":"closed","ping_status":"closed","post_password":"","post_name":"duncan-garwood","to_ping":"","pinged":"","post_modified":"2022-10-14 15:04:43","post_modified_gmt":"2022-10-14 13:04:43","post_content_filtered":"","post_parent":0,"guid":"http:\/\/dev.claret.cat\/autor\/duncan-garwood\/","menu_order":0,"post_type":"autor","post_mime_type":"","comment_count":"0","filter":"raw"},{"ID":169134,"post_author":"3","post_date":"2022-10-14 22:24:45","post_date_gmt":"2022-10-14 20:24:45","post_content":"","post_title":"SARAH BAXTER","post_excerpt":"","post_status":"publish","comment_status":"closed","ping_status":"closed","post_password":"","post_name":"sarah-baxter","to_ping":"","pinged":"","post_modified":"2022-10-14 22:24:45","post_modified_gmt":"2022-10-14 20:24:45","post_content_filtered":"","post_parent":0,"guid":"http:\/\/dev.claret.cat\/autor\/sarah-baxter\/","menu_order":0,"post_type":"autor","post_mime_type":"","comment_count":"0","filter":"raw"},{"ID":157111,"post_author":"3","post_date":"2022-10-14 15:26:12","post_date_gmt":"2022-10-14 13:26:12","post_content":"","post_title":"GREG BENCHWICK","post_excerpt":"","post_status":"publish","comment_status":"closed","ping_status":"closed","post_password":"","post_name":"greg-benchwick","to_ping":"","pinged":"","post_modified":"2022-10-14 15:26:12","post_modified_gmt":"2022-10-14 13:26:12","post_content_filtered":"","post_parent":0,"guid":"http:\/\/dev.claret.cat\/autor\/greg-benchwick\/","menu_order":0,"post_type":"autor","post_mime_type":"","comment_count":"0","filter":"raw"},{"ID":159650,"post_author":"3","post_date":"2022-10-14 15:46:35","post_date_gmt":"2022-10-14 13:46:35","post_content":"","post_title":"JOHN HECHT","post_excerpt":"","post_status":"publish","comment_status":"closed","ping_status":"closed","post_password":"","post_name":"john-hecht","to_ping":"","pinged":"","post_modified":"2022-10-14 15:46:35","post_modified_gmt":"2022-10-14 13:46:35","post_content_filtered":"","post_parent":0,"guid":"http:\/\/dev.claret.cat\/autor\/john-hecht\/","menu_order":0,"post_type":"autor","post_mime_type":"","comment_count":"0","filter":"raw"}]},"aioseo_notices":[],"_links":{"self":[{"href":"https:\/\/www.claret.cat\/es\/wp-json\/wp\/v2\/product\/186272","targetHints":{"allow":["GET"]}}],"collection":[{"href":"https:\/\/www.claret.cat\/es\/wp-json\/wp\/v2\/product"}],"about":[{"href":"https:\/\/www.claret.cat\/es\/wp-json\/wp\/v2\/types\/product"}],"wp:featuredmedia":[{"embeddable":true,"href":"https:\/\/www.claret.cat\/es\/wp-json\/wp\/v2\/media\/186273"}],"wp:attachment":[{"href":"https:\/\/www.claret.cat\/es\/wp-json\/wp\/v2\/media?parent=186272"}],"wp:term":[{"taxonomy":"product_brand","embeddable":true,"href":"https:\/\/www.claret.cat\/es\/wp-json\/wp\/v2\/product_brand?post=186272"},{"taxonomy":"product_cat","embeddable":true,"href":"https:\/\/www.claret.cat\/es\/wp-json\/wp\/v2\/product_cat?post=186272"},{"taxonomy":"product_tag","embeddable":true,"href":"https:\/\/www.claret.cat\/es\/wp-json\/wp\/v2\/product_tag?post=186272"}],"curies":[{"name":"wp","href":"https:\/\/api.w.org\/{rel}","templated":true}]}}