{"id":186275,"date":"2022-10-20T04:54:09","date_gmt":"2022-10-20T02:54:09","guid":{"rendered":"http:\/\/dev.claret.cat\/producte\/moscu-y-san-petersburgo-de-cerca-1\/"},"modified":"2023-01-28T18:01:35","modified_gmt":"2023-01-28T17:01:35","slug":"moscu-y-san-petersburgo-de-cerca-1-9788408182290","status":"publish","type":"product","link":"https:\/\/www.claret.cat\/es\/libro\/moscu-y-san-petersburgo-de-cerca-1-9788408182290\/","title":{"rendered":"MOSC\u00da Y SAN PETERSBURGO DE CERCA 1"},"content":{"rendered":"<p>Dos capitales, pasado y presente. Dos paisajes urbanos, ricos en arte, arquitectura, cultura e historias dram\u00e1ticas y, aun as\u00ed, dos ciudades que no podr\u00edan ser m\u00e1s diferentes entre s\u00ed. De la fortaleza de ladrillo rojo y los rascacielos estalinistas de Mosc\u00fa a los pintorescos canales y fachadas barrocas de San Petersburgo, las capitales rusas marcan un contraste extraordinario pero exquisito.<\/p>\n","protected":false},"excerpt":{"rendered":"<p>VORHEES, MARA \/ RAGOZIN, LEONID \/ RICHMOND, SIMON \/ ST.LOUIS, REGIS<\/p>\n","protected":false},"featured_media":186276,"template":"","meta":{"_acf_changed":false,"om_disable_all_campaigns":false,"rs_blank_template":"","rs_page_bg_color":"","slide_template_v7":"","inline_featured_image":false,"_monsterinsights_skip_tracking":false,"_monsterinsights_sitenote_active":false,"_monsterinsights_sitenote_note":"","_monsterinsights_sitenote_category":0},"product_brand":[],"product_cat":[107],"product_tag":[],"class_list":{"0":"post-186275","1":"product","2":"type-product","3":"status-publish","4":"has-post-thumbnail","6":"product_cat-guies-de-viatge","8":"first","9":"instock","10":"taxable","11":"shipping-taxable","12":"purchasable","13":"product-type-simple"},"acf":{"autor":"VORHEES, MARA \/ RAGOZIN, LEONID \/ RICHMOND, SIMON \/ ST.LOUIS, REGIS","codart":"840818229","libros-coleccion":"GU\u00cdAS DE CERCA LONELY PLANET","ediciones":"1","encuadernacion":"R\u00fastica","fecha_de_publicacion":"01\/04\/2018","novedad":"1","paginas":"192","subtitulo":"","orden":"0","portada":"0","idioma":"spa","editorial":[{"ID":8244,"post_author":"3","post_date":"2022-09-30 09:21:26","post_date_gmt":"2022-09-30 07:21:26","post_content":"","post_title":"GEOPLANETA EDITORIAL","post_excerpt":"","post_status":"publish","comment_status":"closed","ping_status":"closed","post_password":"","post_name":"geoplaneta-editorial","to_ping":"","pinged":"","post_modified":"2022-09-30 09:21:26","post_modified_gmt":"2022-09-30 07:21:26","post_content_filtered":"","post_parent":0,"guid":"http:\/\/dev.claret.cat\/editorial\/geoplaneta-editorial\/","menu_order":0,"post_type":"editorial","post_mime_type":"","comment_count":"0","filter":"raw"}],"autores-libros":[{"ID":162135,"post_author":"3","post_date":"2022-10-14 17:28:37","post_date_gmt":"2022-10-14 15:28:37","post_content":"","post_title":"LEONID RAGOZIN","post_excerpt":"","post_status":"publish","comment_status":"closed","ping_status":"closed","post_password":"","post_name":"leonid-ragozin","to_ping":"","pinged":"","post_modified":"2022-10-14 17:28:37","post_modified_gmt":"2022-10-14 15:28:37","post_content_filtered":"","post_parent":0,"guid":"http:\/\/dev.claret.cat\/autor\/leonid-ragozin\/","menu_order":0,"post_type":"autor","post_mime_type":"","comment_count":"0","filter":"raw"},{"ID":167939,"post_author":"3","post_date":"2022-10-14 18:15:13","post_date_gmt":"2022-10-14 16:15:13","post_content":"","post_title":"REGIS ST.LOUIS","post_excerpt":"","post_status":"publish","comment_status":"closed","ping_status":"closed","post_password":"","post_name":"regis-st-louis","to_ping":"","pinged":"","post_modified":"2022-10-14 18:15:13","post_modified_gmt":"2022-10-14 16:15:13","post_content_filtered":"","post_parent":0,"guid":"http:\/\/dev.claret.cat\/autor\/regis-st-louis\/","menu_order":0,"post_type":"autor","post_mime_type":"","comment_count":"0","filter":"raw"},{"ID":169554,"post_author":"3","post_date":"2022-10-14 22:28:10","post_date_gmt":"2022-10-14 20:28:10","post_content":"","post_title":"SIMON RICHMOND","post_excerpt":"","post_status":"publish","comment_status":"closed","ping_status":"closed","post_password":"","post_name":"simon-richmond","to_ping":"","pinged":"","post_modified":"2022-10-14 22:28:10","post_modified_gmt":"2022-10-14 20:28:10","post_content_filtered":"","post_parent":0,"guid":"http:\/\/dev.claret.cat\/autor\/simon-richmond\/","menu_order":0,"post_type":"autor","post_mime_type":"","comment_count":"0","filter":"raw"}]},"aioseo_notices":[],"_links":{"self":[{"href":"https:\/\/www.claret.cat\/es\/wp-json\/wp\/v2\/product\/186275","targetHints":{"allow":["GET"]}}],"collection":[{"href":"https:\/\/www.claret.cat\/es\/wp-json\/wp\/v2\/product"}],"about":[{"href":"https:\/\/www.claret.cat\/es\/wp-json\/wp\/v2\/types\/product"}],"wp:featuredmedia":[{"embeddable":true,"href":"https:\/\/www.claret.cat\/es\/wp-json\/wp\/v2\/media\/186276"}],"wp:attachment":[{"href":"https:\/\/www.claret.cat\/es\/wp-json\/wp\/v2\/media?parent=186275"}],"wp:term":[{"taxonomy":"product_brand","embeddable":true,"href":"https:\/\/www.claret.cat\/es\/wp-json\/wp\/v2\/product_brand?post=186275"},{"taxonomy":"product_cat","embeddable":true,"href":"https:\/\/www.claret.cat\/es\/wp-json\/wp\/v2\/product_cat?post=186275"},{"taxonomy":"product_tag","embeddable":true,"href":"https:\/\/www.claret.cat\/es\/wp-json\/wp\/v2\/product_tag?post=186275"}],"curies":[{"name":"wp","href":"https:\/\/api.w.org\/{rel}","templated":true}]}}