{"id":186359,"date":"2022-10-20T04:55:32","date_gmt":"2022-10-20T02:55:32","guid":{"rendered":"http:\/\/dev.claret.cat\/producte\/los-numeros-libro-con-luces-y-sonidos\/"},"modified":"2023-01-28T21:06:24","modified_gmt":"2023-01-28T20:06:24","slug":"los-numeros-libro-con-luces-y-sonidos-9788408178927","status":"publish","type":"product","link":"https:\/\/www.claret.cat\/es\/libro\/los-numeros-libro-con-luces-y-sonidos-9788408178927\/","title":{"rendered":"LOS N\u00daMEROS. LIBRO CON LUCES Y SONIDOS"},"content":{"rendered":"<p>Un libro muy especial para aprender a contar.\u00a0Nueva colecci\u00f3n que combina los primeros h\u00e1bitos y conceptos b\u00e1sicos. 5 sonidos distintos integrados y 5 luces acumulativas en cada p\u00e1gina.<\/p>\n","protected":false},"excerpt":{"rendered":"<p>MART\u00cdNEZ, EMMA<\/p>\n","protected":false},"featured_media":186360,"template":"","meta":{"_acf_changed":false,"om_disable_all_campaigns":false,"rs_blank_template":"","rs_page_bg_color":"","slide_template_v7":"","inline_featured_image":false,"_monsterinsights_skip_tracking":false,"_monsterinsights_sitenote_active":false,"_monsterinsights_sitenote_note":"","_monsterinsights_sitenote_category":0},"product_brand":[],"product_cat":[86],"product_tag":[],"class_list":{"0":"post-186359","1":"product","2":"type-product","3":"status-publish","4":"has-post-thumbnail","6":"product_cat-infantil","8":"first","9":"instock","10":"taxable","11":"shipping-taxable","12":"purchasable","13":"product-type-simple"},"acf":{"autor":"MART\u00cdNEZ, EMMA","codart":"840817892","libros-coleccion":"Libros con sonido","ediciones":"1","encuadernacion":"Carpeta","fecha_de_publicacion":"01\/04\/2018","novedad":"1","paginas":"10","subtitulo":"","orden":"0","portada":"0","idioma":"spa","editorial":[{"ID":6377,"post_author":"3","post_date":"2022-07-28 17:50:53","post_date_gmt":"2022-07-28 15:50:53","post_content":"","post_title":"Timun Mas CAT","post_excerpt":"","post_status":"publish","comment_status":"closed","ping_status":"closed","post_password":"","post_name":"timun-mas-cat","to_ping":"","pinged":"","post_modified":"2022-07-28 17:50:53","post_modified_gmt":"2022-07-28 15:50:53","post_content_filtered":"","post_parent":0,"guid":"http:\/\/dev.claret.cat\/editorial\/timun-mas-cat\/","menu_order":0,"post_type":"editorial","post_mime_type":"","comment_count":"0","filter":"raw"}],"autores-libros":[{"ID":155031,"post_author":"3","post_date":"2022-10-14 15:09:36","post_date_gmt":"2022-10-14 13:09:36","post_content":"","post_title":"EMMA MARTINEZ","post_excerpt":"","post_status":"publish","comment_status":"closed","ping_status":"closed","post_password":"","post_name":"emma-martinez","to_ping":"","pinged":"","post_modified":"2022-10-14 15:09:36","post_modified_gmt":"2022-10-14 13:09:36","post_content_filtered":"","post_parent":0,"guid":"http:\/\/dev.claret.cat\/autor\/emma-martinez\/","menu_order":0,"post_type":"autor","post_mime_type":"","comment_count":"0","filter":"raw"}]},"aioseo_notices":[],"_links":{"self":[{"href":"https:\/\/www.claret.cat\/es\/wp-json\/wp\/v2\/product\/186359","targetHints":{"allow":["GET"]}}],"collection":[{"href":"https:\/\/www.claret.cat\/es\/wp-json\/wp\/v2\/product"}],"about":[{"href":"https:\/\/www.claret.cat\/es\/wp-json\/wp\/v2\/types\/product"}],"wp:featuredmedia":[{"embeddable":true,"href":"https:\/\/www.claret.cat\/es\/wp-json\/wp\/v2\/media\/186360"}],"wp:attachment":[{"href":"https:\/\/www.claret.cat\/es\/wp-json\/wp\/v2\/media?parent=186359"}],"wp:term":[{"taxonomy":"product_brand","embeddable":true,"href":"https:\/\/www.claret.cat\/es\/wp-json\/wp\/v2\/product_brand?post=186359"},{"taxonomy":"product_cat","embeddable":true,"href":"https:\/\/www.claret.cat\/es\/wp-json\/wp\/v2\/product_cat?post=186359"},{"taxonomy":"product_tag","embeddable":true,"href":"https:\/\/www.claret.cat\/es\/wp-json\/wp\/v2\/product_tag?post=186359"}],"curies":[{"name":"wp","href":"https:\/\/api.w.org\/{rel}","templated":true}]}}