{"id":186371,"date":"2022-10-20T04:55:45","date_gmt":"2022-10-20T02:55:45","guid":{"rendered":"http:\/\/dev.claret.cat\/producte\/antartida-1\/"},"modified":"2023-01-28T02:48:19","modified_gmt":"2023-01-28T01:48:19","slug":"antartida-1-9788408179788","status":"publish","type":"product","link":"https:\/\/www.claret.cat\/es\/libro\/antartida-1-9788408179788\/","title":{"rendered":"ANT\u00c1RTIDA 1"},"content":{"rendered":"<p>Ning\u00fan lugar de la Tierra es comparable a esta enorme selva blanca de fuerzas elementales: nieve, hielo, agua y roca. La Ant\u00e1rtida es impresionante. All\u00ed el viajero podr\u00e1 seguir los pasos de famosos exploradores como Amundsen o Scott, descubrir extra\u00f1as formas de vida y algunos de los animales m\u00e1s extraordinarios del mundo o sentirse como una peque\u00f1a motita rodeado de la inmensidad de una naturaleza poderosa en estado salvaje. Un viaje a la Ant\u00e1rtida ser\u00e1 sin duda una experiencia inolvidable y esta gu\u00eda se convertir\u00e1 en el aliado perfecto para hacerlo realidad.<\/p>\n","protected":false},"excerpt":{"rendered":"<p>AVERBUCK, ALEXIS \/ BROWN, CATHY<\/p>\n","protected":false},"featured_media":186372,"template":"","meta":{"_acf_changed":false,"om_disable_all_campaigns":false,"rs_blank_template":"","rs_page_bg_color":"","slide_template_v7":"","inline_featured_image":false,"_monsterinsights_skip_tracking":false,"_monsterinsights_sitenote_active":false,"_monsterinsights_sitenote_note":"","_monsterinsights_sitenote_category":0},"product_brand":[],"product_cat":[107],"product_tag":[],"class_list":{"0":"post-186371","1":"product","2":"type-product","3":"status-publish","4":"has-post-thumbnail","6":"product_cat-guies-de-viatge","8":"first","9":"instock","10":"taxable","11":"shipping-taxable","12":"purchasable","13":"product-type-simple"},"acf":{"autor":"AVERBUCK, ALEXIS \/ BROWN, CATHY","codart":"840817978","libros-coleccion":"Gu\u00edas Lo mejor de pa\u00eds\/ciudad Lonely Pla","ediciones":"1","encuadernacion":"R\u00fastica","fecha_de_publicacion":"01\/04\/2018","novedad":"1","paginas":"232","subtitulo":"","orden":"0","portada":"0","idioma":"spa","editorial":[{"ID":8244,"post_author":"3","post_date":"2022-09-30 09:21:26","post_date_gmt":"2022-09-30 07:21:26","post_content":"","post_title":"GEOPLANETA EDITORIAL","post_excerpt":"","post_status":"publish","comment_status":"closed","ping_status":"closed","post_password":"","post_name":"geoplaneta-editorial","to_ping":"","pinged":"","post_modified":"2022-09-30 09:21:26","post_modified_gmt":"2022-09-30 07:21:26","post_content_filtered":"","post_parent":0,"guid":"http:\/\/dev.claret.cat\/editorial\/geoplaneta-editorial\/","menu_order":0,"post_type":"editorial","post_mime_type":"","comment_count":"0","filter":"raw"}],"autores-libros":[{"ID":149724,"post_author":"3","post_date":"2022-10-14 14:27:12","post_date_gmt":"2022-10-14 12:27:12","post_content":"","post_title":"ALEXIS AVERBUCK","post_excerpt":"","post_status":"publish","comment_status":"closed","ping_status":"closed","post_password":"","post_name":"alexis-averbuck","to_ping":"","pinged":"","post_modified":"2022-10-14 14:27:12","post_modified_gmt":"2022-10-14 12:27:12","post_content_filtered":"","post_parent":0,"guid":"http:\/\/dev.claret.cat\/autor\/alexis-averbuck\/","menu_order":0,"post_type":"autor","post_mime_type":"","comment_count":"0","filter":"raw"},{"ID":152612,"post_author":"3","post_date":"2022-10-14 14:50:10","post_date_gmt":"2022-10-14 12:50:10","post_content":"","post_title":"CATHY BROWN","post_excerpt":"","post_status":"publish","comment_status":"closed","ping_status":"closed","post_password":"","post_name":"cathy-brown","to_ping":"","pinged":"","post_modified":"2022-10-14 14:50:10","post_modified_gmt":"2022-10-14 12:50:10","post_content_filtered":"","post_parent":0,"guid":"http:\/\/dev.claret.cat\/autor\/cathy-brown\/","menu_order":0,"post_type":"autor","post_mime_type":"","comment_count":"0","filter":"raw"}]},"aioseo_notices":[],"_links":{"self":[{"href":"https:\/\/www.claret.cat\/es\/wp-json\/wp\/v2\/product\/186371","targetHints":{"allow":["GET"]}}],"collection":[{"href":"https:\/\/www.claret.cat\/es\/wp-json\/wp\/v2\/product"}],"about":[{"href":"https:\/\/www.claret.cat\/es\/wp-json\/wp\/v2\/types\/product"}],"wp:featuredmedia":[{"embeddable":true,"href":"https:\/\/www.claret.cat\/es\/wp-json\/wp\/v2\/media\/186372"}],"wp:attachment":[{"href":"https:\/\/www.claret.cat\/es\/wp-json\/wp\/v2\/media?parent=186371"}],"wp:term":[{"taxonomy":"product_brand","embeddable":true,"href":"https:\/\/www.claret.cat\/es\/wp-json\/wp\/v2\/product_brand?post=186371"},{"taxonomy":"product_cat","embeddable":true,"href":"https:\/\/www.claret.cat\/es\/wp-json\/wp\/v2\/product_cat?post=186371"},{"taxonomy":"product_tag","embeddable":true,"href":"https:\/\/www.claret.cat\/es\/wp-json\/wp\/v2\/product_tag?post=186371"}],"curies":[{"name":"wp","href":"https:\/\/api.w.org\/{rel}","templated":true}]}}