{"id":186380,"date":"2022-10-20T04:55:53","date_gmt":"2022-10-20T02:55:53","guid":{"rendered":"http:\/\/dev.claret.cat\/producte\/el-coleccionista\/"},"modified":"2023-01-28T13:28:35","modified_gmt":"2023-01-28T12:28:35","slug":"el-coleccionista-9788416677801","status":"publish","type":"product","link":"https:\/\/www.claret.cat\/es\/libro\/el-coleccionista-9788416677801\/","title":{"rendered":"EL COLECCIONISTA"},"content":{"rendered":"<p>Frederick Clegg es un hombre solitario y anodino que colecciona mariposas. Miranda Grey es una radiante e inteligente ni\u00f1a bien que estudia arte en Londres. Frederick, que admira a Miranda pero es incapaz de abordarla con normalidad, la secuestra y la aloja con todas las comodidades en un s\u00f3tano en su propiedad, una trampa perfecta acondicionada como una jaula de oro. Fowles recrea un intenso duelo psicol\u00f3gico donde captor y prisionera intercambian papeles con refinamiento y crueldad, cada cual defendiendo sus propios objetivos: Miranda desea recuperar su libertad, Frederick quiere ser aceptado como un igual por el objeto de su obsesi\u00f3n. El resultado es una novela magistral que, haciendo gala de un engranaje tan milim\u00e9trico como febril, ha sido le\u00edda por cientos de miles de lectores.<\/p>\n","protected":false},"excerpt":{"rendered":"<p>FOWLES, JOHN<\/p>\n","protected":false},"featured_media":186381,"template":"","meta":{"_acf_changed":false,"om_disable_all_campaigns":false,"rs_blank_template":"","rs_page_bg_color":"","slide_template_v7":"","inline_featured_image":false,"_monsterinsights_skip_tracking":false,"_monsterinsights_sitenote_active":false,"_monsterinsights_sitenote_note":"","_monsterinsights_sitenote_category":0},"product_brand":[],"product_cat":[87],"product_tag":[],"class_list":{"0":"post-186380","1":"product","2":"type-product","3":"status-publish","4":"has-post-thumbnail","6":"product_cat-literatura","8":"first","9":"instock","10":"taxable","11":"shipping-taxable","12":"purchasable","13":"product-type-simple"},"acf":{"autor":"FOWLES, JOHN","codart":"841667780","libros-coleccion":"Narrativa Sexto Piso","ediciones":"1","encuadernacion":"R\u00fastica","fecha_de_publicacion":"01\/04\/2018","novedad":"1","paginas":"296","subtitulo":"","orden":"0","portada":"0","idioma":"spa","editorial":[{"ID":148808,"post_author":"3","post_date":"2022-10-14 12:01:09","post_date_gmt":"2022-10-14 10:01:09","post_content":"","post_title":"SEXTO PISO EDITORIAL ( ESPA\u00d1A)","post_excerpt":"","post_status":"publish","comment_status":"closed","ping_status":"closed","post_password":"","post_name":"sexto-piso-editorial-espana","to_ping":"","pinged":"","post_modified":"2022-10-14 12:01:09","post_modified_gmt":"2022-10-14 10:01:09","post_content_filtered":"","post_parent":0,"guid":"http:\/\/dev.claret.cat\/editorial\/sexto-piso-editorial-espana\/","menu_order":0,"post_type":"editorial","post_mime_type":"","comment_count":"0","filter":"raw"}]},"aioseo_notices":[],"_links":{"self":[{"href":"https:\/\/www.claret.cat\/es\/wp-json\/wp\/v2\/product\/186380","targetHints":{"allow":["GET"]}}],"collection":[{"href":"https:\/\/www.claret.cat\/es\/wp-json\/wp\/v2\/product"}],"about":[{"href":"https:\/\/www.claret.cat\/es\/wp-json\/wp\/v2\/types\/product"}],"wp:featuredmedia":[{"embeddable":true,"href":"https:\/\/www.claret.cat\/es\/wp-json\/wp\/v2\/media\/186381"}],"wp:attachment":[{"href":"https:\/\/www.claret.cat\/es\/wp-json\/wp\/v2\/media?parent=186380"}],"wp:term":[{"taxonomy":"product_brand","embeddable":true,"href":"https:\/\/www.claret.cat\/es\/wp-json\/wp\/v2\/product_brand?post=186380"},{"taxonomy":"product_cat","embeddable":true,"href":"https:\/\/www.claret.cat\/es\/wp-json\/wp\/v2\/product_cat?post=186380"},{"taxonomy":"product_tag","embeddable":true,"href":"https:\/\/www.claret.cat\/es\/wp-json\/wp\/v2\/product_tag?post=186380"}],"curies":[{"name":"wp","href":"https:\/\/api.w.org\/{rel}","templated":true}]}}