{"id":186392,"date":"2022-10-20T04:56:05","date_gmt":"2022-10-20T02:56:05","guid":{"rendered":"http:\/\/dev.claret.cat\/producte\/la-isadora-moon-va-al-parc-datraccions-la-isadora-moon\/"},"modified":"2023-01-28T23:15:45","modified_gmt":"2023-01-28T22:15:45","slug":"la-isadora-moon-va-al-parc-datraccions-la-isadora-moon-9788420487755","status":"publish","type":"product","link":"https:\/\/www.claret.cat\/es\/libro\/la-isadora-moon-va-al-parc-datraccions-la-isadora-moon-9788420487755\/","title":{"rendered":"LA ISADORA MOON VA AL PARC D&#8221;ATRACCIONS (LA ISADORA MOON)"},"content":{"rendered":"<p>Meitat fada, meitat vampir, i totalment inigualable!Descobreix qu\u00e8 va passar quan la Isadora Moon va anar al parc d&#8221;atraccions.La Isadora Moon \u00e9s especial perqu\u00e8 \u00e9s diferent.La seva mare \u00e9s una fada, el seu pare un vampir i ella t\u00e9  una miqueta de tots dos. Li encanta la nit, els ratpenats i el seu tut\u00fa  negre de ballet, per\u00f2 tamb\u00e9 la llum del sol, les varetes m\u00e0giques i el seu conillet rosa Pinky.La Isadora est\u00e0 emocionada per anar al parc d&#8221;atraccions, tot i aix\u00ed,  quan hi arriba descobreix que no \u00e9s tan m\u00e0gic com esperava&#8230;  Per\u00f2 la  seva cosina Mirabella sap com fer que sigui especial de veritat. Qu\u00e8 podria anar malament?Amb irresistibles il\u00b7lustracions en rosa i negre i una hero\u00efna  inigualable, \u00abLa Isadora Moon\u00bb \u00e9s una encantadora i divertida s\u00e8rie de  lectures ideal per joves lectors que volen flors i purpurina, per\u00f2 als que tamb\u00e9 els hi agrada el m\u00f3n misteri\u00f3s dels vampirs.<\/p>\n","protected":false},"excerpt":{"rendered":"<p>HARRIET MUNCASTER<\/p>\n","protected":false},"featured_media":186393,"template":"","meta":{"_acf_changed":false,"om_disable_all_campaigns":false,"rs_blank_template":"","rs_page_bg_color":"","slide_template_v7":"","inline_featured_image":false,"_monsterinsights_skip_tracking":false,"_monsterinsights_sitenote_active":false,"_monsterinsights_sitenote_note":"","_monsterinsights_sitenote_category":0},"product_brand":[],"product_cat":[86],"product_tag":[],"class_list":{"0":"post-186392","1":"product","2":"type-product","3":"status-publish","4":"has-post-thumbnail","6":"product_cat-infantil","8":"first","9":"instock","10":"taxable","11":"shipping-taxable","12":"purchasable","13":"product-type-simple"},"acf":{"autor":"HARRIET MUNCASTER","codart":"842048775","libros-coleccion":"FICCI\u00d3N INFANTIL","ediciones":"1","encuadernacion":"R\u00fastica","fecha_de_publicacion":"01\/04\/2018","novedad":"1","paginas":"112","subtitulo":"","orden":"0","portada":"0","idioma":"cat","editorial":[{"ID":6118,"post_author":"3","post_date":"2022-07-28 17:45:17","post_date_gmt":"2022-07-28 15:45:17","post_content":"","post_title":"ALFAGUARA","post_excerpt":"","post_status":"publish","comment_status":"closed","ping_status":"closed","post_password":"","post_name":"alfaguara","to_ping":"","pinged":"","post_modified":"2022-07-28 17:45:17","post_modified_gmt":"2022-07-28 15:45:17","post_content_filtered":"","post_parent":0,"guid":"http:\/\/dev.claret.cat\/editorial\/alfaguara\/","menu_order":0,"post_type":"editorial","post_mime_type":"","comment_count":"0","filter":"raw"}]},"aioseo_notices":[],"_links":{"self":[{"href":"https:\/\/www.claret.cat\/es\/wp-json\/wp\/v2\/product\/186392","targetHints":{"allow":["GET"]}}],"collection":[{"href":"https:\/\/www.claret.cat\/es\/wp-json\/wp\/v2\/product"}],"about":[{"href":"https:\/\/www.claret.cat\/es\/wp-json\/wp\/v2\/types\/product"}],"wp:featuredmedia":[{"embeddable":true,"href":"https:\/\/www.claret.cat\/es\/wp-json\/wp\/v2\/media\/186393"}],"wp:attachment":[{"href":"https:\/\/www.claret.cat\/es\/wp-json\/wp\/v2\/media?parent=186392"}],"wp:term":[{"taxonomy":"product_brand","embeddable":true,"href":"https:\/\/www.claret.cat\/es\/wp-json\/wp\/v2\/product_brand?post=186392"},{"taxonomy":"product_cat","embeddable":true,"href":"https:\/\/www.claret.cat\/es\/wp-json\/wp\/v2\/product_cat?post=186392"},{"taxonomy":"product_tag","embeddable":true,"href":"https:\/\/www.claret.cat\/es\/wp-json\/wp\/v2\/product_tag?post=186392"}],"curies":[{"name":"wp","href":"https:\/\/api.w.org\/{rel}","templated":true}]}}