{"id":186401,"date":"2022-10-20T04:56:14","date_gmt":"2022-10-20T02:56:14","guid":{"rendered":"http:\/\/dev.claret.cat\/producte\/magnicidio\/"},"modified":"2023-01-28T08:28:44","modified_gmt":"2023-01-28T07:28:44","slug":"magnicidio-9788417371067","status":"publish","type":"product","link":"https:\/\/www.claret.cat\/es\/libro\/magnicidio-9788417371067\/","title":{"rendered":"MAGNICIDIO"},"content":{"rendered":"<p>Con una prosa rotunda y amena que atrapa al lector desde la primera p\u00e1gina, el autor nos sit\u00faa en cada cap\u00edtulo en el contexto social y pol\u00edtico que rode\u00f3 la vida de los Presidentes de los Estados Unidos que murieron violentamente durante el ejercicio de su mandato, aportando datos y detalles, muchos de ellos desconocidos hasta ahora, sobre sus biograf\u00edas y las de sus asesinos, as\u00ed como de los planes y conspiraciones urdidos para acabar con las vidas de los que en su d\u00eda fueron m\u00e1ximos mandatarios de la naci\u00f3n que se ha convertido en la m\u00e1s poderosa del planeta.<\/p>\n","protected":false},"excerpt":{"rendered":"<p>HERN\u00c1NDEZ GARVI, JOS\u00c9 LUIS<\/p>\n","protected":false},"featured_media":186402,"template":"","meta":{"_acf_changed":false,"om_disable_all_campaigns":false,"rs_blank_template":"","rs_page_bg_color":"","slide_template_v7":"","inline_featured_image":false,"_monsterinsights_skip_tracking":false,"_monsterinsights_sitenote_active":false,"_monsterinsights_sitenote_note":"","_monsterinsights_sitenote_category":0},"product_brand":[],"product_cat":[85],"product_tag":[],"class_list":{"0":"post-186401","1":"product","2":"type-product","3":"status-publish","4":"has-post-thumbnail","6":"product_cat-historia","8":"first","9":"instock","10":"taxable","11":"shipping-taxable","12":"purchasable","13":"product-type-simple"},"acf":{"autor":"HERN\u00c1NDEZ GARVI, JOS\u00c9 LUIS","codart":"841737106","libros-coleccion":"ENIGMAS Y CONSPIRACIONES","ediciones":"1","encuadernacion":"R\u00fastica","fecha_de_publicacion":"01\/04\/2018","novedad":"1","paginas":"462","subtitulo":"CR\u00d3NICA NEGRA DE LOS PRESIDENTES ASESINADOS DE LOS ESTADOS UNIDOS","orden":"0","portada":"0","idioma":"spa","editorial":[{"ID":148472,"post_author":"3","post_date":"2022-10-14 11:58:30","post_date_gmt":"2022-10-14 09:58:30","post_content":"","post_title":"Luci\u00e9rnaga","post_excerpt":"","post_status":"publish","comment_status":"closed","ping_status":"closed","post_password":"","post_name":"luciernaga","to_ping":"","pinged":"","post_modified":"2022-10-14 11:58:30","post_modified_gmt":"2022-10-14 09:58:30","post_content_filtered":"","post_parent":0,"guid":"http:\/\/dev.claret.cat\/editorial\/luciernaga\/","menu_order":0,"post_type":"editorial","post_mime_type":"","comment_count":"0","filter":"raw"}],"autores-libros":[{"ID":160335,"post_author":"3","post_date":"2022-10-14 15:52:14","post_date_gmt":"2022-10-14 13:52:14","post_content":"","post_title":"JOS\u00c9 LUIS HERN\u00c1NDEZ GARVI","post_excerpt":"","post_status":"publish","comment_status":"closed","ping_status":"closed","post_password":"","post_name":"jose-luis-hernandez-garvi","to_ping":"","pinged":"","post_modified":"2022-10-14 15:52:14","post_modified_gmt":"2022-10-14 13:52:14","post_content_filtered":"","post_parent":0,"guid":"http:\/\/dev.claret.cat\/autor\/jose-luis-hernandez-garvi\/","menu_order":0,"post_type":"autor","post_mime_type":"","comment_count":"0","filter":"raw"}]},"aioseo_notices":[],"_links":{"self":[{"href":"https:\/\/www.claret.cat\/es\/wp-json\/wp\/v2\/product\/186401","targetHints":{"allow":["GET"]}}],"collection":[{"href":"https:\/\/www.claret.cat\/es\/wp-json\/wp\/v2\/product"}],"about":[{"href":"https:\/\/www.claret.cat\/es\/wp-json\/wp\/v2\/types\/product"}],"wp:featuredmedia":[{"embeddable":true,"href":"https:\/\/www.claret.cat\/es\/wp-json\/wp\/v2\/media\/186402"}],"wp:attachment":[{"href":"https:\/\/www.claret.cat\/es\/wp-json\/wp\/v2\/media?parent=186401"}],"wp:term":[{"taxonomy":"product_brand","embeddable":true,"href":"https:\/\/www.claret.cat\/es\/wp-json\/wp\/v2\/product_brand?post=186401"},{"taxonomy":"product_cat","embeddable":true,"href":"https:\/\/www.claret.cat\/es\/wp-json\/wp\/v2\/product_cat?post=186401"},{"taxonomy":"product_tag","embeddable":true,"href":"https:\/\/www.claret.cat\/es\/wp-json\/wp\/v2\/product_tag?post=186401"}],"curies":[{"name":"wp","href":"https:\/\/api.w.org\/{rel}","templated":true}]}}