{"id":186449,"date":"2022-10-20T04:57:00","date_gmt":"2022-10-20T02:57:00","guid":{"rendered":"http:\/\/dev.claret.cat\/producte\/sangre-de-barro\/"},"modified":"2023-01-28T15:55:20","modified_gmt":"2023-01-28T14:55:20","slug":"sangre-de-barro-9788416087389","status":"publish","type":"product","link":"https:\/\/www.claret.cat\/es\/libro\/sangre-de-barro-9788416087389\/","title":{"rendered":"SANGRE DE BARRO"},"content":{"rendered":"<p>El sorprendente debut de Maribel Medina, una nueva voz femenina del thriller de nuestro pa\u00eds.<br \/>Cuando la doctora forense Laura Terraux recibe en el instituto de patolog\u00eda de Chablais, Suiza, el quinto cad\u00e1ver de una joven atleta procedente del centro de alto rendimiento de Les Diablerets, empieza a sospechar que algo siniestro se esconde detr\u00e1s de esta sucesi\u00f3n de muertes. Janik Toledo, un joven corredor del centro, devastado por el repentino fallecimiento de la chica a la que amaba, deber\u00e1 tomar la decisi\u00f3n m\u00e1s dif\u00edcil de su vida. \u00bfQu\u00e9 precio est\u00e1 dispuesto a pagar para triunfar? Thomas Connors, un atractivo agente de la Interpol con un pasado misterioso, se embarcar\u00e1 junto a Laura en una peligrosa investigaci\u00f3n sobre el dopaje en el deporte de \u00e9lite, un mundo opaco y mucho m\u00e1s turbio de lo que jam\u00e1s hubiesen imaginado.<\/p>\n","protected":false},"excerpt":{"rendered":"<p>MEDINA, MARIBEL<\/p>\n","protected":false},"featured_media":186450,"template":"","meta":{"_acf_changed":false,"om_disable_all_campaigns":false,"rs_blank_template":"","rs_page_bg_color":"","slide_template_v7":"","inline_featured_image":false,"_monsterinsights_skip_tracking":false,"_monsterinsights_sitenote_active":false,"_monsterinsights_sitenote_note":"","_monsterinsights_sitenote_category":0},"product_brand":[],"product_cat":[87],"product_tag":[],"class_list":{"0":"post-186449","1":"product","2":"type-product","3":"status-publish","4":"has-post-thumbnail","6":"product_cat-literatura","8":"first","9":"instock","10":"taxable","11":"shipping-taxable","12":"purchasable","13":"product-type-simple"},"acf":{"autor":"MEDINA, MARIBEL","codart":"841608738","libros-coleccion":"EMBOLSILLO","ediciones":"1","encuadernacion":"R\u00fastica","fecha_de_publicacion":"01\/04\/2018","novedad":"1","paginas":"438","subtitulo":"A VECES LA AMBICI\u00d3N TIENE UN PRECIO MUY ALTO","orden":"0","portada":"0","idioma":"spa","editorial":[{"ID":148087,"post_author":"3","post_date":"2022-10-14 11:55:32","post_date_gmt":"2022-10-14 09:55:32","post_content":"","post_title":"EMBOLSILLO","post_excerpt":"","post_status":"publish","comment_status":"closed","ping_status":"closed","post_password":"","post_name":"embolsillo","to_ping":"","pinged":"","post_modified":"2022-10-14 11:55:32","post_modified_gmt":"2022-10-14 09:55:32","post_content_filtered":"","post_parent":0,"guid":"http:\/\/dev.claret.cat\/editorial\/embolsillo\/","menu_order":0,"post_type":"editorial","post_mime_type":"","comment_count":"0","filter":"raw"}],"autores-libros":[{"ID":163870,"post_author":"3","post_date":"2022-10-14 17:42:31","post_date_gmt":"2022-10-14 15:42:31","post_content":"","post_title":"MARIBEL MEDINA","post_excerpt":"","post_status":"publish","comment_status":"closed","ping_status":"closed","post_password":"","post_name":"maribel-medina","to_ping":"","pinged":"","post_modified":"2022-10-14 17:42:31","post_modified_gmt":"2022-10-14 15:42:31","post_content_filtered":"","post_parent":0,"guid":"http:\/\/dev.claret.cat\/autor\/maribel-medina\/","menu_order":0,"post_type":"autor","post_mime_type":"","comment_count":"0","filter":"raw"}]},"aioseo_notices":[],"_links":{"self":[{"href":"https:\/\/www.claret.cat\/es\/wp-json\/wp\/v2\/product\/186449","targetHints":{"allow":["GET"]}}],"collection":[{"href":"https:\/\/www.claret.cat\/es\/wp-json\/wp\/v2\/product"}],"about":[{"href":"https:\/\/www.claret.cat\/es\/wp-json\/wp\/v2\/types\/product"}],"wp:featuredmedia":[{"embeddable":true,"href":"https:\/\/www.claret.cat\/es\/wp-json\/wp\/v2\/media\/186450"}],"wp:attachment":[{"href":"https:\/\/www.claret.cat\/es\/wp-json\/wp\/v2\/media?parent=186449"}],"wp:term":[{"taxonomy":"product_brand","embeddable":true,"href":"https:\/\/www.claret.cat\/es\/wp-json\/wp\/v2\/product_brand?post=186449"},{"taxonomy":"product_cat","embeddable":true,"href":"https:\/\/www.claret.cat\/es\/wp-json\/wp\/v2\/product_cat?post=186449"},{"taxonomy":"product_tag","embeddable":true,"href":"https:\/\/www.claret.cat\/es\/wp-json\/wp\/v2\/product_tag?post=186449"}],"curies":[{"name":"wp","href":"https:\/\/api.w.org\/{rel}","templated":true}]}}