{"id":186458,"date":"2022-10-20T04:57:09","date_gmt":"2022-10-20T02:57:09","guid":{"rendered":"http:\/\/dev.claret.cat\/producte\/el-cuidado-de-la-piel-la-revolucion-japonesa\/"},"modified":"2023-01-28T18:09:20","modified_gmt":"2023-01-28T17:09:20","slug":"el-cuidado-de-la-piel-la-revolucion-japonesa-9788416076307","status":"publish","type":"product","link":"https:\/\/www.claret.cat\/es\/libro\/el-cuidado-de-la-piel-la-revolucion-japonesa-9788416076307\/","title":{"rendered":"EL CUIDADO DE LA PIEL. LA REVOLUCI\u00d3N JAPONESA"},"content":{"rendered":"<p>El m\u00e1ximo best seller japon\u00e9s sobre el cuidado de la piel.Los secretos de belleza para pieles de todas las edades, por la  m\u00e1xima experta en Jap\u00f3n, y autora con cinco millones de ejemplares vendidos de su obra. El libro imprescindible sobre el cuidado de la piel, seg\u00fan 500.000 mujeres japonesas.C\u00f3mo tener una piel perfecta a cualquier edad con t\u00e9cnicas naturales. Por fin un libro desvela las rutinas de belleza que siguen las mujeres  japonesas para mantener la piel joven y saludable. En \u00e9l Chizu Saeki, la m\u00e1xima autoridad nipona en belleza, comparte los trucos esenciales para todo tipo de pieles y mujeres de todas las edades, como:- Los seis masajes imprescindibles para tonificar los m\u00fasculos del rostro y suavizar las arrugas.- Los masajes linf\u00e1ticos espec\u00edficos para el cuello y el ment\u00f3n.- Las rutinas para la limpieza de cutis y una mascarilla de tres minutos para que la piel luzca radiante y sin arrugas.- Los mejores remedios naturales contra la flacidez, la grasa, las espinillas y los puntos negros. Saeki nos ense\u00f1a a juzgar con los ojos las necesidades de nuestra piel y  a tratarla con nuestras manos. Nos introduce as\u00ed en una rutina de cuidados con la que obtendremos de nuestro rostro una respuesta positiva, demostrando que es posible tener una piel perfecta a cualquier edad sin gastar una fortuna en cosm\u00e9ticos. <br \/>Rese\u00f1a: <br \/>\u00abSaeki ofrece t\u00e9cnicas para combatirlo todo, desde la flacidez a la piel seca, usando sencillos masajes faciales y cuidados espec\u00edficos hechos a base de productos que tendr\u00e1s en casa.\u00bb <br \/>New York Daily News<\/p>\n","protected":false},"excerpt":{"rendered":"<p>CHIZU SAEKI<\/p>\n","protected":false},"featured_media":186459,"template":"","meta":{"_acf_changed":false,"om_disable_all_campaigns":false,"rs_blank_template":"","rs_page_bg_color":"","slide_template_v7":"","inline_featured_image":false,"_monsterinsights_skip_tracking":false,"_monsterinsights_sitenote_active":false,"_monsterinsights_sitenote_note":"","_monsterinsights_sitenote_category":0},"product_brand":[],"product_cat":[97],"product_tag":[],"class_list":{"0":"post-186458","1":"product","2":"type-product","3":"status-publish","4":"has-post-thumbnail","6":"product_cat-salut","8":"first","9":"instock","10":"taxable","11":"shipping-taxable","12":"purchasable","13":"product-type-simple"},"acf":{"autor":"CHIZU SAEKI","codart":"841607630","libros-coleccion":"LIBRO PR\u00c1CTICO","ediciones":"1","encuadernacion":"R\u00fastica","fecha_de_publicacion":"01\/04\/2018","novedad":"1","paginas":"124","subtitulo":"","orden":"0","portada":"0","idioma":"spa","editorial":[{"ID":6391,"post_author":"3","post_date":"2022-07-28 17:51:09","post_date_gmt":"2022-07-28 15:51:09","post_content":"","post_title":"Vergara (Ediciones B)","post_excerpt":"","post_status":"publish","comment_status":"closed","ping_status":"closed","post_password":"","post_name":"vergara-ediciones-b","to_ping":"","pinged":"","post_modified":"2022-07-28 17:51:09","post_modified_gmt":"2022-07-28 15:51:09","post_content_filtered":"","post_parent":0,"guid":"http:\/\/dev.claret.cat\/editorial\/vergara-ediciones-b\/","menu_order":0,"post_type":"editorial","post_mime_type":"","comment_count":"0","filter":"raw"}]},"aioseo_notices":[],"_links":{"self":[{"href":"https:\/\/www.claret.cat\/es\/wp-json\/wp\/v2\/product\/186458","targetHints":{"allow":["GET"]}}],"collection":[{"href":"https:\/\/www.claret.cat\/es\/wp-json\/wp\/v2\/product"}],"about":[{"href":"https:\/\/www.claret.cat\/es\/wp-json\/wp\/v2\/types\/product"}],"wp:featuredmedia":[{"embeddable":true,"href":"https:\/\/www.claret.cat\/es\/wp-json\/wp\/v2\/media\/186459"}],"wp:attachment":[{"href":"https:\/\/www.claret.cat\/es\/wp-json\/wp\/v2\/media?parent=186458"}],"wp:term":[{"taxonomy":"product_brand","embeddable":true,"href":"https:\/\/www.claret.cat\/es\/wp-json\/wp\/v2\/product_brand?post=186458"},{"taxonomy":"product_cat","embeddable":true,"href":"https:\/\/www.claret.cat\/es\/wp-json\/wp\/v2\/product_cat?post=186458"},{"taxonomy":"product_tag","embeddable":true,"href":"https:\/\/www.claret.cat\/es\/wp-json\/wp\/v2\/product_tag?post=186458"}],"curies":[{"name":"wp","href":"https:\/\/api.w.org\/{rel}","templated":true}]}}