{"id":186539,"date":"2022-10-20T04:58:30","date_gmt":"2022-10-20T02:58:30","guid":{"rendered":"http:\/\/dev.claret.cat\/producte\/la-ropa\/"},"modified":"2023-01-28T11:42:32","modified_gmt":"2023-01-28T10:42:32","slug":"la-ropa-9788417254476","status":"publish","type":"product","link":"https:\/\/www.claret.cat\/es\/libro\/la-ropa-9788417254476\/","title":{"rendered":"LA ROPA"},"content":{"rendered":"<p>\u00a1Qu\u00e9 bien! El sol brilla. Podr\u00e1s ponerte tu ropa de verano. \u00bfSabes de qu\u00e9 est\u00e1 hecha? Levanta la solapa y descubrir\u00e1s una flor de algod\u00f3n y camisetas de todos los colores. Tambi\u00e9n encontrar\u00e1s un vestido, el traje de ba\u00f1o, la gorra y las sandalias&#8230;<br \/> \u00a1Asimismo podr\u00e1s descubrir la ropa para la lluvia, la nieve, para no pasar fr\u00edo&#8230; y para ir a la cama!<br \/> Mirando bajo las solapas y haciendo girar las peque\u00f1as rueda pasamos de una sorpresa a la siguiente: los jers\u00e9is de lana proceden de las ovejas, podemos cambiar el dibujo de una sudadera con capucha&#8230;<\/p>\n","protected":false},"excerpt":{"rendered":"<p>FOUQUIER, ELSA<\/p>\n","protected":false},"featured_media":186540,"template":"","meta":{"_acf_changed":false,"om_disable_all_campaigns":false,"rs_blank_template":"","rs_page_bg_color":"","slide_template_v7":"","inline_featured_image":false,"_monsterinsights_skip_tracking":false,"_monsterinsights_sitenote_active":false,"_monsterinsights_sitenote_note":"","_monsterinsights_sitenote_category":0},"product_brand":[],"product_cat":[86],"product_tag":[],"class_list":{"0":"post-186539","1":"product","2":"type-product","3":"status-publish","4":"has-post-thumbnail","6":"product_cat-infantil","8":"first","9":"instock","10":"taxable","11":"shipping-taxable","12":"purchasable","13":"product-type-simple"},"acf":{"autor":"FOUQUIER, ELSA","codart":"841725447","libros-coleccion":"Mis primeros descubrimientos","ediciones":"1","encuadernacion":"Carton\u00e9","fecha_de_publicacion":"01\/04\/2018","novedad":"1","paginas":"12","subtitulo":"","orden":"0","portada":"0","idioma":"spa","editorial":[{"ID":147554,"post_author":"3","post_date":"2022-10-14 11:51:27","post_date_gmt":"2022-10-14 09:51:27","post_content":"","post_title":"BLUME (Naturart)","post_excerpt":"","post_status":"publish","comment_status":"closed","ping_status":"closed","post_password":"","post_name":"blume-naturart","to_ping":"","pinged":"","post_modified":"2022-10-14 11:51:27","post_modified_gmt":"2022-10-14 09:51:27","post_content_filtered":"","post_parent":0,"guid":"http:\/\/dev.claret.cat\/editorial\/blume-naturart\/","menu_order":0,"post_type":"editorial","post_mime_type":"","comment_count":"0","filter":"raw"}],"autores-libros":[{"ID":5444,"post_author":"3","post_date":"2022-07-28 17:24:05","post_date_gmt":"2022-07-28 15:24:05","post_content":"","post_title":"ELSA FOUQUIER","post_excerpt":"","post_status":"publish","comment_status":"closed","ping_status":"closed","post_password":"","post_name":"elsa-fouquier","to_ping":"","pinged":"","post_modified":"2022-07-28 17:24:05","post_modified_gmt":"2022-07-28 15:24:05","post_content_filtered":"","post_parent":0,"guid":"http:\/\/dev.claret.cat\/autor\/elsa-fouquier\/","menu_order":0,"post_type":"autor","post_mime_type":"","comment_count":"0","filter":"raw"}]},"aioseo_notices":[],"_links":{"self":[{"href":"https:\/\/www.claret.cat\/es\/wp-json\/wp\/v2\/product\/186539","targetHints":{"allow":["GET"]}}],"collection":[{"href":"https:\/\/www.claret.cat\/es\/wp-json\/wp\/v2\/product"}],"about":[{"href":"https:\/\/www.claret.cat\/es\/wp-json\/wp\/v2\/types\/product"}],"wp:featuredmedia":[{"embeddable":true,"href":"https:\/\/www.claret.cat\/es\/wp-json\/wp\/v2\/media\/186540"}],"wp:attachment":[{"href":"https:\/\/www.claret.cat\/es\/wp-json\/wp\/v2\/media?parent=186539"}],"wp:term":[{"taxonomy":"product_brand","embeddable":true,"href":"https:\/\/www.claret.cat\/es\/wp-json\/wp\/v2\/product_brand?post=186539"},{"taxonomy":"product_cat","embeddable":true,"href":"https:\/\/www.claret.cat\/es\/wp-json\/wp\/v2\/product_cat?post=186539"},{"taxonomy":"product_tag","embeddable":true,"href":"https:\/\/www.claret.cat\/es\/wp-json\/wp\/v2\/product_tag?post=186539"}],"curies":[{"name":"wp","href":"https:\/\/api.w.org\/{rel}","templated":true}]}}