{"id":186569,"date":"2022-10-20T04:59:00","date_gmt":"2022-10-20T02:59:00","guid":{"rendered":"http:\/\/dev.claret.cat\/producte\/los-trabajos-de-hercules-2\/"},"modified":"2025-02-04T17:41:36","modified_gmt":"2025-02-04T16:41:36","slug":"los-trabajos-de-hercules-9788424937928","status":"publish","type":"product","link":"https:\/\/www.claret.cat\/es\/libro\/los-trabajos-de-hercules-9788424937928\/","title":{"rendered":"LOS TRABAJOS DE H\u00c9RCULES"},"content":{"rendered":"<p>Son los celos de Hera, la mujer de Zeus, los que desencadenan la desgracia de H\u00e9rcules. El h\u00e9roe, hijo del dios m\u00e1s poderoso del Olimpo, se ve obligado a abandonarlo todo y someterse a los designios del hombre que m\u00e1s odia: Euristeo, rey de Argos. Como penitencia, deber\u00e1 cumplir las doce dif\u00edciles pruebas que se le encomiendan y que parecen imposibles. H\u00e9rcules es, probablemente, el h\u00e9roe de la mitolog\u00eda grecorromana por antonomasia y su figura, de fuerza sobrehumana, una de las m\u00e1s populares de la cultura occidental.<\/p>\n","protected":false},"excerpt":{"rendered":"<p>SOUVIRON GUIJO, BERNARDO<\/p>\n","protected":false},"featured_media":186570,"template":"","meta":{"_acf_changed":false,"om_disable_all_campaigns":false,"rs_blank_template":"","rs_page_bg_color":"","slide_template_v7":"","inline_featured_image":false,"_monsterinsights_skip_tracking":false,"_monsterinsights_sitenote_active":false,"_monsterinsights_sitenote_note":"","_monsterinsights_sitenote_category":0},"product_brand":[],"product_cat":[353,87,544,94,84,350],"product_tag":[],"class_list":{"0":"post-186569","1":"product","2":"type-product","3":"status-publish","4":"has-post-thumbnail","6":"product_cat-literatura-2_humanidades","7":"product_cat-literatura","8":"product_cat-religiones","9":"product_cat-religions","10":"product_cat-sociologia","11":"product_cat-sociologia-2_humanidades","13":"first","14":"instock","15":"taxable","16":"shipping-taxable","17":"purchasable","18":"product-type-simple"},"acf":{"autor":"SOUVIRON GUIJO, BERNARDO","codart":"842493792","libros-coleccion":"MITOLOGIA","ediciones":"1","encuadernacion":"Carton\u00e9","fecha_de_publicacion":"01\/04\/2018","novedad":"1","paginas":"128","subtitulo":"","orden":"0","portada":"0","idioma":"spa","editorial":[{"ID":148225,"post_author":"3","post_date":"2022-10-14 11:56:36","post_date_gmt":"2022-10-14 09:56:36","post_content":"","post_title":"Gredos","post_excerpt":"","post_status":"publish","comment_status":"closed","ping_status":"closed","post_password":"","post_name":"gredos","to_ping":"","pinged":"","post_modified":"2022-10-14 11:56:36","post_modified_gmt":"2022-10-14 09:56:36","post_content_filtered":"","post_parent":0,"guid":"http:\/\/dev.claret.cat\/editorial\/gredos\/","menu_order":0,"post_type":"editorial","post_mime_type":"","comment_count":"0","filter":"raw"}],"autores-libros":[{"ID":151629,"post_author":"3","post_date":"2022-10-14 14:42:23","post_date_gmt":"2022-10-14 12:42:23","post_content":"","post_title":"BERNARDO SOUVIR\u00d3N GUIJO","post_excerpt":"","post_status":"publish","comment_status":"closed","ping_status":"closed","post_password":"","post_name":"bernardo-souviron-guijo","to_ping":"","pinged":"","post_modified":"2022-10-14 14:42:23","post_modified_gmt":"2022-10-14 12:42:23","post_content_filtered":"","post_parent":0,"guid":"http:\/\/dev.claret.cat\/autor\/bernardo-souviron-guijo\/","menu_order":0,"post_type":"autor","post_mime_type":"","comment_count":"0","filter":"raw"}]},"aioseo_notices":[],"_links":{"self":[{"href":"https:\/\/www.claret.cat\/es\/wp-json\/wp\/v2\/product\/186569","targetHints":{"allow":["GET"]}}],"collection":[{"href":"https:\/\/www.claret.cat\/es\/wp-json\/wp\/v2\/product"}],"about":[{"href":"https:\/\/www.claret.cat\/es\/wp-json\/wp\/v2\/types\/product"}],"wp:featuredmedia":[{"embeddable":true,"href":"https:\/\/www.claret.cat\/es\/wp-json\/wp\/v2\/media\/186570"}],"wp:attachment":[{"href":"https:\/\/www.claret.cat\/es\/wp-json\/wp\/v2\/media?parent=186569"}],"wp:term":[{"taxonomy":"product_brand","embeddable":true,"href":"https:\/\/www.claret.cat\/es\/wp-json\/wp\/v2\/product_brand?post=186569"},{"taxonomy":"product_cat","embeddable":true,"href":"https:\/\/www.claret.cat\/es\/wp-json\/wp\/v2\/product_cat?post=186569"},{"taxonomy":"product_tag","embeddable":true,"href":"https:\/\/www.claret.cat\/es\/wp-json\/wp\/v2\/product_tag?post=186569"}],"curies":[{"name":"wp","href":"https:\/\/api.w.org\/{rel}","templated":true}]}}